{"id":3538701,"date":"2026-02-04T00:28:51","date_gmt":"2026-02-03T23:28:51","guid":{"rendered":"https:\/\/streetmarkets.fr\/app\/produit\/charms-porte-carte-brode-piment\/"},"modified":"2026-03-11T00:28:34","modified_gmt":"2026-03-10T23:28:34","slug":"charms-porte-carte-brode-piment","status":"publish","type":"product","link":"https:\/\/streetmarkets.fr\/app\/produit\/charms-porte-carte-brode-piment\/","title":{"rendered":"Charms porte carte brod\u00e9 Piment"},"content":{"rendered":"<p>Charms porte carte brod\u00e9 fait main<\/p>\n<div class=\"page\" title=\"Page 8\">\n<div class=\"section\">\n<div class=\"layoutArea\">\n<div class=\"column\">D\u00e9couvre notre nouveaut\u00e9 brod\u00e9e : le charms porte carte ! Pratique et tendance, tu peux y mettre toutes tes cartes et pi\u00e8ces et l&#8217;accrocher \u00e0 ton sac ou ta ceinture. Enti\u00e8rement confectionn\u00e9 et brod\u00e9 dans notre atelier \u00e0 Marseille, il est 100% fait main en France, avec nos chutes de tissus. avec amour et patience. Pens\u00e9 pour celles et ceux qui osent, elles ajoutent une touche de couleur et d\u2019audace \u00e0 tes accessoires.<\/div>\n<\/div>\n<\/div>\n<\/div>\n<p>&nbsp;<\/p>\n<div class=\"page\" title=\"Page 8\">\n<div class=\"section\">\n<div class=\"layoutArea\">\n<div class=\"column\">\n<ul>\n<li>Fabriqu\u00e9 et brod\u00e9 \u00e0 Marseille<\/li>\n<li>Fermeture bouton pression<\/li>\n<li>2 rangements pour tes cartes<\/li>\n<li data-start=\"137\" data-end=\"332\">Disponible en 3 motifs &amp; broderies<\/li>\n<li>Emball\u00e9 dans sa bo\u00eete cadeau Francosse<\/li>\n<li>D\u00e9lai d\u2019envoi entre 2 et 5 jours ouvr\u00e9s<\/li>\n<\/ul>\n<\/div>\n<\/div>\n<\/div>\n<\/div>\n","protected":false},"excerpt":{"rendered":"<p>Charms porte carte brod\u00e9 fait main D\u00e9couvre notre nouveaut\u00e9 brod\u00e9e : le charms porte carte ! Pratique et tendance, tu peux y mettre toutes tes cartes et pi\u00e8ces et l&#8217;accrocher \u00e0 ton sac ou ta ceinture. Enti\u00e8rement confectionn\u00e9 et brod\u00e9 dans notre atelier \u00e0 Marseille, il est 100% fait main en France, avec nos chutes [&hellip;]<\/p>\n","protected":false},"featured_media":3538702,"comment_status":"open","ping_status":"closed","template":"","meta":[],"product_brand":[],"product_cat":[],"product_tag":[],"acf":[],"_links":{"self":[{"href":"https:\/\/streetmarkets.fr\/app\/wp-json\/wp\/v2\/product\/3538701"}],"collection":[{"href":"https:\/\/streetmarkets.fr\/app\/wp-json\/wp\/v2\/product"}],"about":[{"href":"https:\/\/streetmarkets.fr\/app\/wp-json\/wp\/v2\/types\/product"}],"replies":[{"embeddable":true,"href":"https:\/\/streetmarkets.fr\/app\/wp-json\/wp\/v2\/comments?post=3538701"}],"wp:featuredmedia":[{"embeddable":true,"href":"https:\/\/streetmarkets.fr\/app\/wp-json\/wp\/v2\/media\/3538702"}],"wp:attachment":[{"href":"https:\/\/streetmarkets.fr\/app\/wp-json\/wp\/v2\/media?parent=3538701"}],"wp:term":[{"taxonomy":"product_brand","embeddable":true,"href":"https:\/\/streetmarkets.fr\/app\/wp-json\/wp\/v2\/product_brand?post=3538701"},{"taxonomy":"product_cat","embeddable":true,"href":"https:\/\/streetmarkets.fr\/app\/wp-json\/wp\/v2\/product_cat?post=3538701"},{"taxonomy":"product_tag","embeddable":true,"href":"https:\/\/streetmarkets.fr\/app\/wp-json\/wp\/v2\/product_tag?post=3538701"}],"curies":[{"name":"wp","href":"https:\/\/api.w.org\/{rel}","templated":true}]}}