{"id":3538683,"date":"2026-02-04T00:28:48","date_gmt":"2026-02-03T23:28:48","guid":{"rendered":"https:\/\/streetmarkets.fr\/app\/produit\/chaussettes-bisous\/"},"modified":"2026-03-11T00:28:34","modified_gmt":"2026-03-10T23:28:34","slug":"chaussettes-bisous","status":"publish","type":"product","link":"https:\/\/streetmarkets.fr\/app\/produit\/chaussettes-bisous\/","title":{"rendered":"Chaussettes Bisous"},"content":{"rendered":"<p>Chaussettes brod\u00e9es en coton<\/p>\n<div class=\"page\" title=\"Page 8\">\n<div class=\"section\">\n<div class=\"layoutArea\">\n<div class=\"column\">D\u00e9couvre nos nouvelles chaussettes brod\u00e9es en coton c\u00f4tel\u00e9!\u00a0 Avec ses broderies &#8220;Bisous&#8221;, elles sont brod\u00e9es dans notre atelier \u00e0 Marseille, avec amour et patience. Pens\u00e9 pour celles et ceux qui osent, elles ajoutent une touche de couleur et d\u2019audace \u00e0 tes tenues,\u00a0 et sont sans doute la meilleure id\u00e9e cadeau \u00e0 petit prix !<\/div>\n<\/div>\n<\/div>\n<\/div>\n<p>&nbsp;<\/p>\n<div class=\"page\" title=\"Page 8\">\n<div class=\"section\">\n<div class=\"layoutArea\">\n<div class=\"column\">\n<ul>\n<li>Chaussettes en coton<\/li>\n<li>Brod\u00e9es \u00e0 Marseille<\/li>\n<li data-start=\"137\" data-end=\"332\">Broderie originale et impertinente, parce que les d\u00e9tails font tout<\/li>\n<li>Emball\u00e9 dans sa bo\u00eete cadeau Francosse<\/li>\n<li>D\u00e9lai d\u2019envoi entre 2 et 5 jours ouvr\u00e9s<\/li>\n<\/ul>\n<\/div>\n<\/div>\n<\/div>\n<\/div>\n","protected":false},"excerpt":{"rendered":"<p>Chaussettes brod\u00e9es en coton D\u00e9couvre nos nouvelles chaussettes brod\u00e9es en coton c\u00f4tel\u00e9!\u00a0 Avec ses broderies &#8220;Bisous&#8221;, elles sont brod\u00e9es dans notre atelier \u00e0 Marseille, avec amour et patience. Pens\u00e9 pour celles et ceux qui osent, elles ajoutent une touche de couleur et d\u2019audace \u00e0 tes tenues,\u00a0 et sont sans doute la meilleure id\u00e9e cadeau \u00e0 [&hellip;]<\/p>\n","protected":false},"featured_media":3538684,"comment_status":"open","ping_status":"closed","template":"","meta":[],"product_brand":[],"product_cat":[],"product_tag":[],"acf":[],"_links":{"self":[{"href":"https:\/\/streetmarkets.fr\/app\/wp-json\/wp\/v2\/product\/3538683"}],"collection":[{"href":"https:\/\/streetmarkets.fr\/app\/wp-json\/wp\/v2\/product"}],"about":[{"href":"https:\/\/streetmarkets.fr\/app\/wp-json\/wp\/v2\/types\/product"}],"replies":[{"embeddable":true,"href":"https:\/\/streetmarkets.fr\/app\/wp-json\/wp\/v2\/comments?post=3538683"}],"wp:featuredmedia":[{"embeddable":true,"href":"https:\/\/streetmarkets.fr\/app\/wp-json\/wp\/v2\/media\/3538684"}],"wp:attachment":[{"href":"https:\/\/streetmarkets.fr\/app\/wp-json\/wp\/v2\/media?parent=3538683"}],"wp:term":[{"taxonomy":"product_brand","embeddable":true,"href":"https:\/\/streetmarkets.fr\/app\/wp-json\/wp\/v2\/product_brand?post=3538683"},{"taxonomy":"product_cat","embeddable":true,"href":"https:\/\/streetmarkets.fr\/app\/wp-json\/wp\/v2\/product_cat?post=3538683"},{"taxonomy":"product_tag","embeddable":true,"href":"https:\/\/streetmarkets.fr\/app\/wp-json\/wp\/v2\/product_tag?post=3538683"}],"curies":[{"name":"wp","href":"https:\/\/api.w.org\/{rel}","templated":true}]}}