{"id":3538480,"date":"2026-02-04T00:28:27","date_gmt":"2026-02-03T23:28:27","guid":{"rendered":"https:\/\/streetmarkets.fr\/app\/produit\/bonnet-bonjour-paris\/"},"modified":"2026-03-11T00:28:26","modified_gmt":"2026-03-10T23:28:26","slug":"bonnet-bonjour-paris","status":"publish","type":"product","link":"https:\/\/streetmarkets.fr\/app\/produit\/bonnet-bonjour-paris\/","title":{"rendered":"Bonnet Bonjour Paris"},"content":{"rendered":"<p>Bonnet 100% coton brod\u00e9<\/p>\n<p data-start=\"137\" data-end=\"332\">C&#8217;est la pi\u00e8ce Studio Francosse qu&#8217;il manquait \u00e0 ton dressing d&#8217;hiver\u00a0 : notre bonnet brod\u00e9 100% coton, doux, chaud et ultra styl\u00e9. Avec sa broderie &#8220;Bonjour Paris&#8221;, il est brod\u00e9 dans notre atelier \u00e0 Marseille, avec amour et patience. Pens\u00e9 pour celles et ceux qui osent, il ajoute une touche de couleur et d\u2019audace \u00e0 tes tenues, te tient au chaud l&#8217;hiver, et est sans doute la meilleure id\u00e9e cadeau pour No\u00ebl pour coffee &amp; croissants addicts !<\/p>\n<ul>\n<li data-start=\"137\" data-end=\"332\">Bonnet unisexe 100% coton<\/li>\n<li data-start=\"137\" data-end=\"332\">Taille unique<\/li>\n<li data-start=\"137\" data-end=\"332\">Disponible en 3 coloris, pour matcher ton mood du jour<\/li>\n<li data-start=\"137\" data-end=\"332\">Broderie originale et impertinente, parce que les d\u00e9tails font tout<\/li>\n<li>Emball\u00e9 dans sa bo\u00eete cadeau Francosse<\/li>\n<li>D\u00e9lai d\u2019envoi entre 2 et 5 jours ouvr\u00e9s<\/li>\n<\/ul>\n","protected":false},"excerpt":{"rendered":"<p>Bonnet 100% coton brod\u00e9 C&#8217;est la pi\u00e8ce Studio Francosse qu&#8217;il manquait \u00e0 ton dressing d&#8217;hiver\u00a0 : notre bonnet brod\u00e9 100% coton, doux, chaud et ultra styl\u00e9. Avec sa broderie &#8220;Bonjour Paris&#8221;, il est brod\u00e9 dans notre atelier \u00e0 Marseille, avec amour et patience. Pens\u00e9 pour celles et ceux qui osent, il ajoute une touche de [&hellip;]<\/p>\n","protected":false},"featured_media":3538481,"comment_status":"open","ping_status":"closed","template":"","meta":[],"product_brand":[],"product_cat":[],"product_tag":[],"acf":[],"_links":{"self":[{"href":"https:\/\/streetmarkets.fr\/app\/wp-json\/wp\/v2\/product\/3538480"}],"collection":[{"href":"https:\/\/streetmarkets.fr\/app\/wp-json\/wp\/v2\/product"}],"about":[{"href":"https:\/\/streetmarkets.fr\/app\/wp-json\/wp\/v2\/types\/product"}],"replies":[{"embeddable":true,"href":"https:\/\/streetmarkets.fr\/app\/wp-json\/wp\/v2\/comments?post=3538480"}],"wp:featuredmedia":[{"embeddable":true,"href":"https:\/\/streetmarkets.fr\/app\/wp-json\/wp\/v2\/media\/3538481"}],"wp:attachment":[{"href":"https:\/\/streetmarkets.fr\/app\/wp-json\/wp\/v2\/media?parent=3538480"}],"wp:term":[{"taxonomy":"product_brand","embeddable":true,"href":"https:\/\/streetmarkets.fr\/app\/wp-json\/wp\/v2\/product_brand?post=3538480"},{"taxonomy":"product_cat","embeddable":true,"href":"https:\/\/streetmarkets.fr\/app\/wp-json\/wp\/v2\/product_cat?post=3538480"},{"taxonomy":"product_tag","embeddable":true,"href":"https:\/\/streetmarkets.fr\/app\/wp-json\/wp\/v2\/product_tag?post=3538480"}],"curies":[{"name":"wp","href":"https:\/\/api.w.org\/{rel}","templated":true}]}}