{"id":3538458,"date":"2026-02-04T00:28:26","date_gmt":"2026-02-03T23:28:26","guid":{"rendered":"https:\/\/streetmarkets.fr\/app\/produit\/chaussettes-teckel-lover-club\/"},"modified":"2026-03-11T00:28:25","modified_gmt":"2026-03-10T23:28:25","slug":"chaussettes-teckel-lover-club","status":"publish","type":"product","link":"https:\/\/streetmarkets.fr\/app\/produit\/chaussettes-teckel-lover-club\/","title":{"rendered":"Chaussettes Teckel Lover Club"},"content":{"rendered":"<p>Chaussettes brod\u00e9es en laine et cachemire<\/p>\n<div class=\"page\" title=\"Page 8\">\n<div class=\"section\">\n<div class=\"layoutArea\">\n<div class=\"column\">D\u00e9couvre notre nouveaut\u00e9 brod\u00e9e d&#8217;hiver toute douce pour les amoureux des teckels ! LA pi\u00e8ce Studio Francosse qu&#8217;il te manquait\u00a0 : nos chaussettes brod\u00e9es en laine et cachemire, si douces et chaudes qu&#8217;on voudrait ne jamais les quitter !\u00a0 Avec ses broderies d\u00e9clin\u00e9es\u00a0 &#8220;Teckel Lover Club&#8221;, elles sont brod\u00e9es dans notre atelier \u00e0 Marseille, avec amour et patience. Pens\u00e9 pour celles et ceux qui osent, elles ajoutent une touche de couleur et d\u2019audace \u00e0 tes tenues, te tiennent au chaud l&#8217;hiver, et sont sans doute la meilleure id\u00e9e cadeau pour No\u00ebl !<\/div>\n<\/div>\n<\/div>\n<\/div>\n<p>&nbsp;<\/p>\n<div class=\"page\" title=\"Page 8\">\n<div class=\"section\">\n<div class=\"layoutArea\">\n<div class=\"column\">\n<ul>\n<li>Chaussettes en laine et cachemire<\/li>\n<li>Fabriqu\u00e9es en Italie, brod\u00e9es \u00e0 Marseille<\/li>\n<li data-start=\"137\" data-end=\"332\">Disponible en 3 coloris, pour matcher ton mood du jour<\/li>\n<li data-start=\"137\" data-end=\"332\">Broderie originale et impertinente, parce que les d\u00e9tails font tout<\/li>\n<li>Emball\u00e9 dans sa bo\u00eete cadeau Francosse<\/li>\n<li>D\u00e9lai d\u2019envoi entre 2 et 5 jours ouvr\u00e9s<\/li>\n<\/ul>\n<\/div>\n<\/div>\n<\/div>\n<\/div>\n","protected":false},"excerpt":{"rendered":"<p>Chaussettes brod\u00e9es en laine et cachemire D\u00e9couvre notre nouveaut\u00e9 brod\u00e9e d&#8217;hiver toute douce pour les amoureux des teckels ! LA pi\u00e8ce Studio Francosse qu&#8217;il te manquait\u00a0 : nos chaussettes brod\u00e9es en laine et cachemire, si douces et chaudes qu&#8217;on voudrait ne jamais les quitter !\u00a0 Avec ses broderies d\u00e9clin\u00e9es\u00a0 &#8220;Teckel Lover Club&#8221;, elles sont brod\u00e9es [&hellip;]<\/p>\n","protected":false},"featured_media":3538459,"comment_status":"open","ping_status":"closed","template":"","meta":[],"product_brand":[],"product_cat":[],"product_tag":[],"acf":[],"_links":{"self":[{"href":"https:\/\/streetmarkets.fr\/app\/wp-json\/wp\/v2\/product\/3538458"}],"collection":[{"href":"https:\/\/streetmarkets.fr\/app\/wp-json\/wp\/v2\/product"}],"about":[{"href":"https:\/\/streetmarkets.fr\/app\/wp-json\/wp\/v2\/types\/product"}],"replies":[{"embeddable":true,"href":"https:\/\/streetmarkets.fr\/app\/wp-json\/wp\/v2\/comments?post=3538458"}],"wp:featuredmedia":[{"embeddable":true,"href":"https:\/\/streetmarkets.fr\/app\/wp-json\/wp\/v2\/media\/3538459"}],"wp:attachment":[{"href":"https:\/\/streetmarkets.fr\/app\/wp-json\/wp\/v2\/media?parent=3538458"}],"wp:term":[{"taxonomy":"product_brand","embeddable":true,"href":"https:\/\/streetmarkets.fr\/app\/wp-json\/wp\/v2\/product_brand?post=3538458"},{"taxonomy":"product_cat","embeddable":true,"href":"https:\/\/streetmarkets.fr\/app\/wp-json\/wp\/v2\/product_cat?post=3538458"},{"taxonomy":"product_tag","embeddable":true,"href":"https:\/\/streetmarkets.fr\/app\/wp-json\/wp\/v2\/product_tag?post=3538458"}],"curies":[{"name":"wp","href":"https:\/\/api.w.org\/{rel}","templated":true}]}}