{"id":3538093,"date":"2026-02-04T00:27:54","date_gmt":"2026-02-03T23:27:54","guid":{"rendered":"https:\/\/streetmarkets.fr\/app\/produit\/sweat-teckel-lover-club\/"},"modified":"2026-03-11T00:28:25","modified_gmt":"2026-03-10T23:28:25","slug":"sweat-teckel-lover-club","status":"publish","type":"product","link":"https:\/\/streetmarkets.fr\/app\/produit\/sweat-teckel-lover-club\/","title":{"rendered":"Sweat Teckel Lover Club"},"content":{"rendered":"<p>Sweat brod\u00e9 100% coton bio<\/p>\n<div class=\"page\" title=\"Page 7\">\n<div class=\"section\">\n<div class=\"layoutArea\">\n<div class=\"column\">\n<p>D\u00e9couvrez notre nouveau sweat brod\u00e9 &#8220;Teckel Lover Club&#8221;, la future star de votre dressing, une pi\u00e8ce unique confectionn\u00e9e avec amour \u00e0 Marseille. S\u00e9lectionn\u00e9 pour ses couleurs p\u00e9tillantes, sa mati\u00e8re ultra douce, chaude et molletonn\u00e9e, et sa coupe parfaite, notre sweat 100% coton bio est brod\u00e9 dans notre atelier Marseille. Qui a dit qu&#8217;on ne pouvait pas \u00eatre confort et styl\u00e9e en m\u00eame temps ? Notre nouveau sweat brod\u00e9 nous rappelle nos dimanches chill et nos pyjama\u00a0 party entre copines, mais rend surtout hommage \u00e0 nos meilleurs amis \u00e0 4 pattes, et plus pr\u00e9cis\u00e9ment les petits teckels !<\/p>\n<\/div>\n<\/div>\n<\/div>\n<\/div>\n<p>&nbsp;<\/p>\n<p>&nbsp;<\/p>\n<p>&nbsp;<\/p>\n<p>&nbsp;<\/p>\n<div class=\"page\" title=\"Page 7\">\n<div class=\"section\">\n<div class=\"layoutArea\">\n<div class=\"column\">\n<ul>\n<li>Sweatshirt 100% coton bio ultra doux<\/li>\n<li>Coupe femme oversize<\/li>\n<li>Brod\u00e9 dans notre atelier \u00e0 Marseille<\/li>\n<li>Broderie sur le c\u0153ur et sur la manche<\/li>\n<li>Molletonn\u00e9 \u00e0 l\u2019int\u00e9rieur<\/li>\n<li>D\u00e9lai d\u2019envoi entre 1 et 5 jours ouvr\u00e9s<\/li>\n<\/ul>\n<\/div>\n<\/div>\n<\/div>\n<\/div>\n<div class=\"page\" title=\"Page 8\">\n<div class=\"section\">\n<div class=\"layoutArea\">\n<div class=\"column\"><\/div>\n<\/div>\n<\/div>\n<\/div>\n","protected":false},"excerpt":{"rendered":"<p>Sweat brod\u00e9 100% coton bio D\u00e9couvrez notre nouveau sweat brod\u00e9 &#8220;Teckel Lover Club&#8221;, la future star de votre dressing, une pi\u00e8ce unique confectionn\u00e9e avec amour \u00e0 Marseille. S\u00e9lectionn\u00e9 pour ses couleurs p\u00e9tillantes, sa mati\u00e8re ultra douce, chaude et molletonn\u00e9e, et sa coupe parfaite, notre sweat 100% coton bio est brod\u00e9 dans notre atelier Marseille. Qui [&hellip;]<\/p>\n","protected":false},"featured_media":3538094,"comment_status":"open","ping_status":"closed","template":"","meta":[],"product_brand":[],"product_cat":[],"product_tag":[],"acf":[],"_links":{"self":[{"href":"https:\/\/streetmarkets.fr\/app\/wp-json\/wp\/v2\/product\/3538093"}],"collection":[{"href":"https:\/\/streetmarkets.fr\/app\/wp-json\/wp\/v2\/product"}],"about":[{"href":"https:\/\/streetmarkets.fr\/app\/wp-json\/wp\/v2\/types\/product"}],"replies":[{"embeddable":true,"href":"https:\/\/streetmarkets.fr\/app\/wp-json\/wp\/v2\/comments?post=3538093"}],"wp:featuredmedia":[{"embeddable":true,"href":"https:\/\/streetmarkets.fr\/app\/wp-json\/wp\/v2\/media\/3538094"}],"wp:attachment":[{"href":"https:\/\/streetmarkets.fr\/app\/wp-json\/wp\/v2\/media?parent=3538093"}],"wp:term":[{"taxonomy":"product_brand","embeddable":true,"href":"https:\/\/streetmarkets.fr\/app\/wp-json\/wp\/v2\/product_brand?post=3538093"},{"taxonomy":"product_cat","embeddable":true,"href":"https:\/\/streetmarkets.fr\/app\/wp-json\/wp\/v2\/product_cat?post=3538093"},{"taxonomy":"product_tag","embeddable":true,"href":"https:\/\/streetmarkets.fr\/app\/wp-json\/wp\/v2\/product_tag?post=3538093"}],"curies":[{"name":"wp","href":"https:\/\/api.w.org\/{rel}","templated":true}]}}