{"id":3537979,"date":"2026-02-04T00:27:42","date_gmt":"2026-02-03T23:27:42","guid":{"rendered":"https:\/\/streetmarkets.fr\/app\/produit\/t-shirt-sunday-flemme\/"},"modified":"2026-03-11T00:28:25","modified_gmt":"2026-03-10T23:28:25","slug":"t-shirt-sunday-flemme","status":"publish","type":"product","link":"https:\/\/streetmarkets.fr\/app\/produit\/t-shirt-sunday-flemme\/","title":{"rendered":"T-shirt Sunday Flemme"},"content":{"rendered":"<p>T-shirt brod\u00e9 100% coton<\/p>\n<div class=\"page\" title=\"Page 5\">\n<div class=\"section\">\n<div class=\"layoutArea\">\n<div class=\"column\">\n<p>D\u00e9couvrez notre nouveau t-shirt brod\u00e9 &#8220;Sunday Flemme&#8221;, la future star de votre dressing, une pi\u00e8ce unique confectionn\u00e9e avec amour \u00e0 Marseille. S\u00e9lectionn\u00e9 pour sa douceur et sa coupe unisexe parfaite, notre t-shirt 100% coton est brod\u00e9 dans notre atelier Marseille. Qui a dit qu&#8217;on ne pouvait pas \u00eatre confort et styl\u00e9e en m\u00eame temps ? Notre nouveau t-shirt brod\u00e9 vous rappelle vos dimanches chill et vos pyjama party entre copines, et match votre mood du jour !<\/p>\n<div class=\"section\">\n<div class=\"layoutArea\">\n<div class=\"column\">\n<p>&nbsp;<\/p>\n<\/div>\n<\/div>\n<\/div>\n<ul>\n<li>T-shirt 100% coton ultra doux<\/li>\n<li>Brod\u00e9 dans notre atelier \u00e0 Marseille<\/li>\n<li>Coupe unisexe, taille grand pour les femmes<\/li>\n<li>Se porte crop ou loose<\/li>\n<li>Emball\u00e9 dans sa bo\u00eete cadeau Francosse<\/li>\n<li>D\u00e9lai d\u2019envoi entre 1 et 5 jours ouvr\u00e9s<\/li>\n<li>Tenue parfaite en machine<\/li>\n<\/ul>\n<\/div>\n<\/div>\n<\/div>\n<\/div>\n","protected":false},"excerpt":{"rendered":"<p>T-shirt brod\u00e9 100% coton D\u00e9couvrez notre nouveau t-shirt brod\u00e9 &#8220;Sunday Flemme&#8221;, la future star de votre dressing, une pi\u00e8ce unique confectionn\u00e9e avec amour \u00e0 Marseille. S\u00e9lectionn\u00e9 pour sa douceur et sa coupe unisexe parfaite, notre t-shirt 100% coton est brod\u00e9 dans notre atelier Marseille. Qui a dit qu&#8217;on ne pouvait pas \u00eatre confort et styl\u00e9e [&hellip;]<\/p>\n","protected":false},"featured_media":3537980,"comment_status":"open","ping_status":"closed","template":"","meta":[],"product_brand":[],"product_cat":[],"product_tag":[],"acf":[],"_links":{"self":[{"href":"https:\/\/streetmarkets.fr\/app\/wp-json\/wp\/v2\/product\/3537979"}],"collection":[{"href":"https:\/\/streetmarkets.fr\/app\/wp-json\/wp\/v2\/product"}],"about":[{"href":"https:\/\/streetmarkets.fr\/app\/wp-json\/wp\/v2\/types\/product"}],"replies":[{"embeddable":true,"href":"https:\/\/streetmarkets.fr\/app\/wp-json\/wp\/v2\/comments?post=3537979"}],"wp:featuredmedia":[{"embeddable":true,"href":"https:\/\/streetmarkets.fr\/app\/wp-json\/wp\/v2\/media\/3537980"}],"wp:attachment":[{"href":"https:\/\/streetmarkets.fr\/app\/wp-json\/wp\/v2\/media?parent=3537979"}],"wp:term":[{"taxonomy":"product_brand","embeddable":true,"href":"https:\/\/streetmarkets.fr\/app\/wp-json\/wp\/v2\/product_brand?post=3537979"},{"taxonomy":"product_cat","embeddable":true,"href":"https:\/\/streetmarkets.fr\/app\/wp-json\/wp\/v2\/product_cat?post=3537979"},{"taxonomy":"product_tag","embeddable":true,"href":"https:\/\/streetmarkets.fr\/app\/wp-json\/wp\/v2\/product_tag?post=3537979"}],"curies":[{"name":"wp","href":"https:\/\/api.w.org\/{rel}","templated":true}]}}