{"id":3537943,"date":"2026-02-04T00:27:36","date_gmt":"2026-02-03T23:27:36","guid":{"rendered":"https:\/\/streetmarkets.fr\/app\/produit\/sweat-brode-personnalise-a-partir-dune-photo\/"},"modified":"2026-03-11T00:27:32","modified_gmt":"2026-03-10T23:27:32","slug":"sweat-brode-personnalise-a-partir-dune-photo","status":"publish","type":"product","link":"https:\/\/streetmarkets.fr\/app\/produit\/sweat-brode-personnalise-a-partir-dune-photo\/","title":{"rendered":"Sweat brod\u00e9 personnalis\u00e9 \u00e0 partir d&#8217;une photo"},"content":{"rendered":"<p>Sweat brod\u00e9 \u00e0 la main 100% coton bio<\/p>\n<div class=\"page\" title=\"Page 5\">\n<div class=\"section\">\n<div class=\"layoutArea\">\n<div class=\"column\">\n<p>Personnalisez votre sweat sur-mesure gra\u0302ce a\u0300 la broderie a\u0300 la main ! Pour un cadeau m\u00e9morable et original, ou tout simplement exprimer ta singularit\u00e9, d\u00e9couvre nos sweats 100% personnalisables. A\u0300 partir de la photo de votre choix, nous cre\u0301erons pour vous un sweat unique et me\u0301morable. S\u00e9lectionn\u00e9 pour ses couleurs p\u00e9tillantes, sa mati\u00e8re ultra douce, chaude et molletonn\u00e9e, et sa coupe parfaite, notre sweat 100% coton bio est brod\u00e9 dans notre atelier Marseille. Qui a dit qu&#8217;on ne pouvait pas \u00eatre confort et styl\u00e9e en m\u00eame temps ?<\/p>\n<\/div>\n<p>&nbsp;<\/p>\n<\/div>\n<\/div>\n<\/div>\n<div><\/div>\n<div><\/div>\n<div>\n<ul>\n<li>Sweatshirt 100% coton bio ultra doux<\/li>\n<li>Coupe femme oversize<\/li>\n<li>Brod\u00e9 dans notre atelier \u00e0 Marseille<\/li>\n<li>Broderie au centre ou sur le coeur<\/li>\n<li>Molletonn\u00e9 \u00e0 l\u2019int\u00e9rieur<\/li>\n<li>D\u00e9lai d\u2019envoi entre 1 et 5 jours ouvr\u00e9s<\/li>\n<\/ul>\n<\/div>\n<div><\/div>\n<div><em><strong>NB :<\/strong> Vous avez un encart pour pr\u00e9ciser les couleurs de la broderie. Par d\u00e9faut, les corps, visages, cheveux\u00a0 et accessoires sont brod\u00e9s en noir sur sweat rose et blanc et en blanc sur sweat vert. Si vous souhaitez que ce soit autrement, pr\u00e9cisez le. Vous pouvez aussi pr\u00e9ciser la couleur des v\u00eatements, du message brod\u00e9, etc. Soyez pr\u00e9cis !<\/em><\/div>\n","protected":false},"excerpt":{"rendered":"<p>Sweat brod\u00e9 \u00e0 la main 100% coton bio Personnalisez votre sweat sur-mesure gra\u0302ce a\u0300 la broderie a\u0300 la main ! Pour un cadeau m\u00e9morable et original, ou tout simplement exprimer ta singularit\u00e9, d\u00e9couvre nos sweats 100% personnalisables. A\u0300 partir de la photo de votre choix, nous cre\u0301erons pour vous un sweat unique et me\u0301morable. S\u00e9lectionn\u00e9 [&hellip;]<\/p>\n","protected":false},"featured_media":3537944,"comment_status":"open","ping_status":"closed","template":"","meta":[],"product_brand":[],"product_cat":[],"product_tag":[],"acf":[],"_links":{"self":[{"href":"https:\/\/streetmarkets.fr\/app\/wp-json\/wp\/v2\/product\/3537943"}],"collection":[{"href":"https:\/\/streetmarkets.fr\/app\/wp-json\/wp\/v2\/product"}],"about":[{"href":"https:\/\/streetmarkets.fr\/app\/wp-json\/wp\/v2\/types\/product"}],"replies":[{"embeddable":true,"href":"https:\/\/streetmarkets.fr\/app\/wp-json\/wp\/v2\/comments?post=3537943"}],"wp:featuredmedia":[{"embeddable":true,"href":"https:\/\/streetmarkets.fr\/app\/wp-json\/wp\/v2\/media\/3537944"}],"wp:attachment":[{"href":"https:\/\/streetmarkets.fr\/app\/wp-json\/wp\/v2\/media?parent=3537943"}],"wp:term":[{"taxonomy":"product_brand","embeddable":true,"href":"https:\/\/streetmarkets.fr\/app\/wp-json\/wp\/v2\/product_brand?post=3537943"},{"taxonomy":"product_cat","embeddable":true,"href":"https:\/\/streetmarkets.fr\/app\/wp-json\/wp\/v2\/product_cat?post=3537943"},{"taxonomy":"product_tag","embeddable":true,"href":"https:\/\/streetmarkets.fr\/app\/wp-json\/wp\/v2\/product_tag?post=3537943"}],"curies":[{"name":"wp","href":"https:\/\/api.w.org\/{rel}","templated":true}]}}