{"id":3537869,"date":"2026-02-04T00:27:28","date_gmt":"2026-02-03T23:27:28","guid":{"rendered":"https:\/\/streetmarkets.fr\/app\/produit\/sweat-not-in-the-mood\/"},"modified":"2026-03-11T00:27:32","modified_gmt":"2026-03-10T23:27:32","slug":"sweat-not-in-the-mood","status":"publish","type":"product","link":"https:\/\/streetmarkets.fr\/app\/produit\/sweat-not-in-the-mood\/","title":{"rendered":"Sweat Not in the Mood"},"content":{"rendered":"<p>Sweat brod\u00e9 100% coton bio<\/p>\n<div class=\"page\" title=\"Page 7\">\n<div class=\"section\">\n<div class=\"layoutArea\">\n<div class=\"column\">\n<p>D\u00e9couvrez notre nouveau sweat brod\u00e9 &#8220;Not in the mood&#8221;, le pull \u00e0 choisir les matins o\u00f9 vous \u00eates pas d&#8217;humeur !\u00a0 S\u00e9lectionn\u00e9s pour ses couleurs p\u00e9tillantes, sa mati\u00e8re ultra douce, chaude et molletonn\u00e9e, et sa coupe parfaite. Notre sweat 100% coton bio est brod\u00e9 dans notre atelier Marseille. Qui a dit qu&#8217;on ne pouvait pas \u00eatre confort et styl\u00e9e en m\u00eame temps ? Notre nouveau sweat brod\u00e9 rend hommage \u00e0 toutes les girls qui sont pas toujours d&#8217;humeur, surtout avant leur caf\u00e9 du matin, mais qu&#8217;on aime quand m\u00eame !<\/p>\n<\/div>\n<\/div>\n<\/div>\n<\/div>\n<p>&nbsp;<\/p>\n<p>&nbsp;<\/p>\n<p>&nbsp;<\/p>\n<p>&nbsp;<\/p>\n<div class=\"page\" title=\"Page 7\">\n<div class=\"section\">\n<div class=\"layoutArea\">\n<div class=\"column\">\n<ul>\n<li>Sweatshirt 100% coton bio ultra doux<\/li>\n<li>Coupe femme oversize<\/li>\n<li>Brod\u00e9 dans notre atelier \u00e0 Marseille<\/li>\n<li>Broderie sur le c\u0153ur et sur la manche<\/li>\n<li>Molletonn\u00e9 \u00e0 l\u2019int\u00e9rieur<\/li>\n<li>D\u00e9lai d\u2019envoi entre 1 et 5 jours ouvr\u00e9s<\/li>\n<\/ul>\n<\/div>\n<\/div>\n<\/div>\n<\/div>\n<div class=\"page\" title=\"Page 8\">\n<div class=\"section\">\n<div class=\"layoutArea\">\n<div class=\"column\"><\/div>\n<\/div>\n<\/div>\n<\/div>\n","protected":false},"excerpt":{"rendered":"<p>Sweat brod\u00e9 100% coton bio D\u00e9couvrez notre nouveau sweat brod\u00e9 &#8220;Not in the mood&#8221;, le pull \u00e0 choisir les matins o\u00f9 vous \u00eates pas d&#8217;humeur !\u00a0 S\u00e9lectionn\u00e9s pour ses couleurs p\u00e9tillantes, sa mati\u00e8re ultra douce, chaude et molletonn\u00e9e, et sa coupe parfaite. Notre sweat 100% coton bio est brod\u00e9 dans notre atelier Marseille. Qui a [&hellip;]<\/p>\n","protected":false},"featured_media":3537870,"comment_status":"open","ping_status":"closed","template":"","meta":[],"product_brand":[],"product_cat":[],"product_tag":[],"acf":[],"_links":{"self":[{"href":"https:\/\/streetmarkets.fr\/app\/wp-json\/wp\/v2\/product\/3537869"}],"collection":[{"href":"https:\/\/streetmarkets.fr\/app\/wp-json\/wp\/v2\/product"}],"about":[{"href":"https:\/\/streetmarkets.fr\/app\/wp-json\/wp\/v2\/types\/product"}],"replies":[{"embeddable":true,"href":"https:\/\/streetmarkets.fr\/app\/wp-json\/wp\/v2\/comments?post=3537869"}],"wp:featuredmedia":[{"embeddable":true,"href":"https:\/\/streetmarkets.fr\/app\/wp-json\/wp\/v2\/media\/3537870"}],"wp:attachment":[{"href":"https:\/\/streetmarkets.fr\/app\/wp-json\/wp\/v2\/media?parent=3537869"}],"wp:term":[{"taxonomy":"product_brand","embeddable":true,"href":"https:\/\/streetmarkets.fr\/app\/wp-json\/wp\/v2\/product_brand?post=3537869"},{"taxonomy":"product_cat","embeddable":true,"href":"https:\/\/streetmarkets.fr\/app\/wp-json\/wp\/v2\/product_cat?post=3537869"},{"taxonomy":"product_tag","embeddable":true,"href":"https:\/\/streetmarkets.fr\/app\/wp-json\/wp\/v2\/product_tag?post=3537869"}],"curies":[{"name":"wp","href":"https:\/\/api.w.org\/{rel}","templated":true}]}}