{"id":3537400,"date":"2026-02-04T00:26:37","date_gmt":"2026-02-03T23:26:37","guid":{"rendered":"https:\/\/streetmarkets.fr\/app\/produit\/robe-mia-coquillages-2\/"},"modified":"2026-03-11T00:26:45","modified_gmt":"2026-03-10T23:26:45","slug":"robe-mia-coquillages-2","status":"publish","type":"product","link":"https:\/\/streetmarkets.fr\/app\/produit\/robe-mia-coquillages-2\/","title":{"rendered":"Robe Mia &#8211; Coquillages"},"content":{"rendered":"<p>Robe trap\u00e8ze 100% coton brod\u00e9e \u00e0 Paris<\/p>\n<p>D\u00e9couvrez notre toute premi\u00e8re robe brod\u00e9e : la Robe Mia ! Avec son style ann\u00e9es 60 iconique et sa broderie color\u00e9e, notre robe brod\u00e9e 100% made in France sera ta pi\u00e8ce phare de l&#8217;\u00e9t\u00e9.<\/p>\n<p>Imagin\u00e9e, fabriqu\u00e9e et brod\u00e9e \u00e0 Paris, chacune de nos pi\u00e8ces est le fruit d&#8217;un savoir-faire artisanal unique. Produit phare de notre nouvelle collection &#8220;Les filles du Sud&#8221;, la robe Mia est confectionn\u00e9e en colombine de coton bio, une mati\u00e8re l\u00e9g\u00e8re pour l&#8217;\u00e9t\u00e9 mais avec une parfaite tenue. Son style ann\u00e9e 60 saura vous faire craquer : intemporelle avec sa coupe courte et trap\u00e8ze , \u00e9l\u00e9gante avec sa d\u00e9coupe \u00e9chancr\u00e9e, et casual gr\u00e2ce \u00e0 sa mati\u00e8re l\u00e9g\u00e8re. Ce qui la rend unique ? Ses broderies coquillages bien s\u00fbr, sinon, ce ne serait pas du Studio Francosse ! La robe Mia, vous pouvez la porter aussi bien en ville pour aller au bureau, qu&#8217;en vacances \u00e0 la plage, le plus difficile sera de choisir si vous la voulez en blanc ou en noir &#8230;<\/p>\n<p>&nbsp;<\/p>\n<p>&nbsp;<\/p>\n<p>&nbsp;<\/p>\n<ul>\n<li>Robe courte 100% Colombine de coton bio<\/li>\n<li>Imagin\u00e9e, fabriqu\u00e9e et brod\u00e9e \u00e0 Paris<\/li>\n<li>Robe trap\u00e8ze au style ann\u00e9es 60<\/li>\n<li>Poches appliqu\u00e9es \u00e0 l&#8217;avant<\/li>\n<li>D\u00e9coupe \u00e9chancr\u00e9e sur les \u00e9paules<\/li>\n<li>Arri\u00e8re de la robe plus long que l&#8217;avant<\/li>\n<li>+ d&#8217;infos dans &#8220;Taille &amp; coupe&#8221;<\/li>\n<li>Disponible en blanche et en noire<\/li>\n<li>3 Broderies de coquillages \u00e0 l&#8217;avant<\/li>\n<li>Exp\u00e9dition sous 1 \u00e0 5 jours ouvr\u00e9s<\/li>\n<li>Emball\u00e9 dans sa bo\u00eete cadeau Francosse<\/li>\n<\/ul>\n<p>&nbsp;<\/p>\n<p>&nbsp;<\/p>\n<p>&nbsp;<\/p>\n<p>Noir : Tatiana fait 1m72 et fait du 36 pour 85cm de tour de poitrine et porte une Taille 0<br \/>\nElle est un peu trop ajust\u00e9e pour la mannequin. Une taille 1 serait mieux tomb\u00e9e.<\/p>\n<p>Blanc : Lara fait 1m65 et fait du 34 avec 82cm de tour de poitrine et porte une Taille 0. Elle lui va parfaitement.<\/p>\n<p>Depuis le shooting, 4cm ont \u00e9t\u00e9 ajout\u00e9s en longueur sur la robe Mia. Elle est donc un peu plus longue que sur les photos.<\/p>\n","protected":false},"excerpt":{"rendered":"<p>Robe trap\u00e8ze 100% coton brod\u00e9e \u00e0 Paris D\u00e9couvrez notre toute premi\u00e8re robe brod\u00e9e : la Robe Mia ! Avec son style ann\u00e9es 60 iconique et sa broderie color\u00e9e, notre robe brod\u00e9e 100% made in France sera ta pi\u00e8ce phare de l&#8217;\u00e9t\u00e9. Imagin\u00e9e, fabriqu\u00e9e et brod\u00e9e \u00e0 Paris, chacune de nos pi\u00e8ces est le fruit d&#8217;un [&hellip;]<\/p>\n","protected":false},"featured_media":3537401,"comment_status":"open","ping_status":"closed","template":"","meta":[],"product_brand":[],"product_cat":[],"product_tag":[],"acf":[],"_links":{"self":[{"href":"https:\/\/streetmarkets.fr\/app\/wp-json\/wp\/v2\/product\/3537400"}],"collection":[{"href":"https:\/\/streetmarkets.fr\/app\/wp-json\/wp\/v2\/product"}],"about":[{"href":"https:\/\/streetmarkets.fr\/app\/wp-json\/wp\/v2\/types\/product"}],"replies":[{"embeddable":true,"href":"https:\/\/streetmarkets.fr\/app\/wp-json\/wp\/v2\/comments?post=3537400"}],"wp:featuredmedia":[{"embeddable":true,"href":"https:\/\/streetmarkets.fr\/app\/wp-json\/wp\/v2\/media\/3537401"}],"wp:attachment":[{"href":"https:\/\/streetmarkets.fr\/app\/wp-json\/wp\/v2\/media?parent=3537400"}],"wp:term":[{"taxonomy":"product_brand","embeddable":true,"href":"https:\/\/streetmarkets.fr\/app\/wp-json\/wp\/v2\/product_brand?post=3537400"},{"taxonomy":"product_cat","embeddable":true,"href":"https:\/\/streetmarkets.fr\/app\/wp-json\/wp\/v2\/product_cat?post=3537400"},{"taxonomy":"product_tag","embeddable":true,"href":"https:\/\/streetmarkets.fr\/app\/wp-json\/wp\/v2\/product_tag?post=3537400"}],"curies":[{"name":"wp","href":"https:\/\/api.w.org\/{rel}","templated":true}]}}