{"id":3537307,"date":"2026-02-04T00:26:30","date_gmt":"2026-02-03T23:26:30","guid":{"rendered":"https:\/\/streetmarkets.fr\/app\/produit\/robe-gabriella-soleil-2\/"},"modified":"2026-03-11T00:26:45","modified_gmt":"2026-03-10T23:26:45","slug":"robe-gabriella-soleil-2","status":"publish","type":"product","link":"https:\/\/streetmarkets.fr\/app\/produit\/robe-gabriella-soleil-2\/","title":{"rendered":"Robe Gabriella &#8211; Soleil"},"content":{"rendered":"<p>Robe longue 100% coton brod\u00e9e \u00e0 Paris<\/p>\n<p>D\u00e9couvrez notre toute premi\u00e8re robe brod\u00e9e : la Robe Gabriella ! Avec son style boh\u00eame et sa broderie color\u00e9e, notre robe brod\u00e9e 100% made in France sera ta pi\u00e8ce phare de l&#8217;\u00e9t\u00e9.<\/p>\n<p>Imagin\u00e9e, fabriqu\u00e9e et brod\u00e9e \u00e0 Paris, chacune de nos pi\u00e8ces est le fruit d&#8217;un savoir-faire artisanal unique et 100% made in France. Produit phare de notre nouvelle collection &#8220;Les filles du Sud&#8221;, la robe Gabriella est confectionn\u00e9e en percale de coton bio, une mati\u00e8re l\u00e9g\u00e8re, fluide, et surtout tr\u00e8s douce. Son style boh\u00eame saura ravir chacune d&#8217;entre vous : intemporelle avec sa coupe longue et fluide digne des d\u00e9esses grecques, \u00e9l\u00e9gante avec son bandeau doubl\u00e9 et sa fente un peu sexy, et casual gr\u00e2ce \u00e0 sa longueur pratique et sa mati\u00e8re l\u00e9g\u00e8re . Ce qui la rend unique ? Sa broderie soleil bien s\u00fbr, sinon, ce ne serait pas du Studio Francosse ! La robe Gabriella, vous pouvez la porter aussi bien en ville pour aller au bureau, qu&#8217;en vacances \u00e0 la plage, le plus difficile sera de choisir si vous la voulez en blanc ou en noir &#8230;<\/p>\n<p>&nbsp;<\/p>\n<p>&nbsp;<\/p>\n<p>&nbsp;<\/p>\n<ul>\n<li>Robe longue 100% percale de coton bio<\/li>\n<li>Imagin\u00e9e, fabriqu\u00e9e et brod\u00e9e \u00e0 Paris<\/li>\n<li>Robe longue fluide l\u00e9g\u00e8rement fronc\u00e9e<\/li>\n<li>Bandeau doubl\u00e9 et bretelles fines<\/li>\n<li>Fente avant pour plus de l\u00e9g\u00e8ret\u00e9<\/li>\n<li>+ d&#8217;infos dans &#8220;Taille &amp; coupe&#8221;<\/li>\n<li>Disponible en blanche et en noire<\/li>\n<li>Broderie soleil unique \u00e0 l&#8217;avant<\/li>\n<li>Exp\u00e9dition sous 1 \u00e0 5 jours ouvr\u00e9s<\/li>\n<li>Emball\u00e9 dans sa bo\u00eete cadeau Francosse<\/li>\n<\/ul>\n<p>&nbsp;<\/p>\n<p>&nbsp;<\/p>\n<p>Blanc : Tatiana fait 1m72 et fait du 36 pour 85cm de tour de poitrine et porte une Taille 1.<br \/>\nElle lui va parfaitement.<\/p>\n<p>Noir : Lara fait 1m65 et fait du 34 avec 82cm de tour de poitrine et porte une Taille 0.<br \/>\nElle lui va parfaitement.<\/p>\n","protected":false},"excerpt":{"rendered":"<p>Robe longue 100% coton brod\u00e9e \u00e0 Paris D\u00e9couvrez notre toute premi\u00e8re robe brod\u00e9e : la Robe Gabriella ! Avec son style boh\u00eame et sa broderie color\u00e9e, notre robe brod\u00e9e 100% made in France sera ta pi\u00e8ce phare de l&#8217;\u00e9t\u00e9. Imagin\u00e9e, fabriqu\u00e9e et brod\u00e9e \u00e0 Paris, chacune de nos pi\u00e8ces est le fruit d&#8217;un savoir-faire artisanal [&hellip;]<\/p>\n","protected":false},"featured_media":3537308,"comment_status":"open","ping_status":"closed","template":"","meta":[],"product_brand":[],"product_cat":[],"product_tag":[],"acf":[],"_links":{"self":[{"href":"https:\/\/streetmarkets.fr\/app\/wp-json\/wp\/v2\/product\/3537307"}],"collection":[{"href":"https:\/\/streetmarkets.fr\/app\/wp-json\/wp\/v2\/product"}],"about":[{"href":"https:\/\/streetmarkets.fr\/app\/wp-json\/wp\/v2\/types\/product"}],"replies":[{"embeddable":true,"href":"https:\/\/streetmarkets.fr\/app\/wp-json\/wp\/v2\/comments?post=3537307"}],"wp:featuredmedia":[{"embeddable":true,"href":"https:\/\/streetmarkets.fr\/app\/wp-json\/wp\/v2\/media\/3537308"}],"wp:attachment":[{"href":"https:\/\/streetmarkets.fr\/app\/wp-json\/wp\/v2\/media?parent=3537307"}],"wp:term":[{"taxonomy":"product_brand","embeddable":true,"href":"https:\/\/streetmarkets.fr\/app\/wp-json\/wp\/v2\/product_brand?post=3537307"},{"taxonomy":"product_cat","embeddable":true,"href":"https:\/\/streetmarkets.fr\/app\/wp-json\/wp\/v2\/product_cat?post=3537307"},{"taxonomy":"product_tag","embeddable":true,"href":"https:\/\/streetmarkets.fr\/app\/wp-json\/wp\/v2\/product_tag?post=3537307"}],"curies":[{"name":"wp","href":"https:\/\/api.w.org\/{rel}","templated":true}]}}