{"id":3537246,"date":"2026-02-04T00:26:25","date_gmt":"2026-02-03T23:26:25","guid":{"rendered":"https:\/\/streetmarkets.fr\/app\/produit\/top-olivia-soleil\/"},"modified":"2026-03-11T00:26:45","modified_gmt":"2026-03-10T23:26:45","slug":"top-olivia-soleil","status":"publish","type":"product","link":"https:\/\/streetmarkets.fr\/app\/produit\/top-olivia-soleil\/","title":{"rendered":"Top Olivia &#8211; Soleil"},"content":{"rendered":"<p>Top 100% coton brod\u00e9 \u00e0 Paris<\/p>\n<p>D\u00e9couvrez notre tout premier top brod\u00e9 : le top Olivia ! Avec son encolure carr\u00e9e iconique et sa broderie color\u00e9e, notre top brod\u00e9 100% made in France sera ta pi\u00e8ce phare de l&#8217;\u00e9t\u00e9.<\/p>\n<p>Imagin\u00e9e, fabriqu\u00e9e et brod\u00e9e \u00e0 Paris, chacune de nos pi\u00e8ces est le fruit d&#8217;un savoir-faire artisanal unique et 100% made in France. Top unique de notre nouvelle collection &#8220;Les filles du Sud&#8221;, le top Olivia est confectionn\u00e9 en colombine de coton bio, une mati\u00e8re l\u00e9g\u00e8re pour l&#8217;\u00e9t\u00e9 mais avec une parfaite tenue, et enti\u00e8rement doubl\u00e9. Son style ann\u00e9e 60 saura vous faire craquer : intemporelle avec sa coupe courte et trap\u00e8ze , \u00e9l\u00e9gante avec son encolure carr\u00e9e, et casual gr\u00e2ce \u00e0 sa mati\u00e8re l\u00e9g\u00e8re. Ce qui la rend unique ? Ses broderies soleil et palmier bien s\u00fbr, sinon, ce ne serait pas du Studio Francosse ! Le top Olivia, vous pouvez la porter aussi bien en ville pour aller au bureau, qu&#8217;en vacances \u00e0 la plage, le plus difficile sera de choisir si vous la voulez en blanc ou en noir &#8230;<\/p>\n<p>&nbsp;<\/p>\n<p>&nbsp;<\/p>\n<p>&nbsp;<\/p>\n<ul>\n<li>Top court 100% Colombine de coton bio<\/li>\n<li>Imagin\u00e9, fabriqu\u00e9 et brod\u00e9 \u00e0 Paris<\/li>\n<li>Top court au style ann\u00e9es 60<\/li>\n<li>Encolure carr\u00e9e l\u00e9g\u00e8rement arrondie<\/li>\n<li>Enti\u00e8rement doubl\u00e9 pour un confort optimal<\/li>\n<li>+ d&#8217;infos dans &#8220;Taille &amp; coupe&#8221;<\/li>\n<li>Disponible en blanc et en noir<\/li>\n<li>2 broderies soleil et palmier \u00e0 l&#8217;avant<\/li>\n<li>Exp\u00e9dition sous 1 \u00e0 5 jours ouvr\u00e9s<\/li>\n<li>Emball\u00e9 dans sa bo\u00eete cadeau Francosse<\/li>\n<\/ul>\n<p>&nbsp;<\/p>\n<p>&nbsp;<\/p>\n<p>Noir &amp; blanc : Tatiana fait 1m72, fait du 36 avec 85cm de tour de poitrine et porte une Taille 1.<br \/>\nIl lui va parfaitement.<\/p>\n","protected":false},"excerpt":{"rendered":"<p>Top 100% coton brod\u00e9 \u00e0 Paris D\u00e9couvrez notre tout premier top brod\u00e9 : le top Olivia ! Avec son encolure carr\u00e9e iconique et sa broderie color\u00e9e, notre top brod\u00e9 100% made in France sera ta pi\u00e8ce phare de l&#8217;\u00e9t\u00e9. Imagin\u00e9e, fabriqu\u00e9e et brod\u00e9e \u00e0 Paris, chacune de nos pi\u00e8ces est le fruit d&#8217;un savoir-faire artisanal [&hellip;]<\/p>\n","protected":false},"featured_media":3537247,"comment_status":"open","ping_status":"closed","template":"","meta":[],"product_brand":[],"product_cat":[],"product_tag":[],"acf":[],"_links":{"self":[{"href":"https:\/\/streetmarkets.fr\/app\/wp-json\/wp\/v2\/product\/3537246"}],"collection":[{"href":"https:\/\/streetmarkets.fr\/app\/wp-json\/wp\/v2\/product"}],"about":[{"href":"https:\/\/streetmarkets.fr\/app\/wp-json\/wp\/v2\/types\/product"}],"replies":[{"embeddable":true,"href":"https:\/\/streetmarkets.fr\/app\/wp-json\/wp\/v2\/comments?post=3537246"}],"wp:featuredmedia":[{"embeddable":true,"href":"https:\/\/streetmarkets.fr\/app\/wp-json\/wp\/v2\/media\/3537247"}],"wp:attachment":[{"href":"https:\/\/streetmarkets.fr\/app\/wp-json\/wp\/v2\/media?parent=3537246"}],"wp:term":[{"taxonomy":"product_brand","embeddable":true,"href":"https:\/\/streetmarkets.fr\/app\/wp-json\/wp\/v2\/product_brand?post=3537246"},{"taxonomy":"product_cat","embeddable":true,"href":"https:\/\/streetmarkets.fr\/app\/wp-json\/wp\/v2\/product_cat?post=3537246"},{"taxonomy":"product_tag","embeddable":true,"href":"https:\/\/streetmarkets.fr\/app\/wp-json\/wp\/v2\/product_tag?post=3537246"}],"curies":[{"name":"wp","href":"https:\/\/api.w.org\/{rel}","templated":true}]}}