{"id":3537181,"date":"2026-02-04T00:26:19","date_gmt":"2026-02-03T23:26:19","guid":{"rendered":"https:\/\/streetmarkets.fr\/app\/produit\/pochette-la-corde-a-linge\/"},"modified":"2026-03-11T00:26:44","modified_gmt":"2026-03-10T23:26:44","slug":"pochette-la-corde-a-linge","status":"publish","type":"product","link":"https:\/\/streetmarkets.fr\/app\/produit\/pochette-la-corde-a-linge\/","title":{"rendered":"Pochette La Corde \u00e0 Linge"},"content":{"rendered":"<p>Pochette en lin brod\u00e9e \u00e0 Paris<\/p>\n<p data-start=\"137\" data-end=\"332\">La pochette brod\u00e9e c&#8217;est notre tout premier accessoire lifestyle chez Studio Francosse. Fabriqu\u00e9e et brod\u00e9e dans notre atelier parisien, en 100% Lin, c&#8217;est une pochette enti\u00e8rement artisanale et faite en France.\u00a0 Avec sa broderie estivale et color\u00e9e, elle est unique et originale, mais aussi pratique : pochette de plage, rangement suppl\u00e9mentaire pour ton sac, ou accessoire qui t&#8217;accompagne partout, elle sera ton indispensable de l&#8217;\u00e9t\u00e9.<\/p>\n<ul>\n<li data-start=\"137\" data-end=\"332\">Pochette 100% Lin ultra doux<\/li>\n<li data-start=\"137\" data-end=\"332\">Fabriqu\u00e9e et brod\u00e9e \u00e0 Paris dans notre atelier<\/li>\n<li data-start=\"137\" data-end=\"332\">2 Tailles : 13x20cm et 26x20cm<\/li>\n<li data-start=\"137\" data-end=\"332\">Enti\u00e8rement doubl\u00e9e<\/li>\n<li data-start=\"137\" data-end=\"332\">Fermeture \u00e9clair &amp; pompom dor\u00e9<\/li>\n<li data-start=\"137\" data-end=\"332\">Broderie estivale et color\u00e9e Corde \u00e0 Linge<\/li>\n<li>Emball\u00e9 dans sa bo\u00eete cadeau Francosse<\/li>\n<li>D\u00e9lai d\u2019envoi entre 2 et 5 jours ouvr\u00e9s<\/li>\n<\/ul>\n","protected":false},"excerpt":{"rendered":"<p>Pochette en lin brod\u00e9e \u00e0 Paris La pochette brod\u00e9e c&#8217;est notre tout premier accessoire lifestyle chez Studio Francosse. Fabriqu\u00e9e et brod\u00e9e dans notre atelier parisien, en 100% Lin, c&#8217;est une pochette enti\u00e8rement artisanale et faite en France.\u00a0 Avec sa broderie estivale et color\u00e9e, elle est unique et originale, mais aussi pratique : pochette de plage, [&hellip;]<\/p>\n","protected":false},"featured_media":3537182,"comment_status":"open","ping_status":"closed","template":"","meta":[],"product_brand":[],"product_cat":[],"product_tag":[],"acf":[],"_links":{"self":[{"href":"https:\/\/streetmarkets.fr\/app\/wp-json\/wp\/v2\/product\/3537181"}],"collection":[{"href":"https:\/\/streetmarkets.fr\/app\/wp-json\/wp\/v2\/product"}],"about":[{"href":"https:\/\/streetmarkets.fr\/app\/wp-json\/wp\/v2\/types\/product"}],"replies":[{"embeddable":true,"href":"https:\/\/streetmarkets.fr\/app\/wp-json\/wp\/v2\/comments?post=3537181"}],"wp:featuredmedia":[{"embeddable":true,"href":"https:\/\/streetmarkets.fr\/app\/wp-json\/wp\/v2\/media\/3537182"}],"wp:attachment":[{"href":"https:\/\/streetmarkets.fr\/app\/wp-json\/wp\/v2\/media?parent=3537181"}],"wp:term":[{"taxonomy":"product_brand","embeddable":true,"href":"https:\/\/streetmarkets.fr\/app\/wp-json\/wp\/v2\/product_brand?post=3537181"},{"taxonomy":"product_cat","embeddable":true,"href":"https:\/\/streetmarkets.fr\/app\/wp-json\/wp\/v2\/product_cat?post=3537181"},{"taxonomy":"product_tag","embeddable":true,"href":"https:\/\/streetmarkets.fr\/app\/wp-json\/wp\/v2\/product_tag?post=3537181"}],"curies":[{"name":"wp","href":"https:\/\/api.w.org\/{rel}","templated":true}]}}