{"id":3537059,"date":"2026-02-04T00:25:56","date_gmt":"2026-02-03T23:25:56","guid":{"rendered":"https:\/\/streetmarkets.fr\/app\/produit\/chemise-brodee-daisy\/"},"modified":"2026-03-11T00:26:11","modified_gmt":"2026-03-10T23:26:11","slug":"chemise-brodee-daisy","status":"publish","type":"product","link":"https:\/\/streetmarkets.fr\/app\/produit\/chemise-brodee-daisy\/","title":{"rendered":"Chemise brod\u00e9e Daisy"},"content":{"rendered":"<p>Chemise femme 100% coton brod\u00e9e \u00e0 Paris<\/p>\n<p>D\u00e9couvrez notre chemise brod\u00e9e Daisy, unique et durable, notre premier v\u00eatement enti\u00e8rement con\u00e7u par Studio Francosse, en \u00e9dition ultra limit\u00e9e pour les f\u00eates !<\/p>\n<p>Imagin\u00e9e et brod\u00e9e \u00e0 Paris dans notre atelier, chaque pi\u00e8ce est le fruit d&#8217;un savoir-faire artisanal unique. Fabriqu\u00e9e au Portugal dans une usine certifi\u00e9e, elle est confectionn\u00e9e en popeline de coton bio, assurant une qualit\u00e9 optimale et le respect de l\u2019environnement. En raison de sa production en petite s\u00e9rie, le stock est tr\u00e8s limit\u00e9. Son style versatile 2 en 1 saura vous faire craquer : intemporel et boh\u00eame avec sa coupe courte et oversize , ou chic et trendy une fois le ruban resserr\u00e9 \u00e0 l&#8217;arri\u00e8re. Ce qui la rend unique ? Ses coeurs en dentelle\u00a0 de tulle brod\u00e9e, et ses petits d\u00e9tails qui font toute la diff\u00e9rence : les manches en dentelle, le pins noeud en velours rouge, et son ruban satin\u00e9 fa\u00e7on corset \u00e0 l&#8217;arri\u00e8re. Pour une chemise vraiment unique, faites personnaliser vos initiales !<\/p>\n<p>&nbsp;<\/p>\n<p>&nbsp;<\/p>\n<p>&nbsp;<\/p>\n<ul>\n<li>Chemise\u00a0 blanche 100% popeline de coton bio<\/li>\n<li>Imagin\u00e9e et brod\u00e9e \u00e0 Paris dans notre atelier<\/li>\n<li>Fabriqu\u00e9e au Portugal en petite s\u00e9rie, stock limit\u00e9<\/li>\n<li>Coupe ajustable gr\u00e2ce \u00e0 son ruban fa\u00e7on corset \u00e0 l&#8217;arri\u00e8re : oversize ou ceintr\u00e9e<\/li>\n<li>Manches ballons et dos fronc\u00e9<\/li>\n<li>Dentelle de tulle brod\u00e9e sur les poignets<\/li>\n<li>Pins Noeud de velours rouge \u00e0 placer o\u00f9 vous voulez<\/li>\n<li>Personnalisable avec les initiales sur le poignet<\/li>\n<li>Exp\u00e9dition sous 1 \u00e0 5 jours ouvr\u00e9s<\/li>\n<li>Emball\u00e9 dans sa bo\u00eete cadeau Francosse<\/li>\n<\/ul>\n","protected":false},"excerpt":{"rendered":"<p>Chemise femme 100% coton brod\u00e9e \u00e0 Paris D\u00e9couvrez notre chemise brod\u00e9e Daisy, unique et durable, notre premier v\u00eatement enti\u00e8rement con\u00e7u par Studio Francosse, en \u00e9dition ultra limit\u00e9e pour les f\u00eates ! Imagin\u00e9e et brod\u00e9e \u00e0 Paris dans notre atelier, chaque pi\u00e8ce est le fruit d&#8217;un savoir-faire artisanal unique. Fabriqu\u00e9e au Portugal dans une usine certifi\u00e9e, [&hellip;]<\/p>\n","protected":false},"featured_media":3537060,"comment_status":"open","ping_status":"closed","template":"","meta":[],"product_brand":[],"product_cat":[],"product_tag":[],"acf":[],"_links":{"self":[{"href":"https:\/\/streetmarkets.fr\/app\/wp-json\/wp\/v2\/product\/3537059"}],"collection":[{"href":"https:\/\/streetmarkets.fr\/app\/wp-json\/wp\/v2\/product"}],"about":[{"href":"https:\/\/streetmarkets.fr\/app\/wp-json\/wp\/v2\/types\/product"}],"replies":[{"embeddable":true,"href":"https:\/\/streetmarkets.fr\/app\/wp-json\/wp\/v2\/comments?post=3537059"}],"wp:featuredmedia":[{"embeddable":true,"href":"https:\/\/streetmarkets.fr\/app\/wp-json\/wp\/v2\/media\/3537060"}],"wp:attachment":[{"href":"https:\/\/streetmarkets.fr\/app\/wp-json\/wp\/v2\/media?parent=3537059"}],"wp:term":[{"taxonomy":"product_brand","embeddable":true,"href":"https:\/\/streetmarkets.fr\/app\/wp-json\/wp\/v2\/product_brand?post=3537059"},{"taxonomy":"product_cat","embeddable":true,"href":"https:\/\/streetmarkets.fr\/app\/wp-json\/wp\/v2\/product_cat?post=3537059"},{"taxonomy":"product_tag","embeddable":true,"href":"https:\/\/streetmarkets.fr\/app\/wp-json\/wp\/v2\/product_tag?post=3537059"}],"curies":[{"name":"wp","href":"https:\/\/api.w.org\/{rel}","templated":true}]}}