{"id":3536950,"date":"2026-02-04T00:25:39","date_gmt":"2026-02-03T23:25:39","guid":{"rendered":"https:\/\/streetmarkets.fr\/app\/produit\/t-shirt-coquillages-crustaces\/"},"modified":"2026-03-11T00:25:50","modified_gmt":"2026-03-10T23:25:50","slug":"t-shirt-coquillages-crustaces","status":"publish","type":"product","link":"https:\/\/streetmarkets.fr\/app\/produit\/t-shirt-coquillages-crustaces\/","title":{"rendered":"T-shirt Coquillages &#038; Crustac\u00e9s"},"content":{"rendered":"<p>T-shirt unisexe 100% coton brod\u00e9 \u00e0 la main<\/p>\n<div class=\"page\" title=\"Page 7\">\n<div class=\"section\">\n<div class=\"layoutArea\">\n<div class=\"column\">\n<p>Plongez directement dans l&#8217;\u00e9t\u00e9 avec avec notre T-shirt brod\u00e9 \u00e0 la main &#8220;Coquillages &amp; Crustac\u00e9s&#8221;, une pi\u00e8ce unique confectionn\u00e9e avec amour. S\u00e9lectionn\u00e9 pour sa douceur et sa coupe unisexe parfaite, notre t-shirt 100% coton est brod\u00e9 \u00e0 la main dans notre atelier parisien, avec patience et savoir-faire. Il allie parfaitement le confort du t-shirt avec le style original de la broderie !<\/p>\n<\/div>\n<\/div>\n<\/div>\n<\/div>\n<p>&nbsp;<\/p>\n<p>&nbsp;<\/p>\n<div class=\"page\" title=\"Page 7\">\n<div class=\"section\">\n<div class=\"layoutArea\">\n<div class=\"column\">\n<ul>\n<li>T-shirt 100% coton ultra doux<\/li>\n<li>Brod\u00e9 dans notre atelier \u00e0 Paris<\/li>\n<li>Disponible en noir ou blanc<\/li>\n<li>Col rond et manches courtes<\/li>\n<li>Coupe unisexe, taille grand pour les femmes<\/li>\n<li>Emball\u00e9 dans sa bo\u00eete cadeau Francosse<\/li>\n<li>D\u00e9lai d\u2019envoi entre 1 et 5 jours ouvr\u00e9s<\/li>\n<li>Tenue parfaite en machine<\/li>\n<\/ul>\n<\/div>\n<\/div>\n<\/div>\n<\/div>\n<p>&nbsp;<\/p>\n<p>&nbsp;<\/p>\n<div class=\"page\" title=\"Page 7\">\n<div class=\"section\">\n<div class=\"layoutArea\">\n<div class=\"column\">\n<p>Tu aimes ce t-shirt brod\u00e9 \u00e0 la main ? Tu aimeras sans aucun doute aussi notre <a href=\"https:\/\/studio-francosse.fr\/produit\/hot-in-flowers\/\">t-shirt Hot in Flowers<\/a> !<\/p>\n<\/div>\n<\/div>\n<\/div>\n<\/div>\n","protected":false},"excerpt":{"rendered":"<p>T-shirt unisexe 100% coton brod\u00e9 \u00e0 la main Plongez directement dans l&#8217;\u00e9t\u00e9 avec avec notre T-shirt brod\u00e9 \u00e0 la main &#8220;Coquillages &amp; Crustac\u00e9s&#8221;, une pi\u00e8ce unique confectionn\u00e9e avec amour. S\u00e9lectionn\u00e9 pour sa douceur et sa coupe unisexe parfaite, notre t-shirt 100% coton est brod\u00e9 \u00e0 la main dans notre atelier parisien, avec patience et savoir-faire. [&hellip;]<\/p>\n","protected":false},"featured_media":3536951,"comment_status":"open","ping_status":"closed","template":"","meta":[],"product_brand":[],"product_cat":[],"product_tag":[],"acf":[],"_links":{"self":[{"href":"https:\/\/streetmarkets.fr\/app\/wp-json\/wp\/v2\/product\/3536950"}],"collection":[{"href":"https:\/\/streetmarkets.fr\/app\/wp-json\/wp\/v2\/product"}],"about":[{"href":"https:\/\/streetmarkets.fr\/app\/wp-json\/wp\/v2\/types\/product"}],"replies":[{"embeddable":true,"href":"https:\/\/streetmarkets.fr\/app\/wp-json\/wp\/v2\/comments?post=3536950"}],"wp:featuredmedia":[{"embeddable":true,"href":"https:\/\/streetmarkets.fr\/app\/wp-json\/wp\/v2\/media\/3536951"}],"wp:attachment":[{"href":"https:\/\/streetmarkets.fr\/app\/wp-json\/wp\/v2\/media?parent=3536950"}],"wp:term":[{"taxonomy":"product_brand","embeddable":true,"href":"https:\/\/streetmarkets.fr\/app\/wp-json\/wp\/v2\/product_brand?post=3536950"},{"taxonomy":"product_cat","embeddable":true,"href":"https:\/\/streetmarkets.fr\/app\/wp-json\/wp\/v2\/product_cat?post=3536950"},{"taxonomy":"product_tag","embeddable":true,"href":"https:\/\/streetmarkets.fr\/app\/wp-json\/wp\/v2\/product_tag?post=3536950"}],"curies":[{"name":"wp","href":"https:\/\/api.w.org\/{rel}","templated":true}]}}