{"id":3536897,"date":"2026-02-04T00:25:33","date_gmt":"2026-02-03T23:25:33","guid":{"rendered":"https:\/\/streetmarkets.fr\/app\/produit\/chemise-brodee-zora\/"},"modified":"2026-03-11T00:25:50","modified_gmt":"2026-03-10T23:25:50","slug":"chemise-brodee-zora","status":"publish","type":"product","link":"https:\/\/streetmarkets.fr\/app\/produit\/chemise-brodee-zora\/","title":{"rendered":"Chemise brod\u00e9e Zora"},"content":{"rendered":"<p>Chemise femme 100% coton brod\u00e9e<\/p>\n<p>D\u00e9couvrez notre chemise brod\u00e9e unique et durable, notre premier v\u00eatement enti\u00e8rement con\u00e7u par Studio Francosse.<\/p>\n<p>Imagin\u00e9e et brod\u00e9e \u00e0 Paris dans notre atelier, chaque pi\u00e8ce est le fruit d&#8217;un savoir-faire artisanal unique. Fabriqu\u00e9e au Portugal dans une usine certifi\u00e9e, elle est confectionn\u00e9e en popeline de coton bio, assurant une qualit\u00e9 optimale et le respect de l\u2019environnement. En raison de sa production en petite s\u00e9rie, le stock est tr\u00e8s limit\u00e9. Son style intemporel et boh\u00e8me saura vous faire craquer, autant que sa coupe l\u00e9g\u00e8rement courte et oversize, et ses broderies color\u00e9es et po\u00e9tiques qui la rendent unique.<\/p>\n<p>La chemise brod\u00e9e Zora de la collection &#8220;Alma latina&#8221; incarne l&#8217;\u00e9l\u00e9ment eau, la mer et la lumi\u00e8re.<\/p>\n<p>&nbsp;<\/p>\n<p>&nbsp;<\/p>\n<ul>\n<li>Chemise 100% popeline de coton bio<\/li>\n<li>Imagin\u00e9e et brod\u00e9e \u00e0 Paris dans notre atelier<\/li>\n<li>Fabriqu\u00e9e au Portugal en petite s\u00e9rie, stock limit\u00e9<\/li>\n<li>Coupe femme courte et oversize<\/li>\n<li>Manches ballons et dos fronc\u00e9<\/li>\n<li>Brod\u00e9e sur l\u2019avant<\/li>\n<li>Emball\u00e9 dans sa bo\u00eete cadeau Francosse<\/li>\n<\/ul>\n","protected":false},"excerpt":{"rendered":"<p>Chemise femme 100% coton brod\u00e9e D\u00e9couvrez notre chemise brod\u00e9e unique et durable, notre premier v\u00eatement enti\u00e8rement con\u00e7u par Studio Francosse. Imagin\u00e9e et brod\u00e9e \u00e0 Paris dans notre atelier, chaque pi\u00e8ce est le fruit d&#8217;un savoir-faire artisanal unique. Fabriqu\u00e9e au Portugal dans une usine certifi\u00e9e, elle est confectionn\u00e9e en popeline de coton bio, assurant une qualit\u00e9 [&hellip;]<\/p>\n","protected":false},"featured_media":3536898,"comment_status":"open","ping_status":"closed","template":"","meta":[],"product_brand":[],"product_cat":[],"product_tag":[],"acf":[],"_links":{"self":[{"href":"https:\/\/streetmarkets.fr\/app\/wp-json\/wp\/v2\/product\/3536897"}],"collection":[{"href":"https:\/\/streetmarkets.fr\/app\/wp-json\/wp\/v2\/product"}],"about":[{"href":"https:\/\/streetmarkets.fr\/app\/wp-json\/wp\/v2\/types\/product"}],"replies":[{"embeddable":true,"href":"https:\/\/streetmarkets.fr\/app\/wp-json\/wp\/v2\/comments?post=3536897"}],"wp:featuredmedia":[{"embeddable":true,"href":"https:\/\/streetmarkets.fr\/app\/wp-json\/wp\/v2\/media\/3536898"}],"wp:attachment":[{"href":"https:\/\/streetmarkets.fr\/app\/wp-json\/wp\/v2\/media?parent=3536897"}],"wp:term":[{"taxonomy":"product_brand","embeddable":true,"href":"https:\/\/streetmarkets.fr\/app\/wp-json\/wp\/v2\/product_brand?post=3536897"},{"taxonomy":"product_cat","embeddable":true,"href":"https:\/\/streetmarkets.fr\/app\/wp-json\/wp\/v2\/product_cat?post=3536897"},{"taxonomy":"product_tag","embeddable":true,"href":"https:\/\/streetmarkets.fr\/app\/wp-json\/wp\/v2\/product_tag?post=3536897"}],"curies":[{"name":"wp","href":"https:\/\/api.w.org\/{rel}","templated":true}]}}