{"id":3536877,"date":"2026-02-04T00:25:32","date_gmt":"2026-02-03T23:25:32","guid":{"rendered":"https:\/\/streetmarkets.fr\/app\/produit\/chemise-brodee-piments\/"},"modified":"2026-03-11T00:25:50","modified_gmt":"2026-03-10T23:25:50","slug":"chemise-brodee-piments","status":"publish","type":"product","link":"https:\/\/streetmarkets.fr\/app\/produit\/chemise-brodee-piments\/","title":{"rendered":"Chemise brod\u00e9e piments"},"content":{"rendered":"<div class=\"page\" title=\"Page 1\">\n<div class=\"section\">\n<div class=\"layoutArea\">\n<div class=\"column\">\n<p>Pi\u00e8ce unique de seconde main brod\u00e9e \u00e0 la main<\/p>\n<\/div>\n<\/div>\n<\/div>\n<\/div>\n<p>D\u00e9couvrez notre Chemise brod\u00e9e la dolce vita, une pi\u00e8ce unique confectionn\u00e9e avec amour. S\u00e9lectionn\u00e9e en seconde main pour sa douceur et sa coupe parfaite, cette chemise est brod\u00e9e \u00e0 la main dans notre atelier parisien, avec patience et savoir-faire.<\/p>\n<p>&nbsp;<\/p>\n<ul>\n<li>Chemise ray\u00e9e bleue femme 100% coton<\/li>\n<li>Pi\u00e8ce de seconde main<\/li>\n<li>Brod\u00e9e \u00e0 la main dans notre atelier \u00e0 Paris<\/li>\n<li>Taille S femme<\/li>\n<li>Emball\u00e9 dans sa bo\u00eete cadeau Francosse<\/li>\n<li>D\u00e9lai d\u2019envoi entre 1 et 2 jours ouvr\u00e9s<\/li>\n<li>Tenue parfaite en machine<\/li>\n<\/ul>\n","protected":false},"excerpt":{"rendered":"<p>Pi\u00e8ce unique de seconde main brod\u00e9e \u00e0 la main D\u00e9couvrez notre Chemise brod\u00e9e la dolce vita, une pi\u00e8ce unique confectionn\u00e9e avec amour. S\u00e9lectionn\u00e9e en seconde main pour sa douceur et sa coupe parfaite, cette chemise est brod\u00e9e \u00e0 la main dans notre atelier parisien, avec patience et savoir-faire. &nbsp; Chemise ray\u00e9e bleue femme 100% coton [&hellip;]<\/p>\n","protected":false},"featured_media":3536878,"comment_status":"open","ping_status":"closed","template":"","meta":[],"product_brand":[],"product_cat":[],"product_tag":[],"acf":[],"_links":{"self":[{"href":"https:\/\/streetmarkets.fr\/app\/wp-json\/wp\/v2\/product\/3536877"}],"collection":[{"href":"https:\/\/streetmarkets.fr\/app\/wp-json\/wp\/v2\/product"}],"about":[{"href":"https:\/\/streetmarkets.fr\/app\/wp-json\/wp\/v2\/types\/product"}],"replies":[{"embeddable":true,"href":"https:\/\/streetmarkets.fr\/app\/wp-json\/wp\/v2\/comments?post=3536877"}],"wp:featuredmedia":[{"embeddable":true,"href":"https:\/\/streetmarkets.fr\/app\/wp-json\/wp\/v2\/media\/3536878"}],"wp:attachment":[{"href":"https:\/\/streetmarkets.fr\/app\/wp-json\/wp\/v2\/media?parent=3536877"}],"wp:term":[{"taxonomy":"product_brand","embeddable":true,"href":"https:\/\/streetmarkets.fr\/app\/wp-json\/wp\/v2\/product_brand?post=3536877"},{"taxonomy":"product_cat","embeddable":true,"href":"https:\/\/streetmarkets.fr\/app\/wp-json\/wp\/v2\/product_cat?post=3536877"},{"taxonomy":"product_tag","embeddable":true,"href":"https:\/\/streetmarkets.fr\/app\/wp-json\/wp\/v2\/product_tag?post=3536877"}],"curies":[{"name":"wp","href":"https:\/\/api.w.org\/{rel}","templated":true}]}}