{"id":3536735,"date":"2026-02-04T00:25:19","date_gmt":"2026-02-03T23:25:19","guid":{"rendered":"https:\/\/streetmarkets.fr\/app\/produit\/t-shirt-brode-personnalise-a-partir-dune-photo\/"},"modified":"2026-03-11T00:25:50","modified_gmt":"2026-03-10T23:25:50","slug":"t-shirt-brode-personnalise-a-partir-dune-photo","status":"publish","type":"product","link":"https:\/\/streetmarkets.fr\/app\/produit\/t-shirt-brode-personnalise-a-partir-dune-photo\/","title":{"rendered":"T-shirt brod\u00e9 personnalis\u00e9 \u00e0 partir d&#8217;une photo"},"content":{"rendered":"<p>T-shirt unisexe 100% coton brod\u00e9 \u00e0 la main<\/p>\n<p class=\"p1\">Personnalisez votre t-shirt sur-mesure gr\u00e2ce \u00e0 la broderie \u00e0 la main ! \u00c0 partir de la photo de votre choix, nous cr\u00e9erons pour vous un t-shirt unique et m\u00e9morable. S\u00e9lectionn\u00e9 pour sa douceur et sa coupe unisexe parfaite, notre t-shirt 100% coton est brod\u00e9 \u00e0 la main dans notre atelier parisien, avec amour et patience. Il r\u00e9siste dans le temps, tout comme nos broderies ! Personnalisez le enti\u00e8rement en s\u00e9lectionnant vos diff\u00e9rentes options.<\/p>\n<p>&nbsp;<\/p>\n<ul>\n<li class=\"p1\">T-shirt 100% coton ultra doux, blanc ou noir<\/li>\n<li class=\"p1\">Personnalisation \u00e0 partir de ta photo pr\u00e9f\u00e9r\u00e9e<\/li>\n<li class=\"p1\">Brod\u00e9 \u00e0 la main dans notre atelier \u00e0 Paris<\/li>\n<li class=\"p1\">Coupe unisexe, taille grand pour les femmes<\/li>\n<li class=\"p1\">Col rond et manches courtes<\/li>\n<li class=\"p1\">Emball\u00e9 dans une bo\u00eete cadeau Francosse<\/li>\n<li class=\"p1\">D\u00e9lai d\u2019envoi entre 1 et 5 jours ouvr\u00e9s<\/li>\n<li class=\"p1\">Tenue parfaite en machine<\/li>\n<\/ul>\n<p>&nbsp;<\/p>\n<p><em><strong>NB :<\/strong> Vous avez un encart pour pr\u00e9ciser les couleurs de la broderie. Par d\u00e9faut, les corps, visages, cheveux\u00a0 et accessoires sont brod\u00e9s en noir sur t-shirt blanc et en blanc sur t-shirt noir. Si vous souhaitez que ce soit autrement, pr\u00e9cisez le. Vous pouvez aussi pr\u00e9ciser la couleur des v\u00eatements, du message brod\u00e9, etc. Soyez pr\u00e9cis !<\/em><\/p>\n","protected":false},"excerpt":{"rendered":"<p>T-shirt unisexe 100% coton brod\u00e9 \u00e0 la main Personnalisez votre t-shirt sur-mesure gr\u00e2ce \u00e0 la broderie \u00e0 la main ! \u00c0 partir de la photo de votre choix, nous cr\u00e9erons pour vous un t-shirt unique et m\u00e9morable. S\u00e9lectionn\u00e9 pour sa douceur et sa coupe unisexe parfaite, notre t-shirt 100% coton est brod\u00e9 \u00e0 la main [&hellip;]<\/p>\n","protected":false},"featured_media":3536736,"comment_status":"open","ping_status":"closed","template":"","meta":[],"product_brand":[],"product_cat":[],"product_tag":[],"acf":[],"_links":{"self":[{"href":"https:\/\/streetmarkets.fr\/app\/wp-json\/wp\/v2\/product\/3536735"}],"collection":[{"href":"https:\/\/streetmarkets.fr\/app\/wp-json\/wp\/v2\/product"}],"about":[{"href":"https:\/\/streetmarkets.fr\/app\/wp-json\/wp\/v2\/types\/product"}],"replies":[{"embeddable":true,"href":"https:\/\/streetmarkets.fr\/app\/wp-json\/wp\/v2\/comments?post=3536735"}],"wp:featuredmedia":[{"embeddable":true,"href":"https:\/\/streetmarkets.fr\/app\/wp-json\/wp\/v2\/media\/3536736"}],"wp:attachment":[{"href":"https:\/\/streetmarkets.fr\/app\/wp-json\/wp\/v2\/media?parent=3536735"}],"wp:term":[{"taxonomy":"product_brand","embeddable":true,"href":"https:\/\/streetmarkets.fr\/app\/wp-json\/wp\/v2\/product_brand?post=3536735"},{"taxonomy":"product_cat","embeddable":true,"href":"https:\/\/streetmarkets.fr\/app\/wp-json\/wp\/v2\/product_cat?post=3536735"},{"taxonomy":"product_tag","embeddable":true,"href":"https:\/\/streetmarkets.fr\/app\/wp-json\/wp\/v2\/product_tag?post=3536735"}],"curies":[{"name":"wp","href":"https:\/\/api.w.org\/{rel}","templated":true}]}}