{"id":3536558,"date":"2026-02-04T00:24:33","date_gmt":"2026-02-03T23:24:33","guid":{"rendered":"https:\/\/streetmarkets.fr\/app\/produit\/t-shirt-verre-de-vin-personnalisable\/"},"modified":"2026-03-11T00:25:08","modified_gmt":"2026-03-10T23:25:08","slug":"t-shirt-verre-de-vin-personnalisable","status":"publish","type":"product","link":"https:\/\/streetmarkets.fr\/app\/produit\/t-shirt-verre-de-vin-personnalisable\/","title":{"rendered":"T-shirt Verre de vin (personnalisable)"},"content":{"rendered":"<p>T-shirt unisexe 100% coton brod\u00e9 \u00e0 Paris<\/p>\n<p>D\u00e9couvrez notre t-shirt brod\u00e9 &#8220;verre de vin&#8221;, une pi\u00e8ce unique alliant parfaitement le confort du t-shirt avec le style original de la broderie. S\u00e9lectionn\u00e9 pour sa douceur et sa coupe unisexe parfaite,<span class=\"Apple-converted-space\">\u00a0 <\/span>notre t-shirt 100% coton est brod\u00e9 dans notre atelier parisien, avec amour et patience. Offrez-vous un v\u00eatement unique et intemporel qui raconte une histoire.<\/p>\n<p>&nbsp;<\/p>\n<div class=\"section\">\n<div class=\"layoutArea\">\n<div class=\"column\">\n<p>&nbsp;<\/p>\n<\/div>\n<\/div>\n<\/div>\n<ul>\n<li>T-shirt 100% coton ultra doux<\/li>\n<li>Brod\u00e9 dans notre atelier \u00e0 Paris<\/li>\n<li>Disponible en noir ou blanc<\/li>\n<li>Col rond et manches courtes<\/li>\n<li>Coupe unisexe, taille grand pour les femmes<\/li>\n<li>Emball\u00e9 dans sa bo\u00eete cadeau Francosse<\/li>\n<li>D\u00e9lai d\u2019envoi entre 1 et 5 jours ouvr\u00e9s<\/li>\n<li>Tenue parfaite en machine<\/li>\n<\/ul>\n","protected":false},"excerpt":{"rendered":"<p>T-shirt unisexe 100% coton brod\u00e9 \u00e0 Paris D\u00e9couvrez notre t-shirt brod\u00e9 &#8220;verre de vin&#8221;, une pi\u00e8ce unique alliant parfaitement le confort du t-shirt avec le style original de la broderie. S\u00e9lectionn\u00e9 pour sa douceur et sa coupe unisexe parfaite,\u00a0 notre t-shirt 100% coton est brod\u00e9 dans notre atelier parisien, avec amour et patience. Offrez-vous un [&hellip;]<\/p>\n","protected":false},"featured_media":3536559,"comment_status":"open","ping_status":"closed","template":"","meta":[],"product_brand":[],"product_cat":[],"product_tag":[],"acf":[],"_links":{"self":[{"href":"https:\/\/streetmarkets.fr\/app\/wp-json\/wp\/v2\/product\/3536558"}],"collection":[{"href":"https:\/\/streetmarkets.fr\/app\/wp-json\/wp\/v2\/product"}],"about":[{"href":"https:\/\/streetmarkets.fr\/app\/wp-json\/wp\/v2\/types\/product"}],"replies":[{"embeddable":true,"href":"https:\/\/streetmarkets.fr\/app\/wp-json\/wp\/v2\/comments?post=3536558"}],"wp:featuredmedia":[{"embeddable":true,"href":"https:\/\/streetmarkets.fr\/app\/wp-json\/wp\/v2\/media\/3536559"}],"wp:attachment":[{"href":"https:\/\/streetmarkets.fr\/app\/wp-json\/wp\/v2\/media?parent=3536558"}],"wp:term":[{"taxonomy":"product_brand","embeddable":true,"href":"https:\/\/streetmarkets.fr\/app\/wp-json\/wp\/v2\/product_brand?post=3536558"},{"taxonomy":"product_cat","embeddable":true,"href":"https:\/\/streetmarkets.fr\/app\/wp-json\/wp\/v2\/product_cat?post=3536558"},{"taxonomy":"product_tag","embeddable":true,"href":"https:\/\/streetmarkets.fr\/app\/wp-json\/wp\/v2\/product_tag?post=3536558"}],"curies":[{"name":"wp","href":"https:\/\/api.w.org\/{rel}","templated":true}]}}