{"id":3536468,"date":"2026-02-04T00:24:20","date_gmt":"2026-02-03T23:24:20","guid":{"rendered":"https:\/\/streetmarkets.fr\/app\/produit\/t-shirt-astro-balance\/"},"modified":"2026-03-11T00:25:08","modified_gmt":"2026-03-10T23:25:08","slug":"t-shirt-astro-balance","status":"publish","type":"product","link":"https:\/\/streetmarkets.fr\/app\/produit\/t-shirt-astro-balance\/","title":{"rendered":"T-shirt Astro Balance"},"content":{"rendered":"<p>T-shirt unisexe 100% coton brod\u00e9 \u00e0 la main<\/p>\n<div class=\"page\" title=\"Page 5\">\n<div class=\"section\">\n<div class=\"layoutArea\">\n<div class=\"column\">\n<p>D\u00e9couvrez notre t-shirt brod\u00e9 \u00e0 la main Astro &#8220;Balance&#8221;, une pi\u00e8ce unique confectionn\u00e9e avec amour. S\u00e9lectionn\u00e9 pour sa douceur et sa coupe unisexe parfaite, notre t-shirt 100% coton est brod\u00e9 \u00e0 la main dans notre atelier parisien, avec patience et savoir-faire. Il allie parfaitement le confort du t-shirt avec le style original de la broderie !<\/p>\n<p>&nbsp;<\/p>\n<div class=\"section\">\n<div class=\"layoutArea\">\n<div class=\"column\">\n<p>&nbsp;<\/p>\n<\/div>\n<\/div>\n<\/div>\n<ul>\n<li>T-shirt 100% coton ultra doux<\/li>\n<li>Brod\u00e9 dans notre atelier \u00e0 Paris<\/li>\n<li>Disponible en noir ou blanc<\/li>\n<li>Col rond et manches courtes<\/li>\n<li>Coupe unisexe, taille grand pour les femmes<\/li>\n<li>Emball\u00e9 dans sa bo\u00eete cadeau Francosse<\/li>\n<li>D\u00e9lai d\u2019envoi entre 1 et 5 jours ouvr\u00e9s<\/li>\n<li>Tenue parfaite en machine<\/li>\n<\/ul>\n<p>&nbsp;<\/p>\n<div class=\"section\">\n<div class=\"layoutArea\">\n<div class=\"column\">\n<p>&nbsp;<\/p>\n<\/div>\n<\/div>\n<\/div>\n<p>&nbsp;<\/p>\n<h6 style=\"text-align: left\"><strong>La Balance, un symbole d&#8217;\u00e9quilibre<br \/>\n<\/strong><\/h6>\n<p>La Balance est le symbole de l\u2019ind\u00e9cision, mais aussi de l\u2019\u00e9quilibre, et c\u2019est bien la personnalit\u00e9 qui ressort chez nos amies natives Balances ! Signe d\u2019air, la Balance est en effet r\u00e9put\u00e9e pour \u00eatre ind\u00e9cise, h\u00e9sitante, avoir du mal \u00e0 prendre des d\u00e9cisions, voire lunatique. Mais elle se caract\u00e9rise aussi par sa volont\u00e9 d\u2019harmonie et d\u2019\u00e9quilibre dans sa vie, et par son fort sens de la justice et de l\u2019\u00e9quit\u00e9. La Balance a aussi un c\u00f4t\u00e9 sentimental et sensible, elle est r\u00eaveuse, fleur bleue et romantique, mais aussi douce et gentille. Elle est souvent reli\u00e9e \u00e0 l\u2019intellect, \u00e0 la raison, \u00e0 la communication, et \u00e0 l\u2019adaptabilit\u00e9, comme les autres signes d\u2019air. Quant \u00e0 leur personnalit\u00e9 sociale, les profils divergent ! La balance peut \u00eatre curieuse et ouverte d\u2019esprit, sociable, dr\u00f4le et vive, et de tr\u00e8s bons conseils pour ses proches. Mais elle peut aussi avoir tendance \u00e0 \u00eatre introvertie, anxieuse, \u00e9go\u00efste, froide, souvent pour se prot\u00e9ger des autres. Peut \u00eatre qu\u2019une Balance peut \u00eatre les deux, d\u2019o\u00f9 son c\u00f4t\u00e9 lunatique !<\/p>\n<\/div>\n<\/div>\n<\/div>\n<\/div>\n","protected":false},"excerpt":{"rendered":"<p>T-shirt unisexe 100% coton brod\u00e9 \u00e0 la main D\u00e9couvrez notre t-shirt brod\u00e9 \u00e0 la main Astro &#8220;Balance&#8221;, une pi\u00e8ce unique confectionn\u00e9e avec amour. S\u00e9lectionn\u00e9 pour sa douceur et sa coupe unisexe parfaite, notre t-shirt 100% coton est brod\u00e9 \u00e0 la main dans notre atelier parisien, avec patience et savoir-faire. Il allie parfaitement le confort du [&hellip;]<\/p>\n","protected":false},"featured_media":3536469,"comment_status":"open","ping_status":"closed","template":"","meta":[],"product_brand":[],"product_cat":[],"product_tag":[],"acf":[],"_links":{"self":[{"href":"https:\/\/streetmarkets.fr\/app\/wp-json\/wp\/v2\/product\/3536468"}],"collection":[{"href":"https:\/\/streetmarkets.fr\/app\/wp-json\/wp\/v2\/product"}],"about":[{"href":"https:\/\/streetmarkets.fr\/app\/wp-json\/wp\/v2\/types\/product"}],"replies":[{"embeddable":true,"href":"https:\/\/streetmarkets.fr\/app\/wp-json\/wp\/v2\/comments?post=3536468"}],"wp:featuredmedia":[{"embeddable":true,"href":"https:\/\/streetmarkets.fr\/app\/wp-json\/wp\/v2\/media\/3536469"}],"wp:attachment":[{"href":"https:\/\/streetmarkets.fr\/app\/wp-json\/wp\/v2\/media?parent=3536468"}],"wp:term":[{"taxonomy":"product_brand","embeddable":true,"href":"https:\/\/streetmarkets.fr\/app\/wp-json\/wp\/v2\/product_brand?post=3536468"},{"taxonomy":"product_cat","embeddable":true,"href":"https:\/\/streetmarkets.fr\/app\/wp-json\/wp\/v2\/product_cat?post=3536468"},{"taxonomy":"product_tag","embeddable":true,"href":"https:\/\/streetmarkets.fr\/app\/wp-json\/wp\/v2\/product_tag?post=3536468"}],"curies":[{"name":"wp","href":"https:\/\/api.w.org\/{rel}","templated":true}]}}