{"id":3536435,"date":"2026-02-04T00:24:15","date_gmt":"2026-02-03T23:24:15","guid":{"rendered":"https:\/\/streetmarkets.fr\/app\/produit\/t-shirt-astro-gemeaux\/"},"modified":"2026-03-11T00:25:08","modified_gmt":"2026-03-10T23:25:08","slug":"t-shirt-astro-gemeaux","status":"publish","type":"product","link":"https:\/\/streetmarkets.fr\/app\/produit\/t-shirt-astro-gemeaux\/","title":{"rendered":"T-shirt Astro G\u00e9meaux"},"content":{"rendered":"<p>T-shirt unisexe 100% coton brod\u00e9 \u00e0 la main<\/p>\n<div class=\"page\" title=\"Page 5\">\n<div class=\"section\">\n<div class=\"layoutArea\">\n<div class=\"column\">\n<p>D\u00e9couvrez notre t-shirt brod\u00e9 \u00e0 la main Astro &#8220;G\u00e9meaux&#8221;, une pi\u00e8ce unique confectionn\u00e9e avec amour. S\u00e9lectionn\u00e9 pour sa douceur et sa coupe unisexe parfaite, notre t-shirt 100% coton est brod\u00e9 \u00e0 la main dans notre atelier parisien, avec patience et savoir-faire. Il allie parfaitement le confort du t-shirt avec le style original de la broderie !<\/p>\n<p>&nbsp;<\/p>\n<div class=\"section\">\n<div class=\"layoutArea\">\n<div class=\"column\">\n<p>&nbsp;<\/p>\n<\/div>\n<\/div>\n<\/div>\n<ul>\n<li>T-shirt 100% coton ultra doux<\/li>\n<li>Brod\u00e9 dans notre atelier \u00e0 Paris<\/li>\n<li>Disponible en noir ou blanc<\/li>\n<li>Col rond et manches courtes<\/li>\n<li>Coupe unisexe, taille grand pour les femmes<\/li>\n<li>Emball\u00e9 dans sa bo\u00eete cadeau Francosse<\/li>\n<li>D\u00e9lai d\u2019envoi entre 1 et 5 jours ouvr\u00e9s<\/li>\n<li>Tenue parfaite en machine<\/li>\n<\/ul>\n<p>&nbsp;<\/p>\n<div class=\"section\">\n<div class=\"layoutArea\">\n<div class=\"column\">\n<p>&nbsp;<\/p>\n<\/div>\n<\/div>\n<\/div>\n<h6 style=\"text-align: left\"><strong>Le G\u00e9meaux, double face<br \/>\n<\/strong><\/h6>\n<p>Les G\u00e9meaux sont souvent qualifi\u00e9s du pire signe du Zodiac, jug\u00e9s lunatiques, hypocrites et superficiels, mais cela me semble bien trop injuste pour nos amis G\u00e9meaux ! La G\u00e9meau incarne en effet une grande dualit\u00e9, se montre double face, d\u2019o\u00f9 leur c\u00f4t\u00e9 lunatique et changeant. Mais la G\u00e9meau est aussi une personne tr\u00e8s c\u00e9r\u00e9brale, intelligente, curieuse, avec une soif d\u2019apprendre et de d\u00e9couverte inou\u00efe ! Elle est aussi ouverte d\u2019esprit, et on peut parler avec elle de tout pendant des heures, et rire, car c\u2019est un des signes les plus dr\u00f4le ! La G\u00e9meau est donc tr\u00e8s entour\u00e9e de ses proches, et peut s\u2019adapter \u00e0 toutes les situations. Tenant fortement \u00e0 sa libert\u00e9, elle peut se montrer volage, voire infid\u00e8le \u2026!<\/p>\n<\/div>\n<\/div>\n<\/div>\n<\/div>\n","protected":false},"excerpt":{"rendered":"<p>T-shirt unisexe 100% coton brod\u00e9 \u00e0 la main D\u00e9couvrez notre t-shirt brod\u00e9 \u00e0 la main Astro &#8220;G\u00e9meaux&#8221;, une pi\u00e8ce unique confectionn\u00e9e avec amour. S\u00e9lectionn\u00e9 pour sa douceur et sa coupe unisexe parfaite, notre t-shirt 100% coton est brod\u00e9 \u00e0 la main dans notre atelier parisien, avec patience et savoir-faire. Il allie parfaitement le confort du [&hellip;]<\/p>\n","protected":false},"featured_media":3536436,"comment_status":"open","ping_status":"closed","template":"","meta":[],"product_brand":[],"product_cat":[],"product_tag":[],"acf":[],"_links":{"self":[{"href":"https:\/\/streetmarkets.fr\/app\/wp-json\/wp\/v2\/product\/3536435"}],"collection":[{"href":"https:\/\/streetmarkets.fr\/app\/wp-json\/wp\/v2\/product"}],"about":[{"href":"https:\/\/streetmarkets.fr\/app\/wp-json\/wp\/v2\/types\/product"}],"replies":[{"embeddable":true,"href":"https:\/\/streetmarkets.fr\/app\/wp-json\/wp\/v2\/comments?post=3536435"}],"wp:featuredmedia":[{"embeddable":true,"href":"https:\/\/streetmarkets.fr\/app\/wp-json\/wp\/v2\/media\/3536436"}],"wp:attachment":[{"href":"https:\/\/streetmarkets.fr\/app\/wp-json\/wp\/v2\/media?parent=3536435"}],"wp:term":[{"taxonomy":"product_brand","embeddable":true,"href":"https:\/\/streetmarkets.fr\/app\/wp-json\/wp\/v2\/product_brand?post=3536435"},{"taxonomy":"product_cat","embeddable":true,"href":"https:\/\/streetmarkets.fr\/app\/wp-json\/wp\/v2\/product_cat?post=3536435"},{"taxonomy":"product_tag","embeddable":true,"href":"https:\/\/streetmarkets.fr\/app\/wp-json\/wp\/v2\/product_tag?post=3536435"}],"curies":[{"name":"wp","href":"https:\/\/api.w.org\/{rel}","templated":true}]}}