{"id":3536366,"date":"2026-02-04T00:24:01","date_gmt":"2026-02-03T23:24:01","guid":{"rendered":"https:\/\/streetmarkets.fr\/app\/produit\/t-shirt-astro-sagittaire\/"},"modified":"2026-03-11T00:25:08","modified_gmt":"2026-03-10T23:25:08","slug":"t-shirt-astro-sagittaire","status":"publish","type":"product","link":"https:\/\/streetmarkets.fr\/app\/produit\/t-shirt-astro-sagittaire\/","title":{"rendered":"T-shirt Astro Sagittaire"},"content":{"rendered":"<p>T-shirt unisexe 100% coton brod\u00e9 \u00e0 la main<\/p>\n<div class=\"page\" title=\"Page 5\">\n<div class=\"section\">\n<div class=\"layoutArea\">\n<div class=\"column\">\n<p>D\u00e9couvrez notre t-shirt brod\u00e9 \u00e0 la main Astro &#8220;Sagittaire&#8221;, une pi\u00e8ce unique confectionn\u00e9e avec amour. S\u00e9lectionn\u00e9 pour sa douceur et sa coupe unisexe parfaite, notre t-shirt 100% coton est brod\u00e9 \u00e0 la main dans notre atelier parisien, avec patience et savoir-faire. Il allie parfaitement le confort du t-shirt avec le style original de la broderie !<\/p>\n<p>&nbsp;<\/p>\n<div class=\"section\">\n<div class=\"layoutArea\">\n<div class=\"column\">\n<p>&nbsp;<\/p>\n<\/div>\n<\/div>\n<\/div>\n<ul>\n<li>T-shirt 100% coton ultra doux<\/li>\n<li>Brod\u00e9 dans notre atelier \u00e0 Paris<\/li>\n<li>Disponible en noir ou blanc<\/li>\n<li>Col rond et manches courtes<\/li>\n<li>Coupe unisexe, taille grand pour les femmes<\/li>\n<li>Emball\u00e9 dans sa bo\u00eete cadeau Francosse<\/li>\n<li>D\u00e9lai d\u2019envoi entre 1 et 5 jours ouvr\u00e9s<\/li>\n<li>Tenue parfaite en machine<\/li>\n<\/ul>\n<p>&nbsp;<\/p>\n<div class=\"section\">\n<div class=\"layoutArea\">\n<div class=\"column\">\n<p>&nbsp;<\/p>\n<\/div>\n<\/div>\n<\/div>\n<h6 style=\"text-align: left\"><strong>La Sagittaire, leadeuse impulsive &amp; attachante<br \/>\n<\/strong><\/h6>\n<p>La Sagittaire, signe de feu, est un parfait m\u00e9lange de meuf un peu vener et d\u00e9termin\u00e9e, et de la personne dr\u00f4le et ouverte que t\u2019as tout int\u00e9r\u00eat \u00e0 avoir dans ta vie.\u00a0 La native sagittaire est courageuse, spontan\u00e9e, pleine d\u2019ambitions, elle fonce tout droit car elle \u00e0 confiance en elle, est tr\u00e8s fi\u00e8re, et manque de patience. Passionn\u00e9e, elle entreprend et s\u2019implique \u00e0 fond dans plusieurs int\u00e9r\u00eats, souvent des lubies. La sagittaire a soif d\u2019exp\u00e9rience et d\u2019aventure et c\u2019est pour \u00e7a qu\u2019elle adore voyager et d\u00e9couvrir le monde. Tr\u00e8s ind\u00e9pendante, elle tient \u00e0 sa libert\u00e9, et peut se montrer \u00e9go\u00efste et m\u00eame infid\u00e8le. Son c\u00f4t\u00e9 tout feu tout flamme ne lui vaut un c\u00f4t\u00e9 agressive, impulsive et col\u00e9rique, et il va sans dire que la sagittaire manque tr\u00e8s s\u00e9rieusement de tact et de d\u00e9licatesse. Mais au del\u00e0 de \u00e7a, la Sagittaire est un signe incroyablement sociable et agr\u00e9able \u00e0 vivre. Tr\u00e8s ouverte aux autres, elle adore faire des rencontres et \u00e9changer, sortir, elle est dr\u00f4le, extravertie et optimiste. Et son charisme naturel et son c\u00f4t\u00e9 leader a tendance \u00e0 f\u00e9d\u00e9rer autour d\u2019elle un bon groupe toujours pr\u00eat \u00e0 la suivre.<\/p>\n<\/div>\n<\/div>\n<\/div>\n<\/div>\n<div class=\"page\" title=\"Page 6\">\n<div class=\"section\">\n<div class=\"layoutArea\">\n<div class=\"column\">\n<p>&nbsp;<\/p>\n<\/div>\n<\/div>\n<\/div>\n<\/div>\n","protected":false},"excerpt":{"rendered":"<p>T-shirt unisexe 100% coton brod\u00e9 \u00e0 la main D\u00e9couvrez notre t-shirt brod\u00e9 \u00e0 la main Astro &#8220;Sagittaire&#8221;, une pi\u00e8ce unique confectionn\u00e9e avec amour. S\u00e9lectionn\u00e9 pour sa douceur et sa coupe unisexe parfaite, notre t-shirt 100% coton est brod\u00e9 \u00e0 la main dans notre atelier parisien, avec patience et savoir-faire. Il allie parfaitement le confort du [&hellip;]<\/p>\n","protected":false},"featured_media":3536367,"comment_status":"open","ping_status":"closed","template":"","meta":[],"product_brand":[],"product_cat":[],"product_tag":[],"acf":[],"_links":{"self":[{"href":"https:\/\/streetmarkets.fr\/app\/wp-json\/wp\/v2\/product\/3536366"}],"collection":[{"href":"https:\/\/streetmarkets.fr\/app\/wp-json\/wp\/v2\/product"}],"about":[{"href":"https:\/\/streetmarkets.fr\/app\/wp-json\/wp\/v2\/types\/product"}],"replies":[{"embeddable":true,"href":"https:\/\/streetmarkets.fr\/app\/wp-json\/wp\/v2\/comments?post=3536366"}],"wp:featuredmedia":[{"embeddable":true,"href":"https:\/\/streetmarkets.fr\/app\/wp-json\/wp\/v2\/media\/3536367"}],"wp:attachment":[{"href":"https:\/\/streetmarkets.fr\/app\/wp-json\/wp\/v2\/media?parent=3536366"}],"wp:term":[{"taxonomy":"product_brand","embeddable":true,"href":"https:\/\/streetmarkets.fr\/app\/wp-json\/wp\/v2\/product_brand?post=3536366"},{"taxonomy":"product_cat","embeddable":true,"href":"https:\/\/streetmarkets.fr\/app\/wp-json\/wp\/v2\/product_cat?post=3536366"},{"taxonomy":"product_tag","embeddable":true,"href":"https:\/\/streetmarkets.fr\/app\/wp-json\/wp\/v2\/product_tag?post=3536366"}],"curies":[{"name":"wp","href":"https:\/\/api.w.org\/{rel}","templated":true}]}}