{"id":3536332,"date":"2026-02-04T00:23:55","date_gmt":"2026-02-03T23:23:55","guid":{"rendered":"https:\/\/streetmarkets.fr\/app\/produit\/t-shirt-astro-scorpion\/"},"modified":"2026-03-11T00:25:08","modified_gmt":"2026-03-10T23:25:08","slug":"t-shirt-astro-scorpion","status":"publish","type":"product","link":"https:\/\/streetmarkets.fr\/app\/produit\/t-shirt-astro-scorpion\/","title":{"rendered":"T-shirt Astro Scorpion"},"content":{"rendered":"<p>T-shirt unisexe 100% coton brod\u00e9 \u00e0 la main<\/p>\n<div class=\"page\" title=\"Page 5\">\n<div class=\"section\">\n<div class=\"layoutArea\">\n<div class=\"column\">\n<p>D\u00e9couvrez notre t-shirt brod\u00e9 \u00e0 la main Astro &#8220;scorpion&#8221;, une pi\u00e8ce unique confectionn\u00e9e avec amour. S\u00e9lectionn\u00e9 pour sa douceur et sa coupe unisexe parfaite, notre t-shirt 100% coton est brod\u00e9 \u00e0 la main dans notre atelier parisien, avec patience et savoir-faire. Il allie parfaitement le confort du t-shirt avec le style original de la broderie !<\/p>\n<p>&nbsp;<\/p>\n<div class=\"section\">\n<div class=\"layoutArea\">\n<div class=\"column\">\n<p>&nbsp;<\/p>\n<\/div>\n<\/div>\n<\/div>\n<ul>\n<li>T-shirt 100% coton ultra doux<\/li>\n<li>Brod\u00e9 dans notre atelier \u00e0 Paris<\/li>\n<li>Disponible en noir ou blanc<\/li>\n<li>Col rond et manches courtes<\/li>\n<li>Coupe unisexe, taille grand pour les femmes<\/li>\n<li>Emball\u00e9 dans sa bo\u00eete cadeau Francosse<\/li>\n<li>D\u00e9lai d\u2019envoi entre 1 et 5 jours ouvr\u00e9s<\/li>\n<li>Tenue parfaite en machine<\/li>\n<\/ul>\n<p>&nbsp;<\/p>\n<div class=\"section\">\n<div class=\"layoutArea\">\n<div class=\"column\">\n<p>&nbsp;<\/p>\n<\/div>\n<\/div>\n<\/div>\n<h6 style=\"text-align: left\"><strong>La Scorpion, dangereuse et sensible<br \/>\n<\/strong><\/h6>\n<p>Le signe du Scorpion est r\u00e9put\u00e9 pour \u00eatre manipulateur, capricieux et m\u00e9chant, mais ce serait sans prendre un compte que c\u2019est un signe d\u2019eau, et donc que les Scorpions font preuve d\u2019une grande sensibilit\u00e9 comme leurs amis Cancers et Poissons !\u00a0 Il est vrai que la Scorpion poss\u00e8de souvent un gros caract\u00e8re, elle est franche et directe (un peu trop ?), manque de tact, elle s\u2019affirme telle une bad bitch, ordonne ce qu\u2019elle d\u00e9sire, est tr\u00e8s rancuni\u00e8re, et a presque l\u2019air dangereuse tant elle se montre indomptable. Mais cette force de caract\u00e8re sert surtout \u00e0 cacher l\u2019aspect tr\u00e8s fragile de la Scorpion ! Elle doit garder le contr\u00f4le pour tenter de g\u00e9rer tant bien que mal ses fortes \u00e9motions d\u00e9bordantes et ses pens\u00e9es profondes. Grande sensible, elle a besoin de l\u2019amour et de l\u2019affection de ses proches, et se montre tr\u00e8s loyale, volontaire et g\u00e9n\u00e9reuse dans ses relations. En amour, elle se d\u00e9voue \u00e0 sa moiti\u00e9, mais peut se montrer tr\u00e8s jalouse !<\/p>\n<\/div>\n<\/div>\n<\/div>\n<\/div>\n","protected":false},"excerpt":{"rendered":"<p>T-shirt unisexe 100% coton brod\u00e9 \u00e0 la main D\u00e9couvrez notre t-shirt brod\u00e9 \u00e0 la main Astro &#8220;scorpion&#8221;, une pi\u00e8ce unique confectionn\u00e9e avec amour. S\u00e9lectionn\u00e9 pour sa douceur et sa coupe unisexe parfaite, notre t-shirt 100% coton est brod\u00e9 \u00e0 la main dans notre atelier parisien, avec patience et savoir-faire. Il allie parfaitement le confort du [&hellip;]<\/p>\n","protected":false},"featured_media":3536333,"comment_status":"open","ping_status":"closed","template":"","meta":[],"product_brand":[],"product_cat":[],"product_tag":[],"acf":[],"_links":{"self":[{"href":"https:\/\/streetmarkets.fr\/app\/wp-json\/wp\/v2\/product\/3536332"}],"collection":[{"href":"https:\/\/streetmarkets.fr\/app\/wp-json\/wp\/v2\/product"}],"about":[{"href":"https:\/\/streetmarkets.fr\/app\/wp-json\/wp\/v2\/types\/product"}],"replies":[{"embeddable":true,"href":"https:\/\/streetmarkets.fr\/app\/wp-json\/wp\/v2\/comments?post=3536332"}],"wp:featuredmedia":[{"embeddable":true,"href":"https:\/\/streetmarkets.fr\/app\/wp-json\/wp\/v2\/media\/3536333"}],"wp:attachment":[{"href":"https:\/\/streetmarkets.fr\/app\/wp-json\/wp\/v2\/media?parent=3536332"}],"wp:term":[{"taxonomy":"product_brand","embeddable":true,"href":"https:\/\/streetmarkets.fr\/app\/wp-json\/wp\/v2\/product_brand?post=3536332"},{"taxonomy":"product_cat","embeddable":true,"href":"https:\/\/streetmarkets.fr\/app\/wp-json\/wp\/v2\/product_cat?post=3536332"},{"taxonomy":"product_tag","embeddable":true,"href":"https:\/\/streetmarkets.fr\/app\/wp-json\/wp\/v2\/product_tag?post=3536332"}],"curies":[{"name":"wp","href":"https:\/\/api.w.org\/{rel}","templated":true}]}}