{"id":3536157,"date":"2026-02-04T00:23:26","date_gmt":"2026-02-03T23:23:26","guid":{"rendered":"https:\/\/streetmarkets.fr\/app\/produit\/t-shirt-astro-poisson\/"},"modified":"2026-03-11T00:25:07","modified_gmt":"2026-03-10T23:25:07","slug":"t-shirt-astro-poisson","status":"publish","type":"product","link":"https:\/\/streetmarkets.fr\/app\/produit\/t-shirt-astro-poisson\/","title":{"rendered":"T-shirt Astro Poisson"},"content":{"rendered":"<p>T-shirt unisexe 100% coton brod\u00e9 \u00e0 la main<\/p>\n<div class=\"page\" title=\"Page 5\">\n<div class=\"section\">\n<div class=\"layoutArea\">\n<div class=\"column\">\n<p>D\u00e9couvrez notre t-shirt brod\u00e9 \u00e0 la main Astro &#8220;Poisson&#8221;, une pi\u00e8ce unique confectionn\u00e9e avec amour. S\u00e9lectionn\u00e9 pour sa douceur et sa coupe unisexe parfaite, notre t-shirt 100% coton est brod\u00e9 \u00e0 la main dans notre atelier parisien, avec patience et savoir-faire. Il allie parfaitement le confort du t-shirt avec le style original de la broderie !<\/p>\n<p>&nbsp;<\/p>\n<div class=\"section\">\n<div class=\"layoutArea\">\n<div class=\"column\">\n<p>&nbsp;<\/p>\n<\/div>\n<\/div>\n<\/div>\n<ul>\n<li>T-shirt 100% coton ultra doux<\/li>\n<li>Brod\u00e9 dans notre atelier \u00e0 Paris<\/li>\n<li>Disponible en noir ou blanc<\/li>\n<li>Col rond et manches courtes<\/li>\n<li>Coupe unisexe, taille grand pour les femmes<\/li>\n<li>Emball\u00e9 dans sa bo\u00eete cadeau Francosse<\/li>\n<li>D\u00e9lai d\u2019envoi entre 1 et 5 jours ouvr\u00e9s<\/li>\n<li>Tenue parfaite en machine<\/li>\n<\/ul>\n<p>&nbsp;<\/p>\n<div class=\"section\">\n<div class=\"layoutArea\">\n<div class=\"column\">\n<p>&nbsp;<\/p>\n<\/div>\n<\/div>\n<\/div>\n<h6 style=\"text-align: left\"><strong>Le Poisson, le meilleur signe<br \/>\n<\/strong><\/h6>\n<p>Ah les poissons, mes petits chouchous, un signe beaucoup trop sous estim\u00e9.\u00a0 Moi je suis une poisson, une vraie, et je d\u00e9fendrai les poissons co\u00fbte que co\u00fbte ! Bon, oui la Poisson n\u2019est pas la plus badass des signes du Zodiac, c\u2019est s\u00fbr, mais elle a plein de qualit\u00e9s !<\/p>\n<p>La Poisson est cr\u00e9ative (d\u2019o\u00f9 la broderie hehe), r\u00eaveuse, et surtout c\u2019est le signe d\u2019eau le plus sensible du Zodiac (elle pleure plus que les Cancer c\u2019est dire! ). Tr\u00e8s ouverte d\u2019esprit et intuitive, elle sait comprendre et cerner les gens, c\u2019est une excellente amie, toujours de bons conseils et pr\u00eate \u00e0 se battre pour vous. Tr\u00e8s empathique et compatissante, elle prendra vos probl\u00e8mes tr\u00e8s (trop) \u00e0 c\u0153ur. Elle est surtout loyale et fid\u00e8le, autant en amiti\u00e9 qu\u2019en amour, m\u00eame si elle tient beaucoup \u00e0 sa libert\u00e9, elle a souvent besoin des autres, avec un petit penchant pour la d\u00e9pendance affective.<br \/>\nSes meilleurs alli\u00e9s sont les Cancers et les Scorpions, les deux autres signes d\u2019eau et petits sensibles du Zodiac !<\/p>\n<\/div>\n<\/div>\n<\/div>\n<\/div>\n","protected":false},"excerpt":{"rendered":"<p>T-shirt unisexe 100% coton brod\u00e9 \u00e0 la main D\u00e9couvrez notre t-shirt brod\u00e9 \u00e0 la main Astro &#8220;Poisson&#8221;, une pi\u00e8ce unique confectionn\u00e9e avec amour. S\u00e9lectionn\u00e9 pour sa douceur et sa coupe unisexe parfaite, notre t-shirt 100% coton est brod\u00e9 \u00e0 la main dans notre atelier parisien, avec patience et savoir-faire. Il allie parfaitement le confort du [&hellip;]<\/p>\n","protected":false},"featured_media":3536158,"comment_status":"open","ping_status":"closed","template":"","meta":[],"product_brand":[],"product_cat":[],"product_tag":[],"acf":[],"_links":{"self":[{"href":"https:\/\/streetmarkets.fr\/app\/wp-json\/wp\/v2\/product\/3536157"}],"collection":[{"href":"https:\/\/streetmarkets.fr\/app\/wp-json\/wp\/v2\/product"}],"about":[{"href":"https:\/\/streetmarkets.fr\/app\/wp-json\/wp\/v2\/types\/product"}],"replies":[{"embeddable":true,"href":"https:\/\/streetmarkets.fr\/app\/wp-json\/wp\/v2\/comments?post=3536157"}],"wp:featuredmedia":[{"embeddable":true,"href":"https:\/\/streetmarkets.fr\/app\/wp-json\/wp\/v2\/media\/3536158"}],"wp:attachment":[{"href":"https:\/\/streetmarkets.fr\/app\/wp-json\/wp\/v2\/media?parent=3536157"}],"wp:term":[{"taxonomy":"product_brand","embeddable":true,"href":"https:\/\/streetmarkets.fr\/app\/wp-json\/wp\/v2\/product_brand?post=3536157"},{"taxonomy":"product_cat","embeddable":true,"href":"https:\/\/streetmarkets.fr\/app\/wp-json\/wp\/v2\/product_cat?post=3536157"},{"taxonomy":"product_tag","embeddable":true,"href":"https:\/\/streetmarkets.fr\/app\/wp-json\/wp\/v2\/product_tag?post=3536157"}],"curies":[{"name":"wp","href":"https:\/\/api.w.org\/{rel}","templated":true}]}}