{"id":3536055,"date":"2026-02-04T00:22:58","date_gmt":"2026-02-03T23:22:58","guid":{"rendered":"https:\/\/streetmarkets.fr\/app\/produit\/sweat-brode-drama-queen\/"},"modified":"2026-03-11T00:23:44","modified_gmt":"2026-03-10T23:23:44","slug":"sweat-brode-drama-queen","status":"publish","type":"product","link":"https:\/\/streetmarkets.fr\/app\/produit\/sweat-brode-drama-queen\/","title":{"rendered":"Sweat brod\u00e9 Drama Queen"},"content":{"rendered":"<p>Sweat brod\u00e9 100% coton bio<\/p>\n<p>Assumez votre c\u00f4t\u00e9 drama queen avec notre sweat brod\u00e9 \u201cDrama Queen\u201d, une pi\u00e8ce unique alliant parfaitement le confort du sweat avec le style original de la broderie. S\u00e9lectionn\u00e9 pour sa mati\u00e8re ultra douce, chaude et molletonn\u00e9e, et sa coupe unisexe parfaite, notre sweat 100% coton bio est brod\u00e9 dans notre atelier \u00e0 Marseille, avec amour et patience. Qui a dit qu&#8217;on ne pouvait pas \u00eatre confort et styl\u00e9e en m\u00eame temps ? Offrez-vous un v\u00eatement unique et intemporel qui raconte une histoire.<\/p>\n<div class=\"page\" title=\"Page 7\">\n<div class=\"section\">\n<div class=\"layoutArea\">\n<div class=\"column\">\n<p>&nbsp;<\/p>\n<\/div>\n<\/div>\n<\/div>\n<\/div>\n<p>&nbsp;<\/p>\n<p>&nbsp;<\/p>\n<p>&nbsp;<\/p>\n<div class=\"page\" title=\"Page 7\">\n<div class=\"section\">\n<div class=\"layoutArea\">\n<div class=\"column\">\n<ul>\n<li>Sweatshirt 100% coton bio ultra doux<\/li>\n<li>Molletonn\u00e9 \u00e0 l\u2019int\u00e9rieur<\/li>\n<li>Coupe femme oversize, arrive aux hanches<\/li>\n<li>Brod\u00e9 dans notre atelier \u00e0 Marseille<\/li>\n<li>Broderie sur le c\u0153ur<\/li>\n<li>D\u00e9lai d\u2019envoi entre 3 et 6 jours ouvr\u00e9s<\/li>\n<\/ul>\n<\/div>\n<\/div>\n<\/div>\n<\/div>\n","protected":false},"excerpt":{"rendered":"<p>Sweat brod\u00e9 100% coton bio Assumez votre c\u00f4t\u00e9 drama queen avec notre sweat brod\u00e9 \u201cDrama Queen\u201d, une pi\u00e8ce unique alliant parfaitement le confort du sweat avec le style original de la broderie. S\u00e9lectionn\u00e9 pour sa mati\u00e8re ultra douce, chaude et molletonn\u00e9e, et sa coupe unisexe parfaite, notre sweat 100% coton bio est brod\u00e9 dans notre [&hellip;]<\/p>\n","protected":false},"featured_media":3536056,"comment_status":"open","ping_status":"closed","template":"","meta":[],"product_brand":[],"product_cat":[],"product_tag":[],"acf":[],"_links":{"self":[{"href":"https:\/\/streetmarkets.fr\/app\/wp-json\/wp\/v2\/product\/3536055"}],"collection":[{"href":"https:\/\/streetmarkets.fr\/app\/wp-json\/wp\/v2\/product"}],"about":[{"href":"https:\/\/streetmarkets.fr\/app\/wp-json\/wp\/v2\/types\/product"}],"replies":[{"embeddable":true,"href":"https:\/\/streetmarkets.fr\/app\/wp-json\/wp\/v2\/comments?post=3536055"}],"wp:featuredmedia":[{"embeddable":true,"href":"https:\/\/streetmarkets.fr\/app\/wp-json\/wp\/v2\/media\/3536056"}],"wp:attachment":[{"href":"https:\/\/streetmarkets.fr\/app\/wp-json\/wp\/v2\/media?parent=3536055"}],"wp:term":[{"taxonomy":"product_brand","embeddable":true,"href":"https:\/\/streetmarkets.fr\/app\/wp-json\/wp\/v2\/product_brand?post=3536055"},{"taxonomy":"product_cat","embeddable":true,"href":"https:\/\/streetmarkets.fr\/app\/wp-json\/wp\/v2\/product_cat?post=3536055"},{"taxonomy":"product_tag","embeddable":true,"href":"https:\/\/streetmarkets.fr\/app\/wp-json\/wp\/v2\/product_tag?post=3536055"}],"curies":[{"name":"wp","href":"https:\/\/api.w.org\/{rel}","templated":true}]}}