{"id":3535919,"date":"2026-02-04T00:22:40","date_gmt":"2026-02-03T23:22:40","guid":{"rendered":"https:\/\/streetmarkets.fr\/app\/produit\/t-shirt-drama-queen\/"},"modified":"2026-03-11T00:23:44","modified_gmt":"2026-03-10T23:23:44","slug":"t-shirt-drama-queen","status":"publish","type":"product","link":"https:\/\/streetmarkets.fr\/app\/produit\/t-shirt-drama-queen\/","title":{"rendered":"T-shirt Drama queen"},"content":{"rendered":"<p>T-shirt unisexe 100% coton brod\u00e9 \u00e0 Paris<\/p>\n<p>Assumez votre c\u00f4t\u00e9 drama queen avec notre T-shirt brod\u00e9 &#8220;Drama Queen&#8221;, une pi\u00e8ce unique alliant parfaitement le confort du t-shirt avec le style original de la broderie. S\u00e9lectionn\u00e9 pour sa douceur et sa coupe unisexe parfaite,<span class=\"Apple-converted-space\">\u00a0<\/span>notre t-shirt 100% coton est brod\u00e9 dans notre atelier parisien, avec amour et patience. Offrez-vous un v\u00eatement unique et intemporel qui raconte une histoire.<span class=\"Apple-converted-space\">\u00a0<\/span><\/p>\n<p>&nbsp;<\/p>\n<div class=\"section\">\n<div class=\"layoutArea\">\n<div class=\"column\">\n<p>&nbsp;<\/p>\n<\/div>\n<\/div>\n<\/div>\n<ul>\n<li>T-shirt 100% coton ultra doux<\/li>\n<li>Brod\u00e9 dans notre atelier \u00e0 Paris<\/li>\n<li>Disponible en noir ou blanc<\/li>\n<li>Col rond et manches courtes<\/li>\n<li>Coupe unisexe, taille grand pour les femmes<\/li>\n<li>Emball\u00e9 dans sa bo\u00eete cadeau Francosse<\/li>\n<li>D\u00e9lai d\u2019envoi entre 1 et 5 jours ouvr\u00e9s<\/li>\n<li>Tenue parfaite en machine<\/li>\n<\/ul>\n<p>&nbsp;<\/p>\n<div class=\"section\">\n<div class=\"layoutArea\">\n<div class=\"column\">\n<p>&nbsp;<\/p>\n<\/div>\n<\/div>\n<\/div>\n<p>Tu aimes ce\u00a0t-shirt brod\u00e9 Drama Queen ? Tu aimeras sans aucun doute aussi notre <a href=\"https:\/\/studio-francosse.fr\/produit\/feministe\/\">t-shirt F\u00e9ministe<\/a> !<\/p>\n","protected":false},"excerpt":{"rendered":"<p>T-shirt unisexe 100% coton brod\u00e9 \u00e0 Paris Assumez votre c\u00f4t\u00e9 drama queen avec notre T-shirt brod\u00e9 &#8220;Drama Queen&#8221;, une pi\u00e8ce unique alliant parfaitement le confort du t-shirt avec le style original de la broderie. S\u00e9lectionn\u00e9 pour sa douceur et sa coupe unisexe parfaite,\u00a0notre t-shirt 100% coton est brod\u00e9 dans notre atelier parisien, avec amour et [&hellip;]<\/p>\n","protected":false},"featured_media":3535920,"comment_status":"open","ping_status":"closed","template":"","meta":[],"product_brand":[],"product_cat":[],"product_tag":[],"acf":[],"_links":{"self":[{"href":"https:\/\/streetmarkets.fr\/app\/wp-json\/wp\/v2\/product\/3535919"}],"collection":[{"href":"https:\/\/streetmarkets.fr\/app\/wp-json\/wp\/v2\/product"}],"about":[{"href":"https:\/\/streetmarkets.fr\/app\/wp-json\/wp\/v2\/types\/product"}],"replies":[{"embeddable":true,"href":"https:\/\/streetmarkets.fr\/app\/wp-json\/wp\/v2\/comments?post=3535919"}],"wp:featuredmedia":[{"embeddable":true,"href":"https:\/\/streetmarkets.fr\/app\/wp-json\/wp\/v2\/media\/3535920"}],"wp:attachment":[{"href":"https:\/\/streetmarkets.fr\/app\/wp-json\/wp\/v2\/media?parent=3535919"}],"wp:term":[{"taxonomy":"product_brand","embeddable":true,"href":"https:\/\/streetmarkets.fr\/app\/wp-json\/wp\/v2\/product_brand?post=3535919"},{"taxonomy":"product_cat","embeddable":true,"href":"https:\/\/streetmarkets.fr\/app\/wp-json\/wp\/v2\/product_cat?post=3535919"},{"taxonomy":"product_tag","embeddable":true,"href":"https:\/\/streetmarkets.fr\/app\/wp-json\/wp\/v2\/product_tag?post=3535919"}],"curies":[{"name":"wp","href":"https:\/\/api.w.org\/{rel}","templated":true}]}}