{"id":3535822,"date":"2026-02-04T00:22:28","date_gmt":"2026-02-03T23:22:28","guid":{"rendered":"https:\/\/streetmarkets.fr\/app\/produit\/top-pelote-moi-bleu\/"},"modified":"2026-03-11T00:23:43","modified_gmt":"2026-03-10T23:23:43","slug":"top-pelote-moi-bleu","status":"publish","type":"product","link":"https:\/\/streetmarkets.fr\/app\/produit\/top-pelote-moi-bleu\/","title":{"rendered":"Top pelote moi bleu"},"content":{"rendered":"<p>BLUE IS CUTE<\/p>\n<p>LA collab la plus sexy de l&#8217;ann\u00e9e : le top en maille tricot\u00e9 ET brod\u00e9 \u00e0 la main &#8220;pelote moi&#8221; d\u00e9barque pour la Saint Valentin ! Et c&#8217;est sign\u00e9 Francosse X Demarsamai<\/p>\n<p>Ce top en maille bleu brod\u00e9 &#8220;pelote moi&#8221;, c&#8217;est la rencontre de Francosse, marque de v\u00eatements brod\u00e9s \u00e0 la main, et Demarsamai, cr\u00e9atrice de maille color\u00e9e et petillante \u00e0 Paris.<\/p>\n<h4 style=\"text-align: center\"><strong>TAILLE ET COULEUR<\/strong><\/h4>\n<p>Ce top en taille unique et d\u00e9clin\u00e9 en 4 couleurs (Ici BLEU) est en taille unique car il s&#8217;adapte naturellement \u00e0 toutes les morphologies gr\u00e2ce \u00e0 sa fa\u00e7on d&#8217;\u00eatre tricot\u00e9 (bord c\u00f4te). Et on va pas se mentir, il fait des boobs de r\u00eave \u00e0 TOUTES !<\/p>\n<h4 style=\"text-align: center\"><strong>CONFECTION : Une collab 100% faite main en France tu dis ??\u00a0<\/strong><\/h4>\n<p>Ce top est tricot\u00e9 \u00e0 la machine \u00e0 tricoter par Demarsamai dans son atelier parisien, avec de la laine upcycl\u00e9e, puis assembl\u00e9 \u00e0 la main. Ensuite, il est brod\u00e9 \u00e0 la main par Francosse.<\/p>\n<h4 style=\"text-align: center\"><strong>LIVRAISON<\/strong><\/h4>\n<p>Ton top est r\u00e9alis\u00e9 \u00e0 la commande ! Nous l\u2019expe\u0301dions sous 1 a\u0300 5 jours ouvre\u0301s, et tu seras livre\u0301 en lettre suivie ou colissimo, avec La Poste. Les livraisons sont assure\u0301es partout dans le monde.<\/p>\n<div class=\"page\" title=\"Page 6\">\n<div class=\"section\">\n<div class=\"layoutArea\">\n<div class=\"column\">\n<p>Tu peux aussi retirer gratuitement ta commande a\u0300 notre atelier, a\u0300 Montreuil 93100 (Croix de Chavaux)<\/p>\n<p>Si tu as un de\u0301lai particulier, merci d\u2019e\u0301crire un petit mot avec ta commande en le pre\u0301cisant, on pourra su\u0302rement faire quelque chose pour toi !<\/p>\n<\/div>\n<\/div>\n<\/div>\n<\/div>\n<h4 style=\"text-align: center\"><strong>ENTRETIEN<\/strong><\/h4>\n<p>Lavage \u00e0 la main, s\u00e9chage \u00e0 plat, pas de s\u00e8che linge, repassage tr\u00e8s doux.<\/p>\n<p>&nbsp;<\/p>\n<div class=\"page\" title=\"Page 7\">\n<div class=\"section\">\n<div class=\"layoutArea\">\n<div class=\"column\">\n<p>Tu aimes ce top en maille brod\u00e9 &#8220;pelote moi&#8221; bleu ? Tu aimeras sans aucun doute aussi le <a href=\"https:\/\/studio-francosse.fr\/produit\/top-en-maille-brode-pelote-moi\/\">top en maille brod\u00e9 &#8220;pelote moi&#8221; vert<\/a> !<\/p>\n<\/div>\n<\/div>\n<\/div>\n<\/div>\n","protected":false},"excerpt":{"rendered":"<p>BLUE IS CUTE LA collab la plus sexy de l&#8217;ann\u00e9e : le top en maille tricot\u00e9 ET brod\u00e9 \u00e0 la main &#8220;pelote moi&#8221; d\u00e9barque pour la Saint Valentin ! Et c&#8217;est sign\u00e9 Francosse X Demarsamai Ce top en maille bleu brod\u00e9 &#8220;pelote moi&#8221;, c&#8217;est la rencontre de Francosse, marque de v\u00eatements brod\u00e9s \u00e0 la main, [&hellip;]<\/p>\n","protected":false},"featured_media":3535823,"comment_status":"open","ping_status":"closed","template":"","meta":[],"product_brand":[],"product_cat":[],"product_tag":[],"acf":[],"_links":{"self":[{"href":"https:\/\/streetmarkets.fr\/app\/wp-json\/wp\/v2\/product\/3535822"}],"collection":[{"href":"https:\/\/streetmarkets.fr\/app\/wp-json\/wp\/v2\/product"}],"about":[{"href":"https:\/\/streetmarkets.fr\/app\/wp-json\/wp\/v2\/types\/product"}],"replies":[{"embeddable":true,"href":"https:\/\/streetmarkets.fr\/app\/wp-json\/wp\/v2\/comments?post=3535822"}],"wp:featuredmedia":[{"embeddable":true,"href":"https:\/\/streetmarkets.fr\/app\/wp-json\/wp\/v2\/media\/3535823"}],"wp:attachment":[{"href":"https:\/\/streetmarkets.fr\/app\/wp-json\/wp\/v2\/media?parent=3535822"}],"wp:term":[{"taxonomy":"product_brand","embeddable":true,"href":"https:\/\/streetmarkets.fr\/app\/wp-json\/wp\/v2\/product_brand?post=3535822"},{"taxonomy":"product_cat","embeddable":true,"href":"https:\/\/streetmarkets.fr\/app\/wp-json\/wp\/v2\/product_cat?post=3535822"},{"taxonomy":"product_tag","embeddable":true,"href":"https:\/\/streetmarkets.fr\/app\/wp-json\/wp\/v2\/product_tag?post=3535822"}],"curies":[{"name":"wp","href":"https:\/\/api.w.org\/{rel}","templated":true}]}}