{"id":3535737,"date":"2026-02-04T00:22:10","date_gmt":"2026-02-03T23:22:10","guid":{"rendered":"https:\/\/streetmarkets.fr\/app\/produit\/kit-de-broderie-boobs\/"},"modified":"2026-03-11T00:22:53","modified_gmt":"2026-03-10T23:22:53","slug":"kit-de-broderie-boobs","status":"publish","type":"product","link":"https:\/\/streetmarkets.fr\/app\/produit\/kit-de-broderie-boobs\/","title":{"rendered":"Kit de Broderie &#8220;Boobs&#8221;"},"content":{"rendered":"<p>Kit de broderie pour d\u00e9butant<\/p>\n<div class=\"page\" title=\"Page 10\">\n<div class=\"section\">\n<div class=\"layoutArea\">\n<div class=\"column\">\n<p>Explorez l&#8217;univers passionnant de la broderie avec notre Kit de Broderie &#8220;Boobs&#8221;, votre compagnon parfait pour d\u00e9marrer votre aventure cr\u00e9ative. Notre kit comprend tout le n\u00e9cessaire pour vous permettre de cr\u00e9er une broderie unique, quel que vous soyez d\u00e9butant ou exp\u00e9riment\u00e9 !<\/p>\n<\/div>\n<\/div>\n<\/div>\n<\/div>\n<p>&nbsp;<\/p>\n<p>&nbsp;<\/p>\n<div class=\"page\" title=\"Page 10\">\n<div class=\"section\">\n<div class=\"layoutArea\">\n<div class=\"column\">\n<h6><b>Que contient le kit de broderie Francosse ?<\/b><\/h6>\n<\/div>\n<\/div>\n<\/div>\n<\/div>\n<div class=\"page\" title=\"Page 10\">\n<div class=\"section\">\n<div class=\"layoutArea\">\n<div class=\"column\">\n<p>\u2013 Un pochon en tissu recycl\u00e9<\/p>\n<\/div>\n<\/div>\n<\/div>\n<\/div>\n<div class=\"page\" title=\"Page 10\">\n<div class=\"section\">\n<div class=\"layoutArea\">\n<div class=\"column\">\n<p>\u2013 Votre support au choix : toile de coton \u00e0 encadrer ou t-shirt 100% coton (+10\u20ac)<\/p>\n<\/div>\n<\/div>\n<\/div>\n<\/div>\n<div class=\"page\" title=\"Page 10\">\n<div class=\"section\">\n<div class=\"layoutArea\">\n<div class=\"column\">\n<p>\u2013 Un papier transfert imprim\u00e9 du mod\u00e8le pour une facilit\u00e9 d\u2019utilisation (il se dissout sous l\u2019eau une fois votre broderie termin\u00e9e)<\/p>\n<\/div>\n<\/div>\n<\/div>\n<\/div>\n<p>&nbsp;<\/p>\n<div class=\"page\" title=\"Page 10\">\n<div class=\"section\">\n<div class=\"layoutArea\">\n<div class=\"column\">\n<ul>\n<li>Une toile pour vous entra\u00eener aux points de base<\/li>\n<li>Un tambour \u00e0 broder DMC pour maintenir votre tissu tendu pendant la broderie<\/li>\n<li>Des bobines de fils DMC pour une gamme de couleurs vari\u00e9e<\/li>\n<li>Une aiguille \u00e0 broder DMC \u00e0 la taille id\u00e9ale<\/li>\n<li>Un manuel de survie 2.0 pour d\u00e9buter la broderie, regorgeant de nos conseils personnalis\u00e9s et d&#8217;instructions d\u00e9taill\u00e9es<\/li>\n<\/ul>\n<\/div>\n<\/div>\n<\/div>\n<\/div>\n<p>&nbsp;<\/p>\n<p>&nbsp;<\/p>\n<div class=\"page\" title=\"Page 10\">\n<div class=\"section\">\n<div class=\"layoutArea\">\n<div class=\"column\">\n<h6><b>Que contient le manuel de survie Francosse ?<\/b><\/h6>\n<ul>\n<li>Une liste d\u00e9taill\u00e9e du mat\u00e9riel n\u00e9cessaire pour commencer<\/li>\n<li>La reproduction couleur du mod\u00e8le de broderie avec une infographie des points utilis\u00e9s<\/li>\n<li>Un QR code donnant acc\u00e8s \u00e0 notre vid\u00e9o YouTube pour apprendre les bases et les points essentiels de la broderie<\/li>\n<li>Les 10 commandements de la broderie par Francosse pour vous guider dans votre voyage cr\u00e9atif<\/li>\n<li>Nos conseils et astuces pour aller plus loin dans votre pratique de la broderie<\/li>\n<\/ul>\n<\/div>\n<\/div>\n<\/div>\n<\/div>\n<p>&nbsp;<\/p>\n<div class=\"page\" title=\"Page 10\">\n<div class=\"section\">\n<div class=\"layoutArea\">\n<div class=\"column\">\n<p>Temps de r\u00e9alisation : entre 2 et 4h<\/p>\n<\/div>\n<\/div>\n<\/div>\n<\/div>\n<p>&nbsp;<\/p>\n<div class=\"page\" title=\"Page 10\">\n<div class=\"section\">\n<div class=\"layoutArea\">\n<div class=\"column\">\n<p>Lancez-vous d\u00e8s maintenant dans l&#8217;aventure de la broderie avec le Kit de Broderie Studio Francosse. Avec toutes les ressources n\u00e9cessaires \u00e0 port\u00e9e de main, vous \u00eates pr\u00eat \u00e0 cr\u00e9er une broderie magnifique et unique en son genre.<\/p>\n<\/div>\n<\/div>\n<\/div>\n<\/div>\n","protected":false},"excerpt":{"rendered":"<p>Kit de broderie pour d\u00e9butant Explorez l&#8217;univers passionnant de la broderie avec notre Kit de Broderie &#8220;Boobs&#8221;, votre compagnon parfait pour d\u00e9marrer votre aventure cr\u00e9ative. Notre kit comprend tout le n\u00e9cessaire pour vous permettre de cr\u00e9er une broderie unique, quel que vous soyez d\u00e9butant ou exp\u00e9riment\u00e9 ! &nbsp; &nbsp; Que contient le kit de broderie [&hellip;]<\/p>\n","protected":false},"featured_media":3535738,"comment_status":"open","ping_status":"closed","template":"","meta":[],"product_brand":[],"product_cat":[],"product_tag":[],"acf":[],"_links":{"self":[{"href":"https:\/\/streetmarkets.fr\/app\/wp-json\/wp\/v2\/product\/3535737"}],"collection":[{"href":"https:\/\/streetmarkets.fr\/app\/wp-json\/wp\/v2\/product"}],"about":[{"href":"https:\/\/streetmarkets.fr\/app\/wp-json\/wp\/v2\/types\/product"}],"replies":[{"embeddable":true,"href":"https:\/\/streetmarkets.fr\/app\/wp-json\/wp\/v2\/comments?post=3535737"}],"wp:featuredmedia":[{"embeddable":true,"href":"https:\/\/streetmarkets.fr\/app\/wp-json\/wp\/v2\/media\/3535738"}],"wp:attachment":[{"href":"https:\/\/streetmarkets.fr\/app\/wp-json\/wp\/v2\/media?parent=3535737"}],"wp:term":[{"taxonomy":"product_brand","embeddable":true,"href":"https:\/\/streetmarkets.fr\/app\/wp-json\/wp\/v2\/product_brand?post=3535737"},{"taxonomy":"product_cat","embeddable":true,"href":"https:\/\/streetmarkets.fr\/app\/wp-json\/wp\/v2\/product_cat?post=3535737"},{"taxonomy":"product_tag","embeddable":true,"href":"https:\/\/streetmarkets.fr\/app\/wp-json\/wp\/v2\/product_tag?post=3535737"}],"curies":[{"name":"wp","href":"https:\/\/api.w.org\/{rel}","templated":true}]}}