{"id":3535647,"date":"2026-02-04T00:21:59","date_gmt":"2026-02-03T23:21:59","guid":{"rendered":"https:\/\/streetmarkets.fr\/app\/produit\/t-shirt-dolce-vita\/"},"modified":"2026-03-11T00:22:53","modified_gmt":"2026-03-10T23:22:53","slug":"t-shirt-dolce-vita","status":"publish","type":"product","link":"https:\/\/streetmarkets.fr\/app\/produit\/t-shirt-dolce-vita\/","title":{"rendered":"T-shirt Dolce Vita"},"content":{"rendered":"<p><b><span class=\"Apple-converted-space\">\u00a0<\/span><\/b>T-shirt unisexe 100% coton brod\u00e9 \u00e0 la main<\/p>\n<div class=\"page\" title=\"Page 6\">\n<div class=\"section\">\n<div class=\"layoutArea\">\n<div class=\"column\"><\/div>\n<\/div>\n<\/div>\n<\/div>\n<p>C\u00e9l\u00e9brez la dolce vita avec notre T-shirt brod\u00e9 \u00e0 la main &#8220;Dolce vita&#8221;, une invitation \u00e0 savourer les petits plaisirs de la vie et au soleil ! S\u00e9lectionn\u00e9 pour sa douceur et sa coupe unisexe parfaite, notre t-shirt 100% coton est brod\u00e9 \u00e0 la main dans notre atelier parisien, avec patience et savoir-faire. Il allie parfaitement le confort du t-shirt avec le style original de la broderie !<\/p>\n<p>&nbsp;<\/p>\n<div class=\"section\">\n<div class=\"layoutArea\">\n<div class=\"column\">\n<p>&nbsp;<\/p>\n<\/div>\n<\/div>\n<\/div>\n<ul>\n<li>T-shirt 100% coton ultra doux<\/li>\n<li>Brod\u00e9 dans notre atelier \u00e0 Paris<\/li>\n<li>Disponible en noir ou blanc<\/li>\n<li>Col rond et manches courtes<\/li>\n<li>Coupe unisexe, taille grand pour les femmes<\/li>\n<li>Emball\u00e9 dans sa bo\u00eete cadeau Francosse<\/li>\n<li>D\u00e9lai d\u2019envoi entre 1 et 5 jours ouvr\u00e9s<\/li>\n<li>Tenue parfaite en machine<\/li>\n<\/ul>\n<p>&nbsp;<\/p>\n<div class=\"section\">\n<div class=\"layoutArea\">\n<div class=\"column\">\n<p>&nbsp;<\/p>\n<\/div>\n<\/div>\n<\/div>\n<div class=\"page\" title=\"Page 7\">\n<div class=\"section\">\n<div class=\"layoutArea\">\n<div class=\"column\">\n<p>Tu aimes ce t-shirt Dolce Vita ? Tu aimeras sans aucun doute aussi notre <a href=\"https:\/\/studio-francosse.fr\/produit\/doux-reveil\/\">t-shirt Doux r\u00e9veil<\/a> !<\/p>\n<\/div>\n<\/div>\n<\/div>\n<\/div>\n","protected":false},"excerpt":{"rendered":"<p>\u00a0T-shirt unisexe 100% coton brod\u00e9 \u00e0 la main C\u00e9l\u00e9brez la dolce vita avec notre T-shirt brod\u00e9 \u00e0 la main &#8220;Dolce vita&#8221;, une invitation \u00e0 savourer les petits plaisirs de la vie et au soleil ! S\u00e9lectionn\u00e9 pour sa douceur et sa coupe unisexe parfaite, notre t-shirt 100% coton est brod\u00e9 \u00e0 la main dans notre [&hellip;]<\/p>\n","protected":false},"featured_media":3535648,"comment_status":"open","ping_status":"closed","template":"","meta":[],"product_brand":[],"product_cat":[],"product_tag":[],"acf":[],"_links":{"self":[{"href":"https:\/\/streetmarkets.fr\/app\/wp-json\/wp\/v2\/product\/3535647"}],"collection":[{"href":"https:\/\/streetmarkets.fr\/app\/wp-json\/wp\/v2\/product"}],"about":[{"href":"https:\/\/streetmarkets.fr\/app\/wp-json\/wp\/v2\/types\/product"}],"replies":[{"embeddable":true,"href":"https:\/\/streetmarkets.fr\/app\/wp-json\/wp\/v2\/comments?post=3535647"}],"wp:featuredmedia":[{"embeddable":true,"href":"https:\/\/streetmarkets.fr\/app\/wp-json\/wp\/v2\/media\/3535648"}],"wp:attachment":[{"href":"https:\/\/streetmarkets.fr\/app\/wp-json\/wp\/v2\/media?parent=3535647"}],"wp:term":[{"taxonomy":"product_brand","embeddable":true,"href":"https:\/\/streetmarkets.fr\/app\/wp-json\/wp\/v2\/product_brand?post=3535647"},{"taxonomy":"product_cat","embeddable":true,"href":"https:\/\/streetmarkets.fr\/app\/wp-json\/wp\/v2\/product_cat?post=3535647"},{"taxonomy":"product_tag","embeddable":true,"href":"https:\/\/streetmarkets.fr\/app\/wp-json\/wp\/v2\/product_tag?post=3535647"}],"curies":[{"name":"wp","href":"https:\/\/api.w.org\/{rel}","templated":true}]}}