{"id":3535395,"date":"2026-02-04T00:20:37","date_gmt":"2026-02-03T23:20:37","guid":{"rendered":"https:\/\/streetmarkets.fr\/app\/produit\/chaussettes-femme-rayures-epaisses\/"},"modified":"2026-05-16T01:17:29","modified_gmt":"2026-05-15T23:17:29","slug":"chaussettes-femme-rayures-epaisses","status":"publish","type":"product","link":"https:\/\/streetmarkets.fr\/app\/produit\/chaussettes-femme-rayures-epaisses\/","title":{"rendered":"Chaussettes Femme Rayures Epaisses"},"content":{"rendered":"<p><a href=\"https:\/\/frenchtouche.com\/collections\/escuyer\" title=\"Collection Escuyer\"><span><strong>Collection Escuyer<\/strong><\/span><\/a><\/p>\n<p>Chaussettes haut de gamme tricot\u00e9es dans un m\u00e9lange de coton doux pour un confort durable.<\/p>\n<p>Finition \u00e9lastique pour un maintien optimal.<\/p>\n<p>Fabriqu\u00e9es dans une usine familiale au Portugal.<\/p>\n<ul>\n<li>\n80 % coton<\/li>\n<li>19 % polyamide<\/li>\n<li>1 % \u00e9lasthanne<\/li>\n<li>Taille unique : 36-41\n<\/li>\n<li>Certification Global Recycled Standard (logo sur les \u00e9tiquettes)\u00a0<\/li>\n<\/ul>\n","protected":false},"excerpt":{"rendered":"<p>Collection Escuyer Chaussettes haut de gamme tricot\u00e9es dans un m\u00e9lange de coton doux pour un confort durable. Finition \u00e9lastique pour un maintien optimal. Fabriqu\u00e9es dans une usine familiale au Portugal. 80 % coton 19 % polyamide 1 % \u00e9lasthanne Taille unique : 36-41 Certification Global Recycled Standard (logo sur les \u00e9tiquettes)\u00a0<\/p>\n","protected":false},"featured_media":3535396,"comment_status":"open","ping_status":"closed","template":"","meta":[],"product_brand":[],"product_cat":[],"product_tag":[],"acf":[],"_links":{"self":[{"href":"https:\/\/streetmarkets.fr\/app\/wp-json\/wp\/v2\/product\/3535395"}],"collection":[{"href":"https:\/\/streetmarkets.fr\/app\/wp-json\/wp\/v2\/product"}],"about":[{"href":"https:\/\/streetmarkets.fr\/app\/wp-json\/wp\/v2\/types\/product"}],"replies":[{"embeddable":true,"href":"https:\/\/streetmarkets.fr\/app\/wp-json\/wp\/v2\/comments?post=3535395"}],"wp:featuredmedia":[{"embeddable":true,"href":"https:\/\/streetmarkets.fr\/app\/wp-json\/wp\/v2\/media\/3535396"}],"wp:attachment":[{"href":"https:\/\/streetmarkets.fr\/app\/wp-json\/wp\/v2\/media?parent=3535395"}],"wp:term":[{"taxonomy":"product_brand","embeddable":true,"href":"https:\/\/streetmarkets.fr\/app\/wp-json\/wp\/v2\/product_brand?post=3535395"},{"taxonomy":"product_cat","embeddable":true,"href":"https:\/\/streetmarkets.fr\/app\/wp-json\/wp\/v2\/product_cat?post=3535395"},{"taxonomy":"product_tag","embeddable":true,"href":"https:\/\/streetmarkets.fr\/app\/wp-json\/wp\/v2\/product_tag?post=3535395"}],"curies":[{"name":"wp","href":"https:\/\/api.w.org\/{rel}","templated":true}]}}