{"id":3535294,"date":"2026-02-03T02:02:41","date_gmt":"2026-02-03T01:02:41","guid":{"rendered":"https:\/\/streetmarkets.fr\/app\/produit\/yamano-3-pour-hommes-261-m-multi-color\/"},"modified":"2026-05-10T02:50:00","modified_gmt":"2026-05-10T00:50:00","slug":"yamano-3-pour-hommes-261-m-multi-color","status":"publish","type":"product","link":"https:\/\/streetmarkets.fr\/app\/produit\/yamano-3-pour-hommes-261-m-multi-color\/","title":{"rendered":"Yamano 3 pour Homme (261 \/ M \/ MULTI COLOR)"},"content":{"rendered":"<p>Les sneakers lifestyle Flower Mountain Yamano 3 sont dot\u00e9es d&#8217;une tige en nylon ripstop avec des empi\u00e8cements en daim et en tissu technique, d&#8217;une semelle int\u00e9rieure amovible en li\u00e8ge antibact\u00e9rien et d&#8217;une semelle en caoutchouc ultra-l\u00e9g\u00e8re.<\/p>\n<ul>\n<li>Taille grand : nous vous conseillons de choisir une pointure en dessous de votre pointure habituelle.\u00a0<\/li>\n<li>Mod\u00e8le : 001-2017818-014D39 <\/li>\n<li>Couleur : Gris \/ P\u00e9trole \/ Zucca<\/li>\n<\/ul>\n","protected":false},"excerpt":{"rendered":"<p>Les sneakers lifestyle Flower Mountain Yamano 3 sont dot\u00e9es d&#8217;une tige en nylon ripstop avec des empi\u00e8cements en daim et en tissu technique, d&#8217;une semelle int\u00e9rieure amovible en li\u00e8ge antibact\u00e9rien et d&#8217;une semelle en caoutchouc ultra-l\u00e9g\u00e8re. Taille grand : nous vous conseillons de choisir une pointure en dessous de votre pointure habituelle.\u00a0 Mod\u00e8le : 001-2017818-014D39 [&hellip;]<\/p>\n","protected":false},"featured_media":4111457,"comment_status":"open","ping_status":"closed","template":"","meta":[],"product_brand":[],"product_cat":[],"product_tag":[],"acf":[],"_links":{"self":[{"href":"https:\/\/streetmarkets.fr\/app\/wp-json\/wp\/v2\/product\/3535294"}],"collection":[{"href":"https:\/\/streetmarkets.fr\/app\/wp-json\/wp\/v2\/product"}],"about":[{"href":"https:\/\/streetmarkets.fr\/app\/wp-json\/wp\/v2\/types\/product"}],"replies":[{"embeddable":true,"href":"https:\/\/streetmarkets.fr\/app\/wp-json\/wp\/v2\/comments?post=3535294"}],"wp:featuredmedia":[{"embeddable":true,"href":"https:\/\/streetmarkets.fr\/app\/wp-json\/wp\/v2\/media\/4111457"}],"wp:attachment":[{"href":"https:\/\/streetmarkets.fr\/app\/wp-json\/wp\/v2\/media?parent=3535294"}],"wp:term":[{"taxonomy":"product_brand","embeddable":true,"href":"https:\/\/streetmarkets.fr\/app\/wp-json\/wp\/v2\/product_brand?post=3535294"},{"taxonomy":"product_cat","embeddable":true,"href":"https:\/\/streetmarkets.fr\/app\/wp-json\/wp\/v2\/product_cat?post=3535294"},{"taxonomy":"product_tag","embeddable":true,"href":"https:\/\/streetmarkets.fr\/app\/wp-json\/wp\/v2\/product_tag?post=3535294"}],"curies":[{"name":"wp","href":"https:\/\/api.w.org\/{rel}","templated":true}]}}