{"id":3535282,"date":"2026-02-03T02:02:40","date_gmt":"2026-02-03T01:02:40","guid":{"rendered":"https:\/\/streetmarkets.fr\/app\/produit\/yamano-3-pour-hommes-261-m-midnight\/"},"modified":"2026-05-09T02:46:29","modified_gmt":"2026-05-09T00:46:29","slug":"yamano-3-pour-hommes-261-m-midnight","status":"publish","type":"product","link":"https:\/\/streetmarkets.fr\/app\/produit\/yamano-3-pour-hommes-261-m-midnight\/","title":{"rendered":"Yamano 3 pour Homme (261 \/ M \/ MIDNIGHT)"},"content":{"rendered":"<p>Les sneakers lifestyle Flower Mountain Yamano 3 sont dot\u00e9es d&#8217;une tige en nylon ripstop avec des empi\u00e8cements en daim et en tissu technique, d&#8217;une semelle int\u00e9rieure amovible en li\u00e8ge antibact\u00e9rien et d&#8217;une semelle en caoutchouc ultra-l\u00e9g\u00e8re.<\/p>\n<ul>\n<li>Taille grand\u00a0: Nous vous conseillons de choisir une pointure en dessous de votre pointure habituelle.\u00a0<\/li>\n<li>Mod\u00e8le\u00a0: 001-2017816-013C52 <\/li>\n<li>Couleur\u00a0: Bleu marine \/ Bleu marine clair<\/li>\n<\/ul>\n","protected":false},"excerpt":{"rendered":"<p>Les sneakers lifestyle Flower Mountain Yamano 3 sont dot\u00e9es d&#8217;une tige en nylon ripstop avec des empi\u00e8cements en daim et en tissu technique, d&#8217;une semelle int\u00e9rieure amovible en li\u00e8ge antibact\u00e9rien et d&#8217;une semelle en caoutchouc ultra-l\u00e9g\u00e8re. Taille grand\u00a0: Nous vous conseillons de choisir une pointure en dessous de votre pointure habituelle.\u00a0 Mod\u00e8le\u00a0: 001-2017816-013C52 Couleur\u00a0: Bleu [&hellip;]<\/p>\n","protected":false},"featured_media":4106435,"comment_status":"open","ping_status":"closed","template":"","meta":[],"product_brand":[],"product_cat":[],"product_tag":[],"acf":[],"_links":{"self":[{"href":"https:\/\/streetmarkets.fr\/app\/wp-json\/wp\/v2\/product\/3535282"}],"collection":[{"href":"https:\/\/streetmarkets.fr\/app\/wp-json\/wp\/v2\/product"}],"about":[{"href":"https:\/\/streetmarkets.fr\/app\/wp-json\/wp\/v2\/types\/product"}],"replies":[{"embeddable":true,"href":"https:\/\/streetmarkets.fr\/app\/wp-json\/wp\/v2\/comments?post=3535282"}],"wp:featuredmedia":[{"embeddable":true,"href":"https:\/\/streetmarkets.fr\/app\/wp-json\/wp\/v2\/media\/4106435"}],"wp:attachment":[{"href":"https:\/\/streetmarkets.fr\/app\/wp-json\/wp\/v2\/media?parent=3535282"}],"wp:term":[{"taxonomy":"product_brand","embeddable":true,"href":"https:\/\/streetmarkets.fr\/app\/wp-json\/wp\/v2\/product_brand?post=3535282"},{"taxonomy":"product_cat","embeddable":true,"href":"https:\/\/streetmarkets.fr\/app\/wp-json\/wp\/v2\/product_cat?post=3535282"},{"taxonomy":"product_tag","embeddable":true,"href":"https:\/\/streetmarkets.fr\/app\/wp-json\/wp\/v2\/product_tag?post=3535282"}],"curies":[{"name":"wp","href":"https:\/\/api.w.org\/{rel}","templated":true}]}}