{"id":3535269,"date":"2026-02-03T02:02:39","date_gmt":"2026-02-03T01:02:39","guid":{"rendered":"https:\/\/streetmarkets.fr\/app\/produit\/yamano-3-pour-femmes-261-w-brown-2\/"},"modified":"2026-05-11T02:47:16","modified_gmt":"2026-05-11T00:47:16","slug":"yamano-3-pour-femmes-261-w-brown-2","status":"publish","type":"product","link":"https:\/\/streetmarkets.fr\/app\/produit\/yamano-3-pour-femmes-261-w-brown-2\/","title":{"rendered":"Yamano 3 pour Femme (261 \/ W \/ BROWN)"},"content":{"rendered":"<p>Les sneakers lifestyle Flower Mountain Yamano 3 pr\u00e9sentent une tige en nylon avec des empi\u00e8cements en daim et en tissu technique, une semelle int\u00e9rieure amovible en li\u00e8ge antibact\u00e9rien et une semelle en caoutchouc ultra-l\u00e9g\u00e8re.<\/p>\n<ul>\n<li>Taille grand\u00a0: Nous vous conseillons de choisir une pointure en dessous de votre pointure habituelle.\u00a0<\/li>\n<li>Mod\u00e8le\u00a0: 001-2017818-01 3B46 <\/li>\n<li>Couleur\u00a0: Gris \/ Blanc \/ Taupe<\/li>\n<\/ul>\n","protected":false},"excerpt":{"rendered":"<p>Les sneakers lifestyle Flower Mountain Yamano 3 pr\u00e9sentent une tige en nylon avec des empi\u00e8cements en daim et en tissu technique, une semelle int\u00e9rieure amovible en li\u00e8ge antibact\u00e9rien et une semelle en caoutchouc ultra-l\u00e9g\u00e8re. Taille grand\u00a0: Nous vous conseillons de choisir une pointure en dessous de votre pointure habituelle.\u00a0 Mod\u00e8le\u00a0: 001-2017818-01 3B46 Couleur\u00a0: Gris \/ [&hellip;]<\/p>\n","protected":false},"featured_media":4117213,"comment_status":"open","ping_status":"closed","template":"","meta":[],"product_brand":[],"product_cat":[],"product_tag":[],"acf":[],"_links":{"self":[{"href":"https:\/\/streetmarkets.fr\/app\/wp-json\/wp\/v2\/product\/3535269"}],"collection":[{"href":"https:\/\/streetmarkets.fr\/app\/wp-json\/wp\/v2\/product"}],"about":[{"href":"https:\/\/streetmarkets.fr\/app\/wp-json\/wp\/v2\/types\/product"}],"replies":[{"embeddable":true,"href":"https:\/\/streetmarkets.fr\/app\/wp-json\/wp\/v2\/comments?post=3535269"}],"wp:featuredmedia":[{"embeddable":true,"href":"https:\/\/streetmarkets.fr\/app\/wp-json\/wp\/v2\/media\/4117213"}],"wp:attachment":[{"href":"https:\/\/streetmarkets.fr\/app\/wp-json\/wp\/v2\/media?parent=3535269"}],"wp:term":[{"taxonomy":"product_brand","embeddable":true,"href":"https:\/\/streetmarkets.fr\/app\/wp-json\/wp\/v2\/product_brand?post=3535269"},{"taxonomy":"product_cat","embeddable":true,"href":"https:\/\/streetmarkets.fr\/app\/wp-json\/wp\/v2\/product_cat?post=3535269"},{"taxonomy":"product_tag","embeddable":true,"href":"https:\/\/streetmarkets.fr\/app\/wp-json\/wp\/v2\/product_tag?post=3535269"}],"curies":[{"name":"wp","href":"https:\/\/api.w.org\/{rel}","templated":true}]}}