{"id":3527217,"date":"2026-02-02T05:47:37","date_gmt":"2026-02-02T04:47:37","guid":{"rendered":"https:\/\/streetmarkets.fr\/app\/produit\/papillon-a-rayures\/"},"modified":"2026-03-16T05:47:05","modified_gmt":"2026-03-16T04:47:05","slug":"papillon-a-rayures","status":"publish","type":"product","link":"https:\/\/streetmarkets.fr\/app\/produit\/papillon-a-rayures\/","title":{"rendered":"Noeud Papillon Club"},"content":{"rendered":"<p class=\"\" data-end=\"609\" data-start=\"205\">\u00c9l\u00e9gant et raffin\u00e9, le <strong data-end=\"245\" data-start=\"228\">n\u0153ud papillon Club<\/strong> \u00e0 rayures bleu clair 100% soie de la maison <strong data-end=\"291\" data-start=\"280\">Borroni, confectionn\u00e9 sur-mesure pour Harold,<\/strong>\u00a0revisite un classique du vestiaire masculin avec subtilit\u00e9.<\/p>\n<p class=\"\" data-end=\"609\" data-start=\"205\">Ses\u00a0<strong data-end=\"386\" data-start=\"356\">rayures jaunes et blanches<\/strong> apportent une touche graphique discr\u00e8te, id\u00e9ale pour structurer une tenue sans exc\u00e8s. Pens\u00e9 pour les amateurs de <strong data-end=\"519\" data-start=\"500\">d\u00e9tails soign\u00e9s<\/strong>, il est confectionn\u00e9 dans un <strong data-end=\"569\" data-start=\"549\">tissu de qualit\u00e9<\/strong>, au tomb\u00e9 net et \u00e0 la tenue impeccable.<\/p>\n<p class=\"\" data-end=\"954\" data-start=\"611\">Avec sa <strong data-end=\"638\" data-start=\"619\">coupe classique<\/strong> et ses <strong data-end=\"668\" data-start=\"646\">finitions pr\u00e9cises<\/strong>, ce mod\u00e8le s\u2019adapte aussi bien \u00e0 une <strong data-end=\"722\" data-start=\"706\">chemise unie<\/strong> lors d\u2019une occasion formelle qu\u2019\u00e0 un <strong data-end=\"782\" data-start=\"760\">blazer d\u00e9contract\u00e9<\/strong> pour une allure plus contemporaine.\u00a0<\/p>\n","protected":false},"excerpt":{"rendered":"<p>\u00c9l\u00e9gant et raffin\u00e9, le n\u0153ud papillon Club \u00e0 rayures bleu clair 100% soie de la maison Borroni, confectionn\u00e9 sur-mesure pour Harold,\u00a0revisite un classique du vestiaire masculin avec subtilit\u00e9. Ses\u00a0rayures jaunes et blanches apportent une touche graphique discr\u00e8te, id\u00e9ale pour structurer une tenue sans exc\u00e8s. Pens\u00e9 pour les amateurs de d\u00e9tails soign\u00e9s, il est confectionn\u00e9 dans [&hellip;]<\/p>\n","protected":false},"featured_media":3527218,"comment_status":"open","ping_status":"closed","template":"","meta":[],"product_brand":[],"product_cat":[],"product_tag":[],"acf":[],"_links":{"self":[{"href":"https:\/\/streetmarkets.fr\/app\/wp-json\/wp\/v2\/product\/3527217"}],"collection":[{"href":"https:\/\/streetmarkets.fr\/app\/wp-json\/wp\/v2\/product"}],"about":[{"href":"https:\/\/streetmarkets.fr\/app\/wp-json\/wp\/v2\/types\/product"}],"replies":[{"embeddable":true,"href":"https:\/\/streetmarkets.fr\/app\/wp-json\/wp\/v2\/comments?post=3527217"}],"wp:featuredmedia":[{"embeddable":true,"href":"https:\/\/streetmarkets.fr\/app\/wp-json\/wp\/v2\/media\/3527218"}],"wp:attachment":[{"href":"https:\/\/streetmarkets.fr\/app\/wp-json\/wp\/v2\/media?parent=3527217"}],"wp:term":[{"taxonomy":"product_brand","embeddable":true,"href":"https:\/\/streetmarkets.fr\/app\/wp-json\/wp\/v2\/product_brand?post=3527217"},{"taxonomy":"product_cat","embeddable":true,"href":"https:\/\/streetmarkets.fr\/app\/wp-json\/wp\/v2\/product_cat?post=3527217"},{"taxonomy":"product_tag","embeddable":true,"href":"https:\/\/streetmarkets.fr\/app\/wp-json\/wp\/v2\/product_tag?post=3527217"}],"curies":[{"name":"wp","href":"https:\/\/api.w.org\/{rel}","templated":true}]}}