{"id":3522727,"date":"2026-02-02T01:06:50","date_gmt":"2026-02-02T00:06:50","guid":{"rendered":"https:\/\/streetmarkets.fr\/app\/produit\/nouveau-laurence-bras-robe-magritalong-cobalt\/"},"modified":"2026-05-13T02:05:28","modified_gmt":"2026-05-13T00:05:28","slug":"nouveau-laurence-bras-robe-magritalong-cobalt","status":"publish","type":"product","link":"https:\/\/streetmarkets.fr\/app\/produit\/nouveau-laurence-bras-robe-magritalong-cobalt\/","title":{"rendered":"Nouveau ! LAURENCE BRAS Robe Magritalong Cobalt"},"content":{"rendered":"<p class=\"\" data-rte-preserve-empty=\"true\">Robe longue en coton \u00e0 carreaux, boutonn\u00e9e, encolure arrondie orn\u00e9e de volants, manches longues et poignets resserr\u00e9s, emmanchure large. <\/p>\n<p class=\"\" data-rte-preserve-empty=\"true\">D\u00e9tail : 100% coton<\/p>\n","protected":false},"excerpt":{"rendered":"<p>Robe longue en coton \u00e0 carreaux, boutonn\u00e9e, encolure arrondie orn\u00e9e de volants, manches longues et poignets resserr\u00e9s, emmanchure large. D\u00e9tail : 100% coton<\/p>\n","protected":false},"featured_media":3522728,"comment_status":"open","ping_status":"closed","template":"","meta":[],"product_brand":[],"product_cat":[],"product_tag":[],"acf":[],"_links":{"self":[{"href":"https:\/\/streetmarkets.fr\/app\/wp-json\/wp\/v2\/product\/3522727"}],"collection":[{"href":"https:\/\/streetmarkets.fr\/app\/wp-json\/wp\/v2\/product"}],"about":[{"href":"https:\/\/streetmarkets.fr\/app\/wp-json\/wp\/v2\/types\/product"}],"replies":[{"embeddable":true,"href":"https:\/\/streetmarkets.fr\/app\/wp-json\/wp\/v2\/comments?post=3522727"}],"wp:featuredmedia":[{"embeddable":true,"href":"https:\/\/streetmarkets.fr\/app\/wp-json\/wp\/v2\/media\/3522728"}],"wp:attachment":[{"href":"https:\/\/streetmarkets.fr\/app\/wp-json\/wp\/v2\/media?parent=3522727"}],"wp:term":[{"taxonomy":"product_brand","embeddable":true,"href":"https:\/\/streetmarkets.fr\/app\/wp-json\/wp\/v2\/product_brand?post=3522727"},{"taxonomy":"product_cat","embeddable":true,"href":"https:\/\/streetmarkets.fr\/app\/wp-json\/wp\/v2\/product_cat?post=3522727"},{"taxonomy":"product_tag","embeddable":true,"href":"https:\/\/streetmarkets.fr\/app\/wp-json\/wp\/v2\/product_tag?post=3522727"}],"curies":[{"name":"wp","href":"https:\/\/api.w.org\/{rel}","templated":true}]}}