{"id":3521204,"date":"2026-02-02T00:21:05","date_gmt":"2026-02-01T23:21:05","guid":{"rendered":"https:\/\/streetmarkets.fr\/app\/produit\/petite-boite-a-bijoux-yvonne-velours-leopard\/"},"modified":"2026-05-02T01:18:41","modified_gmt":"2026-05-01T23:18:41","slug":"petite-boite-a-bijoux-yvonne-velours-leopard","status":"publish","type":"product","link":"https:\/\/streetmarkets.fr\/app\/produit\/petite-boite-a-bijoux-yvonne-velours-leopard\/","title":{"rendered":"Petite Bo\u00eete \u00e0 Bijoux Yvonne &#8211; Velours L\u00e9opard"},"content":{"rendered":"<h4><a href=\"https:\/\/frenchtouche.com\/collections\/maison-scarlett\" title=\"Collection Maison Scarlett\">Collection Maison Scarlett<\/a><\/h4>\n<p>Yvonne en velours l\u00e9opard est la bo\u00eete \u00e0 bijoux de voyage id\u00e9ale et deviendra sans nul doute l\u2019alli\u00e9e de toutes vos aventures ! C&#8217;est un petit format tr\u00e8s fonctionnel pour vos activit\u00e9s quotidiennes. Elle est mignonne, compacte et se glisse aussi bien dans un sac \u00e0 main que dans une valise.<\/p>\n<p>Son rev\u00eatement int\u00e9rieur en velours ultra-doux vous permettra d\u2019emporter vos bijoux favoris dans vos d\u00e9placements du quotidien tout en les prot\u00e9geant\u00a0parfaitement lorsque vous ne les portez pas.\u00a0<\/p>\n<p><span>Sublimez vos voyages avec ce petit coffret rond\u00a0aux couleurs lumineuses !<\/span><\/p>\n<p><span>Vous pourrez y ranger jusqu&#8217;\u00e0 :<\/span><\/p>\n<ul>\n<li><span>5 bagues<\/span><\/li>\n<li><span>1 paire de boucles d&#8217;oreilles<\/span><\/li>\n<li><span>1 collier<\/span><\/li>\n<li><span>1 bracelet<\/span><\/li>\n<\/ul>\n<p><span>La petite bo\u00eete \u00e0 bijoux Yvonne en d\u00e9tails :<\/span><\/p>\n<ul><\/ul>\n<ul>\n<li>Dimensions : 8 x 4 cm (D x h)<\/li>\n<li>Mat\u00e9riaux : velours ultra-doux \u00e0 l&#8217;int\u00e9rieur et \u00e0 l&#8217;ext\u00e9rieur<\/li>\n<li>Logo dor\u00e9 emboss\u00e9 \u00e0 chaud\u00a0\u00e0 l&#8217;int\u00e9rieur du couvercle<\/li>\n<li>Fermeture\u00a0\u00e9clair en acier dor\u00e9, grav\u00e9e\u00a0Maison Scarlett pour plus d&#8217;\u00e9l\u00e9gance<\/li>\n<li>Lieu de fabrication : c\u2019est en Chine (dans la province du Guangdong), dans l\u2019atelier de Journey et son mari James que Maison Scarlett a trouv\u00e9 le savoir-faire n\u00e9cessaire \u00e0 la confection de ses bo\u00eetes \u00e0 bijoux, ce qui lui permet de proposer des produits de grande qualit\u00e9 \u00e0 des prix accessibles<\/li>\n<li style=\"font-weight: bold\"><strong>Bijoux non inclus<\/strong><\/li>\n<\/ul>\n","protected":false},"excerpt":{"rendered":"<p>Collection Maison Scarlett Yvonne en velours l\u00e9opard est la bo\u00eete \u00e0 bijoux de voyage id\u00e9ale et deviendra sans nul doute l\u2019alli\u00e9e de toutes vos aventures ! C&#8217;est un petit format tr\u00e8s fonctionnel pour vos activit\u00e9s quotidiennes. Elle est mignonne, compacte et se glisse aussi bien dans un sac \u00e0 main que dans une valise. Son [&hellip;]<\/p>\n","protected":false},"featured_media":3521205,"comment_status":"open","ping_status":"closed","template":"","meta":[],"product_brand":[],"product_cat":[],"product_tag":[],"acf":[],"_links":{"self":[{"href":"https:\/\/streetmarkets.fr\/app\/wp-json\/wp\/v2\/product\/3521204"}],"collection":[{"href":"https:\/\/streetmarkets.fr\/app\/wp-json\/wp\/v2\/product"}],"about":[{"href":"https:\/\/streetmarkets.fr\/app\/wp-json\/wp\/v2\/types\/product"}],"replies":[{"embeddable":true,"href":"https:\/\/streetmarkets.fr\/app\/wp-json\/wp\/v2\/comments?post=3521204"}],"wp:featuredmedia":[{"embeddable":true,"href":"https:\/\/streetmarkets.fr\/app\/wp-json\/wp\/v2\/media\/3521205"}],"wp:attachment":[{"href":"https:\/\/streetmarkets.fr\/app\/wp-json\/wp\/v2\/media?parent=3521204"}],"wp:term":[{"taxonomy":"product_brand","embeddable":true,"href":"https:\/\/streetmarkets.fr\/app\/wp-json\/wp\/v2\/product_brand?post=3521204"},{"taxonomy":"product_cat","embeddable":true,"href":"https:\/\/streetmarkets.fr\/app\/wp-json\/wp\/v2\/product_cat?post=3521204"},{"taxonomy":"product_tag","embeddable":true,"href":"https:\/\/streetmarkets.fr\/app\/wp-json\/wp\/v2\/product_tag?post=3521204"}],"curies":[{"name":"wp","href":"https:\/\/api.w.org\/{rel}","templated":true}]}}