{"id":3521103,"date":"2026-02-01T07:40:58","date_gmt":"2026-02-01T06:40:58","guid":{"rendered":"https:\/\/streetmarkets.fr\/app\/produit\/blouse-ajmerine-pink-checks-laurence-bras\/"},"modified":"2026-05-15T08:39:53","modified_gmt":"2026-05-15T06:39:53","slug":"blouse-ajmerine-pink-checks-laurence-bras","status":"publish","type":"product","link":"https:\/\/streetmarkets.fr\/app\/produit\/blouse-ajmerine-pink-checks-laurence-bras\/","title":{"rendered":"Blouse AJMERINE PINK checks- Laurence Bras"},"content":{"rendered":"<ul>\n<li>\n <span>Blouse coupe droite et fluide en coton \u00e0 carreaux blancs et roses<\/span><br \/><span>Col claudine<\/span><br \/><span>Manches courtes bouffantes avec d\u00e9tails de poignets<\/span><br \/><span>Fermeture boutonn\u00e9e sur le devant<\/span><br \/><span>\u00a0<\/span><br \/><span>Fabriqu\u00e9e en Inde<\/span>\n<\/li>\n<\/ul>\n","protected":false},"excerpt":{"rendered":"<p>Blouse coupe droite et fluide en coton \u00e0 carreaux blancs et rosesCol claudineManches courtes bouffantes avec d\u00e9tails de poignetsFermeture boutonn\u00e9e sur le devant\u00a0Fabriqu\u00e9e en Inde<\/p>\n","protected":false},"featured_media":3521104,"comment_status":"open","ping_status":"closed","template":"","meta":[],"product_brand":[],"product_cat":[],"product_tag":[],"acf":[],"_links":{"self":[{"href":"https:\/\/streetmarkets.fr\/app\/wp-json\/wp\/v2\/product\/3521103"}],"collection":[{"href":"https:\/\/streetmarkets.fr\/app\/wp-json\/wp\/v2\/product"}],"about":[{"href":"https:\/\/streetmarkets.fr\/app\/wp-json\/wp\/v2\/types\/product"}],"replies":[{"embeddable":true,"href":"https:\/\/streetmarkets.fr\/app\/wp-json\/wp\/v2\/comments?post=3521103"}],"wp:featuredmedia":[{"embeddable":true,"href":"https:\/\/streetmarkets.fr\/app\/wp-json\/wp\/v2\/media\/3521104"}],"wp:attachment":[{"href":"https:\/\/streetmarkets.fr\/app\/wp-json\/wp\/v2\/media?parent=3521103"}],"wp:term":[{"taxonomy":"product_brand","embeddable":true,"href":"https:\/\/streetmarkets.fr\/app\/wp-json\/wp\/v2\/product_brand?post=3521103"},{"taxonomy":"product_cat","embeddable":true,"href":"https:\/\/streetmarkets.fr\/app\/wp-json\/wp\/v2\/product_cat?post=3521103"},{"taxonomy":"product_tag","embeddable":true,"href":"https:\/\/streetmarkets.fr\/app\/wp-json\/wp\/v2\/product_tag?post=3521103"}],"curies":[{"name":"wp","href":"https:\/\/api.w.org\/{rel}","templated":true}]}}