{"id":3508383,"date":"2026-01-31T01:07:29","date_gmt":"2026-01-31T00:07:29","guid":{"rendered":"https:\/\/streetmarkets.fr\/app\/produit\/nouveau-pomandere-t-shirt-lin-coton-d197-mauve\/"},"modified":"2026-05-06T02:06:02","modified_gmt":"2026-05-06T00:06:02","slug":"nouveau-pomandere-t-shirt-lin-coton-d197-mauve","status":"publish","type":"product","link":"https:\/\/streetmarkets.fr\/app\/produit\/nouveau-pomandere-t-shirt-lin-coton-d197-mauve\/","title":{"rendered":"Nouveau ! POMAND\u00c8RE T-Shirt Lin Coton D197 Mauve"},"content":{"rendered":"<p data-rte-preserve-empty=\"true\">T-shirt en lin et coton souple, coupe ample, encolure arrondie, manches courtes, \u00e9galement disponible avec un d\u00e9collet\u00e9 v. <\/p>\n<p data-rte-preserve-empty=\"true\">D\u00e9tail : 55% lin, 45% coton<\/p>\n","protected":false},"excerpt":{"rendered":"<p>T-shirt en lin et coton souple, coupe ample, encolure arrondie, manches courtes, \u00e9galement disponible avec un d\u00e9collet\u00e9 v. D\u00e9tail : 55% lin, 45% coton<\/p>\n","protected":false},"featured_media":3508384,"comment_status":"open","ping_status":"closed","template":"","meta":[],"product_brand":[],"product_cat":[],"product_tag":[],"acf":[],"_links":{"self":[{"href":"https:\/\/streetmarkets.fr\/app\/wp-json\/wp\/v2\/product\/3508383"}],"collection":[{"href":"https:\/\/streetmarkets.fr\/app\/wp-json\/wp\/v2\/product"}],"about":[{"href":"https:\/\/streetmarkets.fr\/app\/wp-json\/wp\/v2\/types\/product"}],"replies":[{"embeddable":true,"href":"https:\/\/streetmarkets.fr\/app\/wp-json\/wp\/v2\/comments?post=3508383"}],"wp:featuredmedia":[{"embeddable":true,"href":"https:\/\/streetmarkets.fr\/app\/wp-json\/wp\/v2\/media\/3508384"}],"wp:attachment":[{"href":"https:\/\/streetmarkets.fr\/app\/wp-json\/wp\/v2\/media?parent=3508383"}],"wp:term":[{"taxonomy":"product_brand","embeddable":true,"href":"https:\/\/streetmarkets.fr\/app\/wp-json\/wp\/v2\/product_brand?post=3508383"},{"taxonomy":"product_cat","embeddable":true,"href":"https:\/\/streetmarkets.fr\/app\/wp-json\/wp\/v2\/product_cat?post=3508383"},{"taxonomy":"product_tag","embeddable":true,"href":"https:\/\/streetmarkets.fr\/app\/wp-json\/wp\/v2\/product_tag?post=3508383"}],"curies":[{"name":"wp","href":"https:\/\/api.w.org\/{rel}","templated":true}]}}