{"id":3508295,"date":"2026-01-31T00:55:57","date_gmt":"2026-01-30T23:55:57","guid":{"rendered":"https:\/\/streetmarkets.fr\/app\/produit\/pull-col-rond-rayures-tricolores-s26-femme-beige-chine\/"},"modified":"2026-05-10T01:55:20","modified_gmt":"2026-05-09T23:55:20","slug":"pull-col-rond-rayures-tricolores-s26-femme-beige-chine","status":"publish","type":"product","link":"https:\/\/streetmarkets.fr\/app\/produit\/pull-col-rond-rayures-tricolores-s26-femme-beige-chine\/","title":{"rendered":"Pull Col Rond Rayures Tricolores (S26\/FEMME\/ Beige Chin\u00e9 \/ RWS)"},"content":{"rendered":"<p><span data-sheets-root=\"1\">Le pull \u00e0 rayures qui donne le ton. Confectionn\u00e9 en Laine M\u00e9rinos 2 fils, il offre une maille douce et l\u00e9g\u00e8re. Sa coupe oversize et son col V sont dynamis\u00e9s par des rayures tricolores graphiques et vives, parfaites pour un style casual chic.<\/p>\n<p>&#8211; Pull col rond pour femme<br \/>&#8211; Rayures tricolores contrast\u00e9es sur la poitrine<br \/>&#8211; Coupe oversize<br \/>&#8211; Laine M\u00e9rinos Extrafine 2 fils certifi\u00e9e RWS<br \/>&#8211; La Laine m\u00e9rinos extra fine d&#8217;Australie est respirante et thermor\u00e9gulatrice, elle peut \u00eatre port\u00e9e \u00e9t\u00e9 comme hiver.<\/span><\/p>\n","protected":false},"excerpt":{"rendered":"<p>Le pull \u00e0 rayures qui donne le ton. Confectionn\u00e9 en Laine M\u00e9rinos 2 fils, il offre une maille douce et l\u00e9g\u00e8re. Sa coupe oversize et son col V sont dynamis\u00e9s par des rayures tricolores graphiques et vives, parfaites pour un style casual chic. &#8211; Pull col rond pour femme&#8211; Rayures tricolores contrast\u00e9es sur la poitrine&#8211; [&hellip;]<\/p>\n","protected":false},"featured_media":3508296,"comment_status":"open","ping_status":"closed","template":"","meta":[],"product_brand":[6868],"product_cat":[],"product_tag":[],"acf":[],"_links":{"self":[{"href":"https:\/\/streetmarkets.fr\/app\/wp-json\/wp\/v2\/product\/3508295"}],"collection":[{"href":"https:\/\/streetmarkets.fr\/app\/wp-json\/wp\/v2\/product"}],"about":[{"href":"https:\/\/streetmarkets.fr\/app\/wp-json\/wp\/v2\/types\/product"}],"replies":[{"embeddable":true,"href":"https:\/\/streetmarkets.fr\/app\/wp-json\/wp\/v2\/comments?post=3508295"}],"wp:featuredmedia":[{"embeddable":true,"href":"https:\/\/streetmarkets.fr\/app\/wp-json\/wp\/v2\/media\/3508296"}],"wp:attachment":[{"href":"https:\/\/streetmarkets.fr\/app\/wp-json\/wp\/v2\/media?parent=3508295"}],"wp:term":[{"taxonomy":"product_brand","embeddable":true,"href":"https:\/\/streetmarkets.fr\/app\/wp-json\/wp\/v2\/product_brand?post=3508295"},{"taxonomy":"product_cat","embeddable":true,"href":"https:\/\/streetmarkets.fr\/app\/wp-json\/wp\/v2\/product_cat?post=3508295"},{"taxonomy":"product_tag","embeddable":true,"href":"https:\/\/streetmarkets.fr\/app\/wp-json\/wp\/v2\/product_tag?post=3508295"}],"curies":[{"name":"wp","href":"https:\/\/api.w.org\/{rel}","templated":true}]}}