{"id":3508285,"date":"2026-01-31T00:55:56","date_gmt":"2026-01-30T23:55:56","guid":{"rendered":"https:\/\/streetmarkets.fr\/app\/produit\/robe-courte-bretelles-plaque-metallique-ff-s26-femme-tangerine\/"},"modified":"2026-05-11T01:54:54","modified_gmt":"2026-05-10T23:54:54","slug":"robe-courte-bretelles-plaque-metallique-ff-s26-femme-tangerine","status":"publish","type":"product","link":"https:\/\/streetmarkets.fr\/app\/produit\/robe-courte-bretelles-plaque-metallique-ff-s26-femme-tangerine\/","title":{"rendered":"Robe Courte Bretelles Plaque Metallique &#8220;FF&#8221; (S26\/ FEMME\/ Tangerine)"},"content":{"rendered":"<p>Cette robe offre une coupe flatteuse et un style \u00e9pur\u00e9. Confectionn\u00e9e dans une maille c\u00f4tel\u00e9e ultra-confortable en Viscose et Nylon.<\/p>\n<p>&#8211; Robe courte \u00e0 bretelles pour femme <br \/>&#8211; Maille c\u00f4tel\u00e9e <br \/>&#8211; Plaque m\u00e9tallique double F dor\u00e9e <br \/>&#8211; Coupe slim <br \/>&#8211; Longueur courte<\/p>\n","protected":false},"excerpt":{"rendered":"<p>Cette robe offre une coupe flatteuse et un style \u00e9pur\u00e9. Confectionn\u00e9e dans une maille c\u00f4tel\u00e9e ultra-confortable en Viscose et Nylon. &#8211; Robe courte \u00e0 bretelles pour femme &#8211; Maille c\u00f4tel\u00e9e &#8211; Plaque m\u00e9tallique double F dor\u00e9e &#8211; Coupe slim &#8211; Longueur courte<\/p>\n","protected":false},"featured_media":3508286,"comment_status":"open","ping_status":"closed","template":"","meta":[],"product_brand":[6868],"product_cat":[],"product_tag":[],"acf":[],"_links":{"self":[{"href":"https:\/\/streetmarkets.fr\/app\/wp-json\/wp\/v2\/product\/3508285"}],"collection":[{"href":"https:\/\/streetmarkets.fr\/app\/wp-json\/wp\/v2\/product"}],"about":[{"href":"https:\/\/streetmarkets.fr\/app\/wp-json\/wp\/v2\/types\/product"}],"replies":[{"embeddable":true,"href":"https:\/\/streetmarkets.fr\/app\/wp-json\/wp\/v2\/comments?post=3508285"}],"wp:featuredmedia":[{"embeddable":true,"href":"https:\/\/streetmarkets.fr\/app\/wp-json\/wp\/v2\/media\/3508286"}],"wp:attachment":[{"href":"https:\/\/streetmarkets.fr\/app\/wp-json\/wp\/v2\/media?parent=3508285"}],"wp:term":[{"taxonomy":"product_brand","embeddable":true,"href":"https:\/\/streetmarkets.fr\/app\/wp-json\/wp\/v2\/product_brand?post=3508285"},{"taxonomy":"product_cat","embeddable":true,"href":"https:\/\/streetmarkets.fr\/app\/wp-json\/wp\/v2\/product_cat?post=3508285"},{"taxonomy":"product_tag","embeddable":true,"href":"https:\/\/streetmarkets.fr\/app\/wp-json\/wp\/v2\/product_tag?post=3508285"}],"curies":[{"name":"wp","href":"https:\/\/api.w.org\/{rel}","templated":true}]}}