{"id":3507259,"date":"2026-01-31T00:22:00","date_gmt":"2026-01-30T23:22:00","guid":{"rendered":"https:\/\/streetmarkets.fr\/app\/produit\/casquette-brodee-golf-creme\/"},"modified":"2026-05-04T01:27:18","modified_gmt":"2026-05-03T23:27:18","slug":"casquette-brodee-golf-creme","status":"publish","type":"product","link":"https:\/\/streetmarkets.fr\/app\/produit\/casquette-brodee-golf-creme\/","title":{"rendered":"Casquette Brod\u00e9e Golf Cr\u00e8me"},"content":{"rendered":"<p class=\"p1\"><a title=\"Collection Fine Little Day\" href=\"https:\/\/frenchtouche.com\/collections\/collection-fine-little-day\"><b>Collection Fine Little Day<\/b><\/a><\/p>\n<p class=\"\" data-end=\"556\" data-start=\"330\">Une collection de casquettes unisexes aux couleurs douces et aux broderies sportives !<\/p>\n<ul>\n<li data-end=\"701\" data-start=\"558\">100% coton biologique GOTS cultiv\u00e9 sans pesticides ni engrais de synth\u00e8se<\/li>\n<li data-end=\"701\" data-start=\"558\">Nettoyage \u00e0 l&#8217;\u00e9ponge uniquement<\/li>\n<li data-end=\"701\" data-start=\"558\">Fabriqu\u00e9e et brod\u00e9e en Chine dans une usine respectueuse des conditions de travail et de r\u00e9mun\u00e9ration<\/li>\n<\/ul>\n<p><em>Fine Little Day est un studio de design et un fabricant de textiles, d&#8217;objets de d\u00e9coration et d&#8217;accessoires d&#8217;int\u00e9rieur raffin\u00e9s. Bas\u00e9 \u00e0 G\u00f6teborg et pr\u00e9sent dans le monde entier, il d\u00e9fend une vision du design durable et artistique. Fond\u00e9 en 2007 par Elisabeth Dunker, designer et photographe, le studio, initialement un blog personnel, est devenu une marque de renomm\u00e9e internationale.<\/em><\/p>\n<p><em>Aujourd&#8217;hui, il cr\u00e9e des affiches et des d\u00e9corations murales, du linge de maison, des nappes, des objets artisanaux, des accessoires de d\u00e9coration et des coussins, tous inspir\u00e9s par un profond respect de la nature. Ce qui n&#8217;\u00e9tait au d\u00e9part que des instantan\u00e9s du quotidien et des promenades en pleine nature d&#8217;Elisabeth Dunker s&#8217;est \u00e9panoui en une riche collection de motifs, apportant chaleur et caract\u00e8re aux int\u00e9rieurs du monde entier.<\/em><\/p>\n<ul>\n<li style=\"list-style-type: none\"><span><\/span><\/li>\n<\/ul>\n","protected":false},"excerpt":{"rendered":"<p>Collection Fine Little Day Une collection de casquettes unisexes aux couleurs douces et aux broderies sportives ! 100% coton biologique GOTS cultiv\u00e9 sans pesticides ni engrais de synth\u00e8se Nettoyage \u00e0 l&#8217;\u00e9ponge uniquement Fabriqu\u00e9e et brod\u00e9e en Chine dans une usine respectueuse des conditions de travail et de r\u00e9mun\u00e9ration Fine Little Day est un studio de [&hellip;]<\/p>\n","protected":false},"featured_media":3507260,"comment_status":"open","ping_status":"closed","template":"","meta":[],"product_brand":[],"product_cat":[],"product_tag":[],"acf":[],"_links":{"self":[{"href":"https:\/\/streetmarkets.fr\/app\/wp-json\/wp\/v2\/product\/3507259"}],"collection":[{"href":"https:\/\/streetmarkets.fr\/app\/wp-json\/wp\/v2\/product"}],"about":[{"href":"https:\/\/streetmarkets.fr\/app\/wp-json\/wp\/v2\/types\/product"}],"replies":[{"embeddable":true,"href":"https:\/\/streetmarkets.fr\/app\/wp-json\/wp\/v2\/comments?post=3507259"}],"wp:featuredmedia":[{"embeddable":true,"href":"https:\/\/streetmarkets.fr\/app\/wp-json\/wp\/v2\/media\/3507260"}],"wp:attachment":[{"href":"https:\/\/streetmarkets.fr\/app\/wp-json\/wp\/v2\/media?parent=3507259"}],"wp:term":[{"taxonomy":"product_brand","embeddable":true,"href":"https:\/\/streetmarkets.fr\/app\/wp-json\/wp\/v2\/product_brand?post=3507259"},{"taxonomy":"product_cat","embeddable":true,"href":"https:\/\/streetmarkets.fr\/app\/wp-json\/wp\/v2\/product_cat?post=3507259"},{"taxonomy":"product_tag","embeddable":true,"href":"https:\/\/streetmarkets.fr\/app\/wp-json\/wp\/v2\/product_tag?post=3507259"}],"curies":[{"name":"wp","href":"https:\/\/api.w.org\/{rel}","templated":true}]}}