{"id":3507256,"date":"2026-01-31T00:22:00","date_gmt":"2026-01-30T23:22:00","guid":{"rendered":"https:\/\/streetmarkets.fr\/app\/produit\/carre-de-soie-pottok\/"},"modified":"2026-05-11T01:17:25","modified_gmt":"2026-05-10T23:17:25","slug":"carre-de-soie-pottok","status":"publish","type":"product","link":"https:\/\/streetmarkets.fr\/app\/produit\/carre-de-soie-pottok\/","title":{"rendered":"Carr\u00e9 de soie Pottok"},"content":{"rendered":"<p><span style=\"text-decoration: underline\"><strong><a title=\"Collection Soie-M\u00eame\" href=\"https:\/\/frenchtouche.com\/collections\/soie-meme\">Collection Soie-M\u00eame<\/a><\/strong><\/span><\/p>\n<p>Carr\u00e9 de soie imprim\u00e9<br \/>Environ 90 x 90 cm<\/p>\n<p><span>Illustration originale r\u00e9alis\u00e9e \u00e0 la main par la cr\u00e9atrice de la marque, puis transf\u00e9r\u00e9e num\u00e9riquement. Ce foulard est produit en petites quantit\u00e9s de mani\u00e8re \u00e9thique dans sa ville natale en Turquie.<\/span><br data-v-568ba734=\"\"><br data-v-568ba734=\"\"><span>Les bords sont roulott\u00e9s main.<\/span><\/p>\n","protected":false},"excerpt":{"rendered":"<p>Collection Soie-M\u00eame Carr\u00e9 de soie imprim\u00e9Environ 90 x 90 cm Illustration originale r\u00e9alis\u00e9e \u00e0 la main par la cr\u00e9atrice de la marque, puis transf\u00e9r\u00e9e num\u00e9riquement. Ce foulard est produit en petites quantit\u00e9s de mani\u00e8re \u00e9thique dans sa ville natale en Turquie.Les bords sont roulott\u00e9s main.<\/p>\n","protected":false},"featured_media":3507257,"comment_status":"open","ping_status":"closed","template":"","meta":[],"product_brand":[],"product_cat":[],"product_tag":[],"acf":[],"_links":{"self":[{"href":"https:\/\/streetmarkets.fr\/app\/wp-json\/wp\/v2\/product\/3507256"}],"collection":[{"href":"https:\/\/streetmarkets.fr\/app\/wp-json\/wp\/v2\/product"}],"about":[{"href":"https:\/\/streetmarkets.fr\/app\/wp-json\/wp\/v2\/types\/product"}],"replies":[{"embeddable":true,"href":"https:\/\/streetmarkets.fr\/app\/wp-json\/wp\/v2\/comments?post=3507256"}],"wp:featuredmedia":[{"embeddable":true,"href":"https:\/\/streetmarkets.fr\/app\/wp-json\/wp\/v2\/media\/3507257"}],"wp:attachment":[{"href":"https:\/\/streetmarkets.fr\/app\/wp-json\/wp\/v2\/media?parent=3507256"}],"wp:term":[{"taxonomy":"product_brand","embeddable":true,"href":"https:\/\/streetmarkets.fr\/app\/wp-json\/wp\/v2\/product_brand?post=3507256"},{"taxonomy":"product_cat","embeddable":true,"href":"https:\/\/streetmarkets.fr\/app\/wp-json\/wp\/v2\/product_cat?post=3507256"},{"taxonomy":"product_tag","embeddable":true,"href":"https:\/\/streetmarkets.fr\/app\/wp-json\/wp\/v2\/product_tag?post=3507256"}],"curies":[{"name":"wp","href":"https:\/\/api.w.org\/{rel}","templated":true}]}}