{"id":3506750,"date":"2026-01-30T02:03:52","date_gmt":"2026-01-30T01:03:52","guid":{"rendered":"https:\/\/streetmarkets.fr\/app\/produit\/chaussettes-courtes-basoli-261-w-white\/"},"modified":"2026-05-16T02:38:38","modified_gmt":"2026-05-16T00:38:38","slug":"chaussettes-courtes-basoli-261-w-white","status":"publish","type":"product","link":"https:\/\/streetmarkets.fr\/app\/produit\/chaussettes-courtes-basoli-261-w-white\/","title":{"rendered":"Chaussettes courtes Basoli (261 \/ W \/ WHITE)"},"content":{"rendered":"<p>Chaussettes courtes c\u00f4tel\u00e9es en blanc chin\u00e9, orn\u00e9es d\u2019une d\u00e9licate bordure blanche \u00e0 volants au niveau de la cheville.<\/p>\n<ul>\n<li>Longueur cheville<\/li>\n<li>Texture c\u00f4tel\u00e9e<\/li>\n<li>D\u00e9tail de volants blancs au niveau de la cheville<\/li>\n<\/ul>\n","protected":false},"excerpt":{"rendered":"<p>Chaussettes courtes c\u00f4tel\u00e9es en blanc chin\u00e9, orn\u00e9es d\u2019une d\u00e9licate bordure blanche \u00e0 volants au niveau de la cheville. Longueur cheville Texture c\u00f4tel\u00e9e D\u00e9tail de volants blancs au niveau de la cheville<\/p>\n","protected":false},"featured_media":4144586,"comment_status":"open","ping_status":"closed","template":"","meta":[],"product_brand":[2529],"product_cat":[],"product_tag":[],"acf":[],"_links":{"self":[{"href":"https:\/\/streetmarkets.fr\/app\/wp-json\/wp\/v2\/product\/3506750"}],"collection":[{"href":"https:\/\/streetmarkets.fr\/app\/wp-json\/wp\/v2\/product"}],"about":[{"href":"https:\/\/streetmarkets.fr\/app\/wp-json\/wp\/v2\/types\/product"}],"replies":[{"embeddable":true,"href":"https:\/\/streetmarkets.fr\/app\/wp-json\/wp\/v2\/comments?post=3506750"}],"wp:featuredmedia":[{"embeddable":true,"href":"https:\/\/streetmarkets.fr\/app\/wp-json\/wp\/v2\/media\/4144586"}],"wp:attachment":[{"href":"https:\/\/streetmarkets.fr\/app\/wp-json\/wp\/v2\/media?parent=3506750"}],"wp:term":[{"taxonomy":"product_brand","embeddable":true,"href":"https:\/\/streetmarkets.fr\/app\/wp-json\/wp\/v2\/product_brand?post=3506750"},{"taxonomy":"product_cat","embeddable":true,"href":"https:\/\/streetmarkets.fr\/app\/wp-json\/wp\/v2\/product_cat?post=3506750"},{"taxonomy":"product_tag","embeddable":true,"href":"https:\/\/streetmarkets.fr\/app\/wp-json\/wp\/v2\/product_tag?post=3506750"}],"curies":[{"name":"wp","href":"https:\/\/api.w.org\/{rel}","templated":true}]}}