{"id":3498969,"date":"2026-01-29T05:42:14","date_gmt":"2026-01-29T04:42:14","guid":{"rendered":"https:\/\/streetmarkets.fr\/app\/produit\/berg-ss-knit-polo\/"},"modified":"2026-03-16T05:42:47","modified_gmt":"2026-03-16T04:42:47","slug":"berg-ss-knit-polo","status":"publish","type":"product","link":"https:\/\/streetmarkets.fr\/app\/produit\/berg-ss-knit-polo\/","title":{"rendered":"Berg SS Knit Polo"},"content":{"rendered":"<p><!--td {border: 1px solid #cccccc;}br {mso-data-placement:same-cell;}--><\/p>\n<p><span data-sheets-root=\"1\" data-sheets-value=\"{&quot;1&quot;:2,&quot;2&quot;:&quot;D\u00e9couvrez le polo Berg SS Knit de SELECTED, disponible en trois couleurs \u00e9l\u00e9gantes : Bleu clair, Bleu fonc\u00e9 et Vert clair chez Harold. R\u00e9inventant nos classiques favoris avec une touche moderne, ce polo en maille de coton \u00e0 manches courtes est un incontournable de la saison.\\n\\nDot\u00e9 d'un col large et d'une patte de boutonnage 1\/4, ce polo offre un style d\u00e9contract\u00e9 et raffin\u00e9. Les poignets et l'ourlet c\u00f4tel\u00e9s ajoutent une touche de finition \u00e9l\u00e9gante \u00e0 ce v\u00eatement polyvalent.\\n\\nAvec sa coupe classique, ce polo se marie parfaitement avec un pantalon chino pour un look d\u00e9contract\u00e9 mais \u00e9l\u00e9gant. Associez-le \u00e0 une veste en denim pour un style tendance et relax en toute saison.\\n\\nAjoutez le polo Berg SS Knit de SELECTED \u00e0 votre garde-robe. Disponible d\u00e8s maintenant chez Harold \u00e0 Paris.&quot;}\" data-sheets-userformat='{\"2\":897,\"3\":{\"1\":0},\"10\":1,\"11\":4,\"12\":0}'>D\u00e9couvrez le polo <strong>Berg SS Knit<\/strong> de <strong>Selected<\/strong>, disponible en trois couleurs \u00e9l\u00e9gantes : Bleu clair, Bleu fonc\u00e9 et Vert clair chez <strong>Harold<\/strong>. R\u00e9inventant nos classiques favoris avec une touche moderne, ce <strong>polo en maille<\/strong> de coton \u00e0 <strong>manches courtes<\/strong> est un incontournable de la saison.<\/p>\n<p>Dot\u00e9 d&#8217;un<strong> col large <\/strong>et d&#8217;une patte de boutonnage 1\/4, ce polo offre un <strong>style d\u00e9contract\u00e9<\/strong> et raffin\u00e9. Les poignets et l&#8217;ourlet c\u00f4tel\u00e9s ajoutent une touche de finition <strong>\u00e9l\u00e9gante <\/strong>\u00e0 ce v\u00eatement polyvalent.<\/p>\n<p>Avec sa <strong>coupe classique<\/strong>, ce polo se marie parfaitement avec un pantalon chino pour un look <strong>d\u00e9contract\u00e9 <\/strong>mais \u00e9l\u00e9gant. Associez-le \u00e0 une veste en denim pour un style tendance et relax en toute saison.<\/p>\n<p>Ajoutez le <strong>polo Berg SS Knit <\/strong>de <strong>Selected <\/strong>\u00e0 votre garde-robe. Disponible d\u00e8s maintenant chez <strong>Harold <\/strong>\u00e0 Paris.<\/span><\/p>\n","protected":false},"excerpt":{"rendered":"<p>D\u00e9couvrez le polo Berg SS Knit de Selected, disponible en trois couleurs \u00e9l\u00e9gantes : Bleu clair, Bleu fonc\u00e9 et Vert clair chez Harold. R\u00e9inventant nos classiques favoris avec une touche moderne, ce polo en maille de coton \u00e0 manches courtes est un incontournable de la saison. Dot\u00e9 d&#8217;un col large et d&#8217;une patte de boutonnage [&hellip;]<\/p>\n","protected":false},"featured_media":3498970,"comment_status":"open","ping_status":"closed","template":"","meta":[],"product_brand":[],"product_cat":[],"product_tag":[],"acf":[],"_links":{"self":[{"href":"https:\/\/streetmarkets.fr\/app\/wp-json\/wp\/v2\/product\/3498969"}],"collection":[{"href":"https:\/\/streetmarkets.fr\/app\/wp-json\/wp\/v2\/product"}],"about":[{"href":"https:\/\/streetmarkets.fr\/app\/wp-json\/wp\/v2\/types\/product"}],"replies":[{"embeddable":true,"href":"https:\/\/streetmarkets.fr\/app\/wp-json\/wp\/v2\/comments?post=3498969"}],"wp:featuredmedia":[{"embeddable":true,"href":"https:\/\/streetmarkets.fr\/app\/wp-json\/wp\/v2\/media\/3498970"}],"wp:attachment":[{"href":"https:\/\/streetmarkets.fr\/app\/wp-json\/wp\/v2\/media?parent=3498969"}],"wp:term":[{"taxonomy":"product_brand","embeddable":true,"href":"https:\/\/streetmarkets.fr\/app\/wp-json\/wp\/v2\/product_brand?post=3498969"},{"taxonomy":"product_cat","embeddable":true,"href":"https:\/\/streetmarkets.fr\/app\/wp-json\/wp\/v2\/product_cat?post=3498969"},{"taxonomy":"product_tag","embeddable":true,"href":"https:\/\/streetmarkets.fr\/app\/wp-json\/wp\/v2\/product_tag?post=3498969"}],"curies":[{"name":"wp","href":"https:\/\/api.w.org\/{rel}","templated":true}]}}