{"id":3492743,"date":"2026-01-29T00:43:58","date_gmt":"2026-01-28T23:43:58","guid":{"rendered":"https:\/\/streetmarkets.fr\/app\/produit\/celine-sunglasses\/"},"modified":"2026-05-09T02:02:41","modified_gmt":"2026-05-09T00:02:41","slug":"celine-sunglasses","status":"publish","type":"product","link":"https:\/\/streetmarkets.fr\/app\/produit\/celine-sunglasses\/","title":{"rendered":"C\u00e9line Sunglasses"},"content":{"rendered":"<p>C\u00e9line sunglasses, from the 70s. They are orange and red, and on the branch there is the old C\u00e9line logo.<\/p>\n<p>VINTAGE CONDITION: <\/p>\n<p>Good condition<\/p>\n<p>MATERIALS: <\/p>\n<p>resin<\/p>\n<p>COLOR: <\/p>\n<p>orange and red<\/p>\n<p>SIZE: <\/p>\n<p>14 cm<\/p>\n<p>PACKAGING: <\/p>\n<p>Original packaging not available<\/p>\n<p>SHIPPING &amp; RETURN POLICY: <\/p>\n<p>Packages are generally dispatched within 2 days after receipt of payment and are shipped worldwide via Colissimo with tracking information.<\/p>\n<p>Please see our Shipping &amp; Returns Terms for important details regarding shipment options and fees.<br \/>\n&nbsp;<\/p>\n<p><\/p>\n","protected":false},"excerpt":{"rendered":"<p>C\u00e9line sunglasses, from the 70s. They are orange and red, and on the branch there is the old C\u00e9line logo. VINTAGE CONDITION: Good condition MATERIALS: resin COLOR: orange and red SIZE: 14 cm PACKAGING: Original packaging not available SHIPPING &amp; RETURN POLICY: Packages are generally dispatched within 2 days after receipt of payment and are [&hellip;]<\/p>\n","protected":false},"featured_media":3492744,"comment_status":"open","ping_status":"closed","template":"","meta":[],"product_brand":[],"product_cat":[],"product_tag":[],"acf":[],"_links":{"self":[{"href":"https:\/\/streetmarkets.fr\/app\/wp-json\/wp\/v2\/product\/3492743"}],"collection":[{"href":"https:\/\/streetmarkets.fr\/app\/wp-json\/wp\/v2\/product"}],"about":[{"href":"https:\/\/streetmarkets.fr\/app\/wp-json\/wp\/v2\/types\/product"}],"replies":[{"embeddable":true,"href":"https:\/\/streetmarkets.fr\/app\/wp-json\/wp\/v2\/comments?post=3492743"}],"wp:featuredmedia":[{"embeddable":true,"href":"https:\/\/streetmarkets.fr\/app\/wp-json\/wp\/v2\/media\/3492744"}],"wp:attachment":[{"href":"https:\/\/streetmarkets.fr\/app\/wp-json\/wp\/v2\/media?parent=3492743"}],"wp:term":[{"taxonomy":"product_brand","embeddable":true,"href":"https:\/\/streetmarkets.fr\/app\/wp-json\/wp\/v2\/product_brand?post=3492743"},{"taxonomy":"product_cat","embeddable":true,"href":"https:\/\/streetmarkets.fr\/app\/wp-json\/wp\/v2\/product_cat?post=3492743"},{"taxonomy":"product_tag","embeddable":true,"href":"https:\/\/streetmarkets.fr\/app\/wp-json\/wp\/v2\/product_tag?post=3492743"}],"curies":[{"name":"wp","href":"https:\/\/api.w.org\/{rel}","templated":true}]}}