{"id":3491895,"date":"2026-01-28T04:59:28","date_gmt":"2026-01-28T03:59:28","guid":{"rendered":"https:\/\/streetmarkets.fr\/app\/produit\/yves-saint-laurent-pink-elegant-blazer-dress\/"},"modified":"2026-04-22T05:48:56","modified_gmt":"2026-04-22T03:48:56","slug":"yves-saint-laurent-pink-elegant-blazer-dress","status":"publish","type":"product","link":"https:\/\/streetmarkets.fr\/app\/produit\/yves-saint-laurent-pink-elegant-blazer-dress\/","title":{"rendered":"YVES SAINT LAURENT &#8211; Pink Elegant Blazer Dress"},"content":{"rendered":"<p>Brand: YVES SAINT LAURENT<\/p>\n<p>Pink elegant blazer dress<\/p>\n<p>Double breasted&nbsp;<\/p>\n<p>Made in France<\/p>\n<p>Materials: Rayon, Silk<\/p>\n<p>&nbsp;<\/p>\n<p>Size 40\/ Large<\/p>\n<p>Shoulders: 20.5 inches<\/p>\n<p>Bust: 40 inches<\/p>\n<p>Waist: 32 inches<\/p>\n<p>Hips: 40 inches<\/p>\n<p>Length: 39 inches<\/p>\n<p>&nbsp;<\/p>\n<p>Condition:&nbsp;Good<\/p>\n<p>Slight defect on the armpits<\/p>\n<p>CONDITION GUIDE: <\/p>\n<p>CONDITION GUIDE<\/p>\n<p>English<\/p>\n<p>Pristine<\/p>\n<p>Item is in perfect condition with no signs of wear. Often includes original tags, packaging, and documentation.<\/p>\n<p>\nExcellent<\/p>\n<p>Very minimal signs of wear, often only noticeable upon close inspection. No significant scratches, stains, or damage.<\/p>\n<p>\nVery Good<\/p>\n<p>Light wear that is noticeable but not significant. Minor scratches, small marks, or slight fading may be present.<\/p>\n<p>\nGood<\/p>\n<p>Visible signs of wear such as scratches, stains, or minor damage. Still functional and aesthetically pleasing.<\/p>\n<p>Fair<\/p>\n<p>Noticeable and significant signs of wear. Functional, but with obvious defects or damage that may require repair.<\/p>\n<p>Fran\u00e7ais<\/p>\n<p>En parfait \u00e9tat<\/p>\n<p>L&#8217;article est en parfait \u00e9tat et ne pr\u00e9sente aucun signe d&#8217;usure. Il comprend souvent les \u00e9tiquettes, l&#8217;emballage et la documentation d&#8217;origine.<\/p>\n<p>\nExcellent<\/p>\n<p>Signes d&#8217;usure tr\u00e8s minimes, souvent perceptibles uniquement lors d&#8217;un examen approfondi. Pas de rayures, de taches ou de dommages importants.<\/p>\n<p>\nTr\u00e8s bon<\/p>\n<p>L\u00e9g\u00e8re usure perceptible mais non significative. Des rayures mineures, de petites marques ou une l\u00e9g\u00e8re d\u00e9coloration peuvent \u00eatre pr\u00e9sentes.<\/p>\n<p>\nBon<\/p>\n<p>Signes d&#8217;usure visibles tels que des rayures, des taches ou des dommages mineurs. Encore fonctionnel et esth\u00e9tiquement plaisant.<\/p>\n<p>Moyen<\/p>\n<p>Signes d&#8217;usure visibles et importants. Fonctionnel, mais avec des d\u00e9fauts ou des dommages \u00e9vidents qui peuvent n\u00e9cessiter des r\u00e9parations.<\/p>\n<p><\/p>\n","protected":false},"excerpt":{"rendered":"<p>Brand: YVES SAINT LAURENT Pink elegant blazer dress Double breasted&nbsp; Made in France Materials: Rayon, Silk &nbsp; Size 40\/ Large Shoulders: 20.5 inches Bust: 40 inches Waist: 32 inches Hips: 40 inches Length: 39 inches &nbsp; Condition:&nbsp;Good Slight defect on the armpits CONDITION GUIDE: CONDITION GUIDE English Pristine Item is in perfect condition with no [&hellip;]<\/p>\n","protected":false},"featured_media":3491896,"comment_status":"open","ping_status":"closed","template":"","meta":[],"product_brand":[],"product_cat":[],"product_tag":[],"acf":[],"_links":{"self":[{"href":"https:\/\/streetmarkets.fr\/app\/wp-json\/wp\/v2\/product\/3491895"}],"collection":[{"href":"https:\/\/streetmarkets.fr\/app\/wp-json\/wp\/v2\/product"}],"about":[{"href":"https:\/\/streetmarkets.fr\/app\/wp-json\/wp\/v2\/types\/product"}],"replies":[{"embeddable":true,"href":"https:\/\/streetmarkets.fr\/app\/wp-json\/wp\/v2\/comments?post=3491895"}],"wp:featuredmedia":[{"embeddable":true,"href":"https:\/\/streetmarkets.fr\/app\/wp-json\/wp\/v2\/media\/3491896"}],"wp:attachment":[{"href":"https:\/\/streetmarkets.fr\/app\/wp-json\/wp\/v2\/media?parent=3491895"}],"wp:term":[{"taxonomy":"product_brand","embeddable":true,"href":"https:\/\/streetmarkets.fr\/app\/wp-json\/wp\/v2\/product_brand?post=3491895"},{"taxonomy":"product_cat","embeddable":true,"href":"https:\/\/streetmarkets.fr\/app\/wp-json\/wp\/v2\/product_cat?post=3491895"},{"taxonomy":"product_tag","embeddable":true,"href":"https:\/\/streetmarkets.fr\/app\/wp-json\/wp\/v2\/product_tag?post=3491895"}],"curies":[{"name":"wp","href":"https:\/\/api.w.org\/{rel}","templated":true}]}}