{"id":3491606,"date":"2026-01-28T04:59:02","date_gmt":"2026-01-28T03:59:02","guid":{"rendered":"https:\/\/streetmarkets.fr\/app\/produit\/dolce-gabbana-blue-and-green-denim-jacket\/"},"modified":"2026-04-22T05:48:37","modified_gmt":"2026-04-22T03:48:37","slug":"dolce-gabbana-blue-and-green-denim-jacket","status":"publish","type":"product","link":"https:\/\/streetmarkets.fr\/app\/produit\/dolce-gabbana-blue-and-green-denim-jacket\/","title":{"rendered":"DOLCE &amp; GABBANA &#8211; Blue and Green Denim Jacket"},"content":{"rendered":"<p>Brand: DOLCE &amp; GABBANA<\/p>\n<p>Blue and green Denim jacket<\/p>\n<p>100 % Cotton<\/p>\n<p>&nbsp;<\/p>\n<p>Size L<\/p>\n<p>Shoulders : 20 inches<\/p>\n<p>Bust: 40 inches<\/p>\n<p>Waist: 38 inches<\/p>\n<p>Hips: 38 inches<\/p>\n<p>Length: 24.5<\/p>\n<p>&nbsp;<\/p>\n<p>Condition: Excellent<\/p>\n<p>&nbsp;<\/p>\n<p>&nbsp;<\/p>\n<p>CONDITION GUIDE: <\/p>\n<p><u>CONDITION GUIDE<\/u><\/p>\n<p><em><strong>English<\/strong><\/em><\/p>\n<p><strong>Pristine<\/strong><\/p>\n<p>Item is in perfect condition with no signs of wear. Often includes original tags, packaging, and documentation.<\/p>\n<p>&nbsp;<\/p>\n<p><strong>Excellent<\/strong><\/p>\n<p>Very minimal signs of wear, often only noticeable upon close inspection. No significant scratches, stains, or damage.<\/p>\n<p>&nbsp;<\/p>\n<p><strong>Very Good<\/strong><\/p>\n<p>Light wear that is noticeable but not significant. Minor scratches, small marks, or slight fading may be present.<\/p>\n<p>&nbsp;<\/p>\n<p><strong>Good<\/strong><\/p>\n<p>Visible signs of wear such as scratches, stains, or minor damage. Still functional and aesthetically pleasing.<\/p>\n<p><strong>Fair<\/strong>&nbsp;Noticeable and significant signs of wear. Functional, but with obvious defects or damage that may require repair.&nbsp;&nbsp;<\/p>\n<p><strong><em>Fran\u00e7ais<\/em><\/strong><\/p>\n<p><strong>En parfait \u00e9tat<\/strong><br \/>\nL&#8217;article est en parfait \u00e9tat et ne pr\u00e9sente aucun signe d&#8217;usure. Il comprend souvent les \u00e9tiquettes, l&#8217;emballage et la documentation d&#8217;origine.<\/p>\n<p><strong>Excellent<\/strong><br \/>\nSignes d&#8217;usure tr\u00e8s minimes, souvent perceptibles uniquement lors d&#8217;un examen approfondi. Pas de rayures, de taches ou de dommages importants.<\/p>\n<p><strong>Tr\u00e8s bon<\/strong><br \/>\nL\u00e9g\u00e8re usure perceptible mais non significative. Des rayures mineures, de petites marques ou une l\u00e9g\u00e8re d\u00e9coloration peuvent \u00eatre pr\u00e9sentes.<\/p>\n<p><strong>Bon<\/strong><br \/>\nSignes d&#8217;usure visibles tels que des rayures, des taches ou des dommages mineurs. Encore fonctionnel et esth\u00e9tiquement plaisant.<\/p>\n<p><strong>Moyen<\/strong><br \/>\nSignes d&#8217;usure visibles et importants. Fonctionnel, mais avec des d\u00e9fauts ou des dommages \u00e9vidents qui peuvent n\u00e9cessiter des r\u00e9parations.<\/p>\n<p><\/p>\n","protected":false},"excerpt":{"rendered":"<p>Brand: DOLCE &amp; GABBANA Blue and green Denim jacket 100 % Cotton &nbsp; Size L Shoulders : 20 inches Bust: 40 inches Waist: 38 inches Hips: 38 inches Length: 24.5 &nbsp; Condition: Excellent &nbsp; &nbsp; CONDITION GUIDE: CONDITION GUIDE English Pristine Item is in perfect condition with no signs of wear. Often includes original tags, [&hellip;]<\/p>\n","protected":false},"featured_media":3491607,"comment_status":"open","ping_status":"closed","template":"","meta":[],"product_brand":[],"product_cat":[],"product_tag":[],"acf":[],"_links":{"self":[{"href":"https:\/\/streetmarkets.fr\/app\/wp-json\/wp\/v2\/product\/3491606"}],"collection":[{"href":"https:\/\/streetmarkets.fr\/app\/wp-json\/wp\/v2\/product"}],"about":[{"href":"https:\/\/streetmarkets.fr\/app\/wp-json\/wp\/v2\/types\/product"}],"replies":[{"embeddable":true,"href":"https:\/\/streetmarkets.fr\/app\/wp-json\/wp\/v2\/comments?post=3491606"}],"wp:featuredmedia":[{"embeddable":true,"href":"https:\/\/streetmarkets.fr\/app\/wp-json\/wp\/v2\/media\/3491607"}],"wp:attachment":[{"href":"https:\/\/streetmarkets.fr\/app\/wp-json\/wp\/v2\/media?parent=3491606"}],"wp:term":[{"taxonomy":"product_brand","embeddable":true,"href":"https:\/\/streetmarkets.fr\/app\/wp-json\/wp\/v2\/product_brand?post=3491606"},{"taxonomy":"product_cat","embeddable":true,"href":"https:\/\/streetmarkets.fr\/app\/wp-json\/wp\/v2\/product_cat?post=3491606"},{"taxonomy":"product_tag","embeddable":true,"href":"https:\/\/streetmarkets.fr\/app\/wp-json\/wp\/v2\/product_tag?post=3491606"}],"curies":[{"name":"wp","href":"https:\/\/api.w.org\/{rel}","templated":true}]}}