{"id":3491387,"date":"2026-01-28T04:58:23","date_gmt":"2026-01-28T03:58:23","guid":{"rendered":"https:\/\/streetmarkets.fr\/app\/produit\/jean-paul-gaultier-mid-length-black-dress\/"},"modified":"2026-04-22T05:48:22","modified_gmt":"2026-04-22T03:48:22","slug":"jean-paul-gaultier-mid-length-black-dress","status":"publish","type":"product","link":"https:\/\/streetmarkets.fr\/app\/produit\/jean-paul-gaultier-mid-length-black-dress\/","title":{"rendered":"JEAN PAUL GAULTIER &#8211; Mid-length Black Dress"},"content":{"rendered":"<p>Brand: JEAN PAUL GAULTIER<\/p>\n<p>Jersey black dress&nbsp;<\/p>\n<p>&nbsp;<\/p>\n<p>Shoulders: 19 inch&nbsp;<\/p>\n<p>Bust: 38 inch<\/p>\n<p>Waist: 44 inch<\/p>\n<p>Hips: 48 inch<\/p>\n<p>Length: 40 inch&nbsp;<\/p>\n<p>&nbsp;<\/p>\n<p>Condition: Excellent<\/p>\n<p>&nbsp;<\/p>\n<p>CONDITION GUIDE: <\/p>\n<ul>\n<li><u>CONDITION GUIDE<\/u>\n<ul>\n<li>\n<p><strong>Pristine<\/strong><\/p>\n<p>Item is in perfect condition with no signs of wear. Often includes original tags, packaging, and documentation.<\/p>\n<p>\n\t\t<strong>Excellent<\/strong><\/p>\n<p>Very minimal signs of wear, often only noticeable upon close inspection. No significant scratches, stains, or damage.<\/p>\n<p>\n\t\t<strong>Very Good<\/strong><\/p>\n<p>Light wear that is noticeable but not significant. Minor scratches, small marks, or slight fading may be present.<\/p>\n<p>\n\t\t<strong>Good<\/strong><\/p>\n<p>Visible signs of wear such as scratches, stains, or minor damage. Still functional and aesthetically pleasing.<\/p>\n<p><strong>Fair<\/strong>&nbsp;Noticeable and significant signs of wear. Functional, but with obvious defects or damage that may require repair.&nbsp;&nbsp;<\/p>\n<p><strong><em>Fran\u00e7ais<\/em><\/strong><\/p>\n<p><strong>En parfait \u00e9tat<\/strong><br \/>\n\t\tL&#8217;article est en parfait \u00e9tat et ne pr\u00e9sente aucun signe d&#8217;usure. Il comprend souvent les \u00e9tiquettes, l&#8217;emballage et la documentation d&#8217;origine.<\/p>\n<p>\t\t<strong>Excellent<\/strong><br \/>\n\t\tSignes d&#8217;usure tr\u00e8s minimes, souvent perceptibles uniquement lors d&#8217;un examen approfondi. Pas de rayures, de taches ou de dommages importants.<\/p>\n<p>\t\t<strong>Tr\u00e8s bon<\/strong><br \/>\n\t\tL\u00e9g\u00e8re usure perceptible mais non significative. Des rayures mineures, de petites marques ou une l\u00e9g\u00e8re d\u00e9coloration peuvent \u00eatre pr\u00e9sentes.<\/p>\n<p>\t\t<strong>Bon<\/strong><br \/>\n\t\tSignes d&#8217;usure visibles tels que des rayures, des taches ou des dommages mineurs. Encore fonctionnel et esth\u00e9tiquement plaisant.<\/p>\n<p>\t\t<strong>Moyen<\/strong><br \/>\n\t\tSignes d&#8217;usure visibles et importants. Fonctionnel, mais avec des d\u00e9fauts ou des dommages \u00e9vidents qui peuvent n\u00e9cessiter des r\u00e9parations.<\/p>\n<\/li>\n<\/ul>\n<\/li>\n<\/ul>\n<p><\/p>\n","protected":false},"excerpt":{"rendered":"<p>Brand: JEAN PAUL GAULTIER Jersey black dress&nbsp; &nbsp; Shoulders: 19 inch&nbsp; Bust: 38 inch Waist: 44 inch Hips: 48 inch Length: 40 inch&nbsp; &nbsp; Condition: Excellent &nbsp; CONDITION GUIDE: CONDITION GUIDE Pristine Item is in perfect condition with no signs of wear. Often includes original tags, packaging, and documentation. Excellent Very minimal signs of wear, [&hellip;]<\/p>\n","protected":false},"featured_media":3491388,"comment_status":"open","ping_status":"closed","template":"","meta":[],"product_brand":[],"product_cat":[],"product_tag":[],"acf":[],"_links":{"self":[{"href":"https:\/\/streetmarkets.fr\/app\/wp-json\/wp\/v2\/product\/3491387"}],"collection":[{"href":"https:\/\/streetmarkets.fr\/app\/wp-json\/wp\/v2\/product"}],"about":[{"href":"https:\/\/streetmarkets.fr\/app\/wp-json\/wp\/v2\/types\/product"}],"replies":[{"embeddable":true,"href":"https:\/\/streetmarkets.fr\/app\/wp-json\/wp\/v2\/comments?post=3491387"}],"wp:featuredmedia":[{"embeddable":true,"href":"https:\/\/streetmarkets.fr\/app\/wp-json\/wp\/v2\/media\/3491388"}],"wp:attachment":[{"href":"https:\/\/streetmarkets.fr\/app\/wp-json\/wp\/v2\/media?parent=3491387"}],"wp:term":[{"taxonomy":"product_brand","embeddable":true,"href":"https:\/\/streetmarkets.fr\/app\/wp-json\/wp\/v2\/product_brand?post=3491387"},{"taxonomy":"product_cat","embeddable":true,"href":"https:\/\/streetmarkets.fr\/app\/wp-json\/wp\/v2\/product_cat?post=3491387"},{"taxonomy":"product_tag","embeddable":true,"href":"https:\/\/streetmarkets.fr\/app\/wp-json\/wp\/v2\/product_tag?post=3491387"}],"curies":[{"name":"wp","href":"https:\/\/api.w.org\/{rel}","templated":true}]}}