{"id":3483557,"date":"2026-01-27T07:41:17","date_gmt":"2026-01-27T06:41:17","guid":{"rendered":"https:\/\/streetmarkets.fr\/app\/produit\/veste-en-renard-et-cachemire-ref-26103-ivory-ct-plage\/"},"modified":"2026-05-05T08:39:45","modified_gmt":"2026-05-05T06:39:45","slug":"veste-en-renard-et-cachemire-ref-26103-ivory-ct-plage","status":"publish","type":"product","link":"https:\/\/streetmarkets.fr\/app\/produit\/veste-en-renard-et-cachemire-ref-26103-ivory-ct-plage\/","title":{"rendered":"Veste en renard et cachemire ref 26103 ivory &#8211; CT Plage"},"content":{"rendered":"<p>Veste avec col en renard et cachemire coloris ivory fait parti de la capsule 26<\/p>\n<p>2 poches plaqu\u00e9es<\/p>\n<p>Nouvelle mati\u00e8re l\u00e9ger et chaud obtenue par le brossage des poils de renard m\u00e9lang\u00e9s au cachemire.\u00a0<\/p>\n<p>\u00a0<\/p>\n","protected":false},"excerpt":{"rendered":"<p>Veste avec col en renard et cachemire coloris ivory fait parti de la capsule 26 2 poches plaqu\u00e9es Nouvelle mati\u00e8re l\u00e9ger et chaud obtenue par le brossage des poils de renard m\u00e9lang\u00e9s au cachemire.\u00a0 \u00a0<\/p>\n","protected":false},"featured_media":3483558,"comment_status":"open","ping_status":"closed","template":"","meta":[],"product_brand":[],"product_cat":[],"product_tag":[],"acf":[],"_links":{"self":[{"href":"https:\/\/streetmarkets.fr\/app\/wp-json\/wp\/v2\/product\/3483557"}],"collection":[{"href":"https:\/\/streetmarkets.fr\/app\/wp-json\/wp\/v2\/product"}],"about":[{"href":"https:\/\/streetmarkets.fr\/app\/wp-json\/wp\/v2\/types\/product"}],"replies":[{"embeddable":true,"href":"https:\/\/streetmarkets.fr\/app\/wp-json\/wp\/v2\/comments?post=3483557"}],"wp:featuredmedia":[{"embeddable":true,"href":"https:\/\/streetmarkets.fr\/app\/wp-json\/wp\/v2\/media\/3483558"}],"wp:attachment":[{"href":"https:\/\/streetmarkets.fr\/app\/wp-json\/wp\/v2\/media?parent=3483557"}],"wp:term":[{"taxonomy":"product_brand","embeddable":true,"href":"https:\/\/streetmarkets.fr\/app\/wp-json\/wp\/v2\/product_brand?post=3483557"},{"taxonomy":"product_cat","embeddable":true,"href":"https:\/\/streetmarkets.fr\/app\/wp-json\/wp\/v2\/product_cat?post=3483557"},{"taxonomy":"product_tag","embeddable":true,"href":"https:\/\/streetmarkets.fr\/app\/wp-json\/wp\/v2\/product_tag?post=3483557"}],"curies":[{"name":"wp","href":"https:\/\/api.w.org\/{rel}","templated":true}]}}