{"id":3483465,"date":"2026-01-27T02:01:56","date_gmt":"2026-01-27T01:01:56","guid":{"rendered":"https:\/\/streetmarkets.fr\/app\/produit\/pantalon-large-vespa-261-w-stripe-a\/"},"modified":"2026-05-09T02:46:29","modified_gmt":"2026-05-09T00:46:29","slug":"pantalon-large-vespa-261-w-stripe-a","status":"publish","type":"product","link":"https:\/\/streetmarkets.fr\/app\/produit\/pantalon-large-vespa-261-w-stripe-a\/","title":{"rendered":"Pantalon large Vespa (261 \/ W \/ STRIPE A)"},"content":{"rendered":"<p>Pantalon \u00e0 jambes larges avec taille \u00e9lastiqu\u00e9e et poches passepoil\u00e9es, en tissu bleu marine \u00e0 fines rayures verticales.<\/p>\n<ul>\n<li>Coupe d\u00e9contract\u00e9e <\/li>\n<li>Taille mi-haute<\/li>\n<li>Taille \u00e9lastique<\/li>\n<li>Jambes larges<\/li>\n<li>Poches passepoil\u00e9es <\/li>\n<li>Longueur entrejambe : 78 cm (bas\u00e9 sur une taille 26)<\/li>\n<li>La longueur de l&#8217;entrejambe s&#8217;ajuste l\u00e9g\u00e8rement en fonction de la taille s\u00e9lectionn\u00e9e afin d&#8217;assurer une coupe proportionn\u00e9e.<\/li>\n<li>Ensemble assorti avec la blouse \u00e0 manches courtes Pear<\/li>\n<\/ul>\n","protected":false},"excerpt":{"rendered":"<p>Pantalon \u00e0 jambes larges avec taille \u00e9lastiqu\u00e9e et poches passepoil\u00e9es, en tissu bleu marine \u00e0 fines rayures verticales. Coupe d\u00e9contract\u00e9e Taille mi-haute Taille \u00e9lastique Jambes larges Poches passepoil\u00e9es Longueur entrejambe : 78 cm (bas\u00e9 sur une taille 26) La longueur de l&#8217;entrejambe s&#8217;ajuste l\u00e9g\u00e8rement en fonction de la taille s\u00e9lectionn\u00e9e afin d&#8217;assurer une coupe proportionn\u00e9e. [&hellip;]<\/p>\n","protected":false},"featured_media":4106304,"comment_status":"open","ping_status":"closed","template":"","meta":[],"product_brand":[2529],"product_cat":[],"product_tag":[],"acf":[],"_links":{"self":[{"href":"https:\/\/streetmarkets.fr\/app\/wp-json\/wp\/v2\/product\/3483465"}],"collection":[{"href":"https:\/\/streetmarkets.fr\/app\/wp-json\/wp\/v2\/product"}],"about":[{"href":"https:\/\/streetmarkets.fr\/app\/wp-json\/wp\/v2\/types\/product"}],"replies":[{"embeddable":true,"href":"https:\/\/streetmarkets.fr\/app\/wp-json\/wp\/v2\/comments?post=3483465"}],"wp:featuredmedia":[{"embeddable":true,"href":"https:\/\/streetmarkets.fr\/app\/wp-json\/wp\/v2\/media\/4106304"}],"wp:attachment":[{"href":"https:\/\/streetmarkets.fr\/app\/wp-json\/wp\/v2\/media?parent=3483465"}],"wp:term":[{"taxonomy":"product_brand","embeddable":true,"href":"https:\/\/streetmarkets.fr\/app\/wp-json\/wp\/v2\/product_brand?post=3483465"},{"taxonomy":"product_cat","embeddable":true,"href":"https:\/\/streetmarkets.fr\/app\/wp-json\/wp\/v2\/product_cat?post=3483465"},{"taxonomy":"product_tag","embeddable":true,"href":"https:\/\/streetmarkets.fr\/app\/wp-json\/wp\/v2\/product_tag?post=3483465"}],"curies":[{"name":"wp","href":"https:\/\/api.w.org\/{rel}","templated":true}]}}