{"id":3477066,"date":"2026-01-26T02:34:05","date_gmt":"2026-01-26T01:34:05","guid":{"rendered":"https:\/\/streetmarkets.fr\/app\/produit\/thierry-mugler-fantasia\/"},"modified":"2026-05-11T03:33:55","modified_gmt":"2026-05-11T01:33:55","slug":"thierry-mugler-fantasia","status":"publish","type":"product","link":"https:\/\/streetmarkets.fr\/app\/produit\/thierry-mugler-fantasia\/","title":{"rendered":"THIERRY MUGLER &#8211; FANTASIA"},"content":{"rendered":"<p>D\u00e9couvrez l&#8217;essence du design fran\u00e7ais avec ces lunettes de soleil vintage Thierry Mugler Fantasia. Fabriqu\u00e9es en France, cette paire incarne l&#8217;audace des ann\u00e9es 90 avec sa monture structur\u00e9e en ac\u00e9tate noir et ses lignes signature caract\u00e9ristiques de la maison Mugler. Un accessoire intemporel qui affirme votre style avec \u00e9l\u00e9gance et sophistication. Parfait pour les amateurs de mode vintage et de cr\u00e9ateurs iconiques.<\/p>\n<div id=\"accordion\">\n<div class=\"card\" style=\"border-top: 1px solid #d3d3d3;border-left: none;border-right: none;border-bottom: 1px solid #d3d3d3\">\n<button style=\"color: black;background-color: initial;box-shadow: none;font-size: 20px;text-transform: uppercase;border: none\" class=\"card-header collapsed card-link\" data-toggle=\"collapse\" data-target=\"#collapseOne\"> <b class=\"header-title float-left\" style=\"font-family: Oswald;font-size: 15px;font-style: normal;font-variant: normal;font-weight: 400;line-height: 18.2px;text-align: justify;color: #766456;letter-spacing: 1px\"> Description d\u00e9taill\u00e9e <\/b> <i class=\"fas fa-angle-right float-right\" style=\"position: absolute;right: 10px;color: #766456\"><\/i> <\/button><\/p>\n<div id=\"collapseOne\" class=\"collapse\">\n<div class=\"card-body\" style=\"margin-top: -10px\">\n<p style=\"margin-bottom: -3px;font-size: 15px\"><b><br \/>Marque: <\/b> Thierry Mugler<\/p>\n<p style=\"margin-bottom: -3px;font-size: 15px\"><b>Ann\u00e9e :\u00a0<\/b>1990<\/p>\n<p style=\"margin-bottom: -3px;font-size: 15px\"><b>Forme : <\/b>Masque <br \/><b>Couleur :<\/b> Noir<\/p>\n<p style=\"margin-bottom: -3px;font-size: 15px\"><b>Mat\u00e9riaux :<\/b> Ac\u00e9tate\u00a0<\/p>\n<p style=\"margin-bottom: -3px;font-size: 15px\"><b>Verres :<\/b> Bleus miroir\u00a0<\/p>\n<p style=\"margin-bottom: -15px;font-size: 15px\"><b>Fabrication : <\/b> France<\/p>\n<p><\/p>\n<p style=\"margin-bottom: -5px;font-size: 15px\"><b>Etat : <\/b> Neuf, jamais port\u00e9<\/p>\n<p><\/p>\n<p style=\"margin-bottom: -5px;font-style: italic;font-size: 15px\">Toutes nos lunettes passent entre les mains de nos opticiens, qui r\u00e9habilitent et ajustent les montures pour un confort optimal.<\/p>\n<\/div>\n<\/div>\n<\/div>\n<div class=\"card\" style=\"border: none;border-bottom: 1px solid #d3d3d3\">\n<button style=\"color: black;background-color: initial;box-shadow: none;font-size: 20px;text-transform: uppercase;border: none\" class=\"card-header collapsed card-link\" data-toggle=\"collapse\" data-target=\"#collapseTwo\"> <b class=\"header-title float-left\" style=\"font-family: Oswald;font-size: 15px;font-style: normal;font-variant: normal;font-weight: 400;line-height: 18.2px;text-align: justify;color: #766456;letter-spacing: 1px\"> Cr\u00e9ateur <\/b> <i class=\"fas fa-angle-right float-right\" style=\"position: absolute;right: 10px;color: #766456\"><\/i> <\/button><\/p>\n<div id=\"collapseTwo\" class=\"collapse\">\n<div class=\"card-body\" style=\"margin-top: -10px\">\n<p><span>Pour retranscrire ce qu\u2019il aimait, le cr\u00e9ateur \u00e0 adopter un look \u00e0 la fois sensuel et moderniste. Ses lunettes sont pens\u00e9es pour des femmes de caract\u00e8re, les mod\u00e8les sont travaill\u00e9s, parfois plus simples mais toujours avec le d\u00e9tail \u00e0 la Thierry Mugler. Une \u00e9toile, un \u00e9clair, ou encore des courbes l\u00e9gendaires.\u00a0<\/span><\/p>\n<\/div>\n<\/div>\n<\/div>\n<div class=\"card\" style=\"border: none;border-bottom: 1px solid #d3d3d3\">\n<div class=\"card\" style=\"border: none;border-bottom: 1px solid #d3d3d3\">\n<button style=\"color: black;background-color: initial;box-shadow: none;font-size: 20px;text-transform: uppercase;border: none\" class=\"card-header collapsed card-link\" data-toggle=\"collapse\" data-target=\"#collapseThree\"> <b class=\"header-title float-left\" style=\"font-family: Oswald;font-size: 15px;font-style: normal;font-variant: normal;font-weight: 400;line-height: 18.2px;text-align: justify;color: #766456;letter-spacing: 1px\"> Guide des tailles<\/b> <i class=\"fas fa-angle-right float-right\" style=\"position: absolute;right: 10px;color: #766456\"><\/i> <\/button><\/p>\n<div id=\"collapseThree\" class=\"collapse\">\n<div class=\"card-body\" style=\"margin-top: -10px\">\n<img decoding=\"async\" src=\"https:\/\/cdn.shopify.com\/s\/files\/1\/0602\/6009\/0089\/files\/mesuresLunettesPapillonsPNG.png?v=1636987570\" border=\"0\"> <\/p>\n<p style=\"font-size: 15px;margin-bottom: -5px\"><b>A <\/b> &#8211; Face : 145 mm <br \/><b>B <\/b> &#8211; Pont\/Nez : 20 mm <br \/><b>C <\/b> &#8211; Calibre : 34 mm\u00a0<\/p>\n<\/div>\n<\/div>\n<\/div>\n<div class=\"card\" style=\"border: none;border-bottom: 1px solid #d3d3d3\">\n<button style=\"color: black;background-color: initial;box-shadow: none;font-size: 20px;text-transform: uppercase;border: none\" class=\"card-header collapsed card-link\" data-toggle=\"collapse\" data-target=\"#collapseFour\"> <b class=\"header-title float-left\" style=\"font-family: Oswald;font-size: 15px;font-style: normal;font-variant: normal;font-weight: 400;line-height: 18.2px;text-align: justify;color: #766456;letter-spacing: 1px\"> <br \/>Entretien <\/b> <i class=\"fas fa-angle-right float-right\" style=\"position: absolute;right: 10px;color: #766456\"><\/i> <\/button><\/p>\n<div id=\"collapseFour\" class=\"collapse\">\n<div class=\"card-body\" style=\"margin-top: -10px\">\n<p>&#8211; Nettoyez vos lunettes avec de l&#8217;eau froide (jamais chaude) et du savon liquide non gras puis essuyez-les avec une microfibre pour ne pas ab\u00eemer les verres.<\/p>\n<p><a data-encoded-attr-charset=\"VVRGLTg=\" data-encoded-tag-value=\"\" data-encoded-tag-name=\"meta\"><\/a><span>&#8211; Rangez vos lunettes dans leur \u00e9tui et ne les posez jamais sur les verres afin de les garder intactes.<\/span><\/p>\n<p>&#8211; Ne laissez jamais vos lunettes pr\u00e8s d&#8217;une source de chaleur, cela risquerait de les d\u00e9former.<\/p>\n<\/div>\n<\/div>\n<\/div>\n<\/div>\n<p style=\"font-style: italic;font-size: 15px;margin-top: 10px\">Chaque paire est livr\u00e9e dans sa boite \u00e0 lunettes Seconde Vue\u00a0<\/p>\n<\/div>\n","protected":false},"excerpt":{"rendered":"<p>D\u00e9couvrez l&#8217;essence du design fran\u00e7ais avec ces lunettes de soleil vintage Thierry Mugler Fantasia. Fabriqu\u00e9es en France, cette paire incarne l&#8217;audace des ann\u00e9es 90 avec sa monture structur\u00e9e en ac\u00e9tate noir et ses lignes signature caract\u00e9ristiques de la maison Mugler. Un accessoire intemporel qui affirme votre style avec \u00e9l\u00e9gance et sophistication. Parfait pour les amateurs [&hellip;]<\/p>\n","protected":false},"featured_media":3477067,"comment_status":"open","ping_status":"closed","template":"","meta":[],"product_brand":[],"product_cat":[],"product_tag":[],"acf":[],"_links":{"self":[{"href":"https:\/\/streetmarkets.fr\/app\/wp-json\/wp\/v2\/product\/3477066"}],"collection":[{"href":"https:\/\/streetmarkets.fr\/app\/wp-json\/wp\/v2\/product"}],"about":[{"href":"https:\/\/streetmarkets.fr\/app\/wp-json\/wp\/v2\/types\/product"}],"replies":[{"embeddable":true,"href":"https:\/\/streetmarkets.fr\/app\/wp-json\/wp\/v2\/comments?post=3477066"}],"wp:featuredmedia":[{"embeddable":true,"href":"https:\/\/streetmarkets.fr\/app\/wp-json\/wp\/v2\/media\/3477067"}],"wp:attachment":[{"href":"https:\/\/streetmarkets.fr\/app\/wp-json\/wp\/v2\/media?parent=3477066"}],"wp:term":[{"taxonomy":"product_brand","embeddable":true,"href":"https:\/\/streetmarkets.fr\/app\/wp-json\/wp\/v2\/product_brand?post=3477066"},{"taxonomy":"product_cat","embeddable":true,"href":"https:\/\/streetmarkets.fr\/app\/wp-json\/wp\/v2\/product_cat?post=3477066"},{"taxonomy":"product_tag","embeddable":true,"href":"https:\/\/streetmarkets.fr\/app\/wp-json\/wp\/v2\/product_tag?post=3477066"}],"curies":[{"name":"wp","href":"https:\/\/api.w.org\/{rel}","templated":true}]}}